{"id":1002,"date":"2016-09-23T09:24:00","date_gmt":"2016-09-23T08:24:00","guid":{"rendered":"http:\/\/sylvie-edeline.com\/?page_id=1002"},"modified":"2016-09-23T09:24:00","modified_gmt":"2016-09-23T08:24:00","slug":"verrues-tenaces","status":"publish","type":"page","link":"https:\/\/sylvie-edeline.com\/index.php\/verrues-tenaces\/","title":{"rendered":"Verrues Tenaces"},"content":{"rendered":"<p>Message laiss\u00e9 dans le livret de la salle d&rsquo;attente 10.2015<\/p>\n<p>&nbsp;<\/p>\n<p>Merci beaucoup Sylvie pour m&rsquo;avoir retir\u00e9 mes verrues et pour beaucoup d&rsquo;autres choses.<\/p>\n<p>Une profonde admiration dans ton travail , ton \u00e9coute et ton efficacit\u00e9.<\/p>\n<p>Amicalement<\/p>\n<p>Christine<\/p>\n","protected":false},"excerpt":{"rendered":"<p>Message laiss\u00e9 dans le livret de la salle d&rsquo;attente 10.2015 &nbsp; Merci beaucoup Sylvie pour m&rsquo;avoir retir\u00e9 mes verrues et pour beaucoup d&rsquo;autres choses. Une profonde admiration dans ton travail , ton \u00e9coute et ton efficacit\u00e9. Amicalement Christine<\/p>\n","protected":false},"author":1,"featured_media":0,"parent":0,"menu_order":0,"comment_status":"closed","ping_status":"closed","template":"","meta":[],"_links":{"self":[{"href":"https:\/\/sylvie-edeline.com\/index.php\/wp-json\/wp\/v2\/pages\/1002"}],"collection":[{"href":"https:\/\/sylvie-edeline.com\/index.php\/wp-json\/wp\/v2\/pages"}],"about":[{"href":"https:\/\/sylvie-edeline.com\/index.php\/wp-json\/wp\/v2\/types\/page"}],"author":[{"embeddable":true,"href":"https:\/\/sylvie-edeline.com\/index.php\/wp-json\/wp\/v2\/users\/1"}],"replies":[{"embeddable":true,"href":"https:\/\/sylvie-edeline.com\/index.php\/wp-json\/wp\/v2\/comments?post=1002"}],"version-history":[{"count":1,"href":"https:\/\/sylvie-edeline.com\/index.php\/wp-json\/wp\/v2\/pages\/1002\/revisions"}],"predecessor-version":[{"id":1003,"href":"https:\/\/sylvie-edeline.com\/index.php\/wp-json\/wp\/v2\/pages\/1002\/revisions\/1003"}],"wp:attachment":[{"href":"https:\/\/sylvie-edeline.com\/index.php\/wp-json\/wp\/v2\/media?parent=1002"}],"curies":[{"name":"wp","href":"https:\/\/api.w.org\/{rel}","templated":true}]}}