{"id":1004,"date":"2016-09-23T09:30:52","date_gmt":"2016-09-23T08:30:52","guid":{"rendered":"http:\/\/sylvie-edeline.com\/?page_id=1004"},"modified":"2016-09-23T09:34:51","modified_gmt":"2016-09-23T08:34:51","slug":"stress-et-souci-conjugal","status":"publish","type":"page","link":"https:\/\/sylvie-edeline.com\/index.php\/stress-et-souci-conjugal\/","title":{"rendered":"Stress et Souci Conjugal"},"content":{"rendered":"<p>Mail re\u00e7u le 31.05.2016<\/p>\n<p>Bonjour Sylvie,<br \/>\nJe sais que vous ne souhaitez pas trop que l&rsquo;on vous fasse un retour par mail. Mais j&rsquo;aime \u00e9crire&#8230; Plus que parler par t\u00e9l\u00e9phone. Le poids des mots et de l&rsquo;\u00e9criture sont le moyen le plus vrai pour moi de communiquer.<br \/>\nJe suis venue jeudi dernier avec mon mari.<br \/>\nJe tenais absolument a vous envoyer ce message pour vous remercier.<\/p>\n<p>En toute honn\u00eatet\u00e9, je ne sais pas si le magn\u00e9tisme a agi sur moi et ce n&rsquo;est pas cela que je veux souligner. Mais vous avez \u00e9t\u00e9 une si belle rencontre pour moi. J&rsquo;ai toujours pens\u00e9 que dans la vie tout est une question de rencontre&#8230; Vous avez \u00e9t\u00e9 mise sur mon chemin, et cela me ravie. Nous \u00e9tions si l\u00e9gers apr\u00e8s \u00eatre sortis du rendez vous. Votre sensibilit\u00e9 m&rsquo;a touch\u00e9,m&rsquo;a \u00e9mu&#8230;<br \/>\nJe ne vous ai vu que 30min et j&rsquo;ai vu une si belle \u00e2me. Merci pour vos mots habilles afin de gu\u00e9rir nos maux.<br \/>\nJe me sens encore si mal de l&rsquo;\u00e9preuve que l&rsquo;on vit et je me raccroche aux belles paroles bienveillantes que vous avez eu pour nous.<br \/>\nNous sommes un couple que tout le monde a toujours trouv\u00e9 si beau si sinc\u00e8re si unique&#8230; Je l&rsquo;ai vu aussi dans vos yeux alors que vous ne nous connaissez pas. Cela fait un bien fou de voir qu&rsquo;une parfaite inconnue arrive a sentir l&rsquo;amour fort qu&rsquo;il y a entre nous.<br \/>\nJ&rsquo;aimerai tellement que mon cerveau fasse erase de tout cela&#8230; Qu&rsquo;il me laisse en paix de toutes ces pens\u00e9es n\u00e9gatives qui me hantent mais malheureusement ce qui est fait est fait. Et m\u00eame si je vais toujours de l&rsquo;avant et que l&rsquo;on s&rsquo;aime avec mon mari, j&rsquo;ai le sentiment de vivre ma vie comme une lutte.<br \/>\nInfiniment merci je pense que nos vies se recroiseront si le mal \u00eatre m&#8217;emporte je serai faire appel a votre bienveillance.<br \/>\nJ&rsquo;esp\u00e8re ne pas vous avoir d\u00e9rang\u00e9 avec ce mail. Mais mon Coeur me disait de le faire et en g\u00e9n\u00e9ral je fais toujours ce que mon Coeur me dicte&#8230;<br \/>\nBelle soir\u00e9e \u00e0 vous<\/p>\n<p>M.M&#8230;<\/p>\n","protected":false},"excerpt":{"rendered":"<p>Mail re\u00e7u le 31.05.2016 Bonjour Sylvie, Je sais que vous ne souhaitez pas trop que l&rsquo;on vous fasse un retour par mail. Mais j&rsquo;aime \u00e9crire&#8230; Plus que parler par t\u00e9l\u00e9phone. Le poids des mots et de l&rsquo;\u00e9criture sont le moyen le plus vrai pour moi de communiquer. Je suis venue jeudi dernier avec mon mari. [&hellip;]<\/p>\n","protected":false},"author":1,"featured_media":0,"parent":0,"menu_order":0,"comment_status":"closed","ping_status":"closed","template":"","meta":[],"_links":{"self":[{"href":"https:\/\/sylvie-edeline.com\/index.php\/wp-json\/wp\/v2\/pages\/1004"}],"collection":[{"href":"https:\/\/sylvie-edeline.com\/index.php\/wp-json\/wp\/v2\/pages"}],"about":[{"href":"https:\/\/sylvie-edeline.com\/index.php\/wp-json\/wp\/v2\/types\/page"}],"author":[{"embeddable":true,"href":"https:\/\/sylvie-edeline.com\/index.php\/wp-json\/wp\/v2\/users\/1"}],"replies":[{"embeddable":true,"href":"https:\/\/sylvie-edeline.com\/index.php\/wp-json\/wp\/v2\/comments?post=1004"}],"version-history":[{"count":2,"href":"https:\/\/sylvie-edeline.com\/index.php\/wp-json\/wp\/v2\/pages\/1004\/revisions"}],"predecessor-version":[{"id":1006,"href":"https:\/\/sylvie-edeline.com\/index.php\/wp-json\/wp\/v2\/pages\/1004\/revisions\/1006"}],"wp:attachment":[{"href":"https:\/\/sylvie-edeline.com\/index.php\/wp-json\/wp\/v2\/media?parent=1004"}],"curies":[{"name":"wp","href":"https:\/\/api.w.org\/{rel}","templated":true}]}}