{"id":1007,"date":"2016-09-23T09:47:53","date_gmt":"2016-09-23T08:47:53","guid":{"rendered":"http:\/\/sylvie-edeline.com\/?page_id=1007"},"modified":"2016-09-23T09:47:53","modified_gmt":"2016-09-23T08:47:53","slug":"myasthenie-et-vertiges","status":"publish","type":"page","link":"https:\/\/sylvie-edeline.com\/index.php\/myasthenie-et-vertiges\/","title":{"rendered":"Myasth\u00e9nie et Vertiges"},"content":{"rendered":"<p>Mail re\u00e7u en 05.2016<\/p>\n<p>Je \u00a0m appelle Laurence, depuis plus de 2ans, j&rsquo;avais de tr\u00e8s gros vertiges qu&rsquo;aucun m\u00e9decin ne comprenait et ne prenait m\u00eame pas la peine de chercher pourquoi j&rsquo;avais \u00e7a.<\/p>\n<p>Je suis donc venue voir Sylvie Edeline et d\u00e8s la 1\u00e8re s\u00e9ance, elle a \u00e9cout\u00e9 ce que je lui disais ce que je ressentais. J&rsquo;ai \u00e9t\u00e9 de suite en confiance. Puis est venu le moment de la s\u00e9ance et la de suite,\u00a0je me suis sentie d\u00e9tendue et calme.<\/p>\n<p>Quel bonheur. La s\u00e9ance finie, je suis rencontr\u00e9e chez moi et d\u00e8s le lendemain les vertiges avaient diminu\u00e9s et 3jours apr\u00e8s plus rien.<\/p>\n<p>Enfin je revivais. Je conseille \u00e0 beaucoup d&rsquo;amis d aller voir ma magn\u00e9tiseuse qui pour moi me soigne bien mieux que les m\u00e9decins, moralement et physiquement.<\/p>\n<p>J&rsquo;y vais r\u00e9guli\u00e8rement d\u00e8s que je sens que je ,ne suis pas bien\u00a0 et depuis je suis beaucoup beaucoup mieux<\/p>\n<p>Un tr\u00e8s grand merci \u00e0 Sylvie<\/p>\n<p>Laurence<\/p>\n","protected":false},"excerpt":{"rendered":"<p>Mail re\u00e7u en 05.2016 Je \u00a0m appelle Laurence, depuis plus de 2ans, j&rsquo;avais de tr\u00e8s gros vertiges qu&rsquo;aucun m\u00e9decin ne comprenait et ne prenait m\u00eame pas la peine de chercher pourquoi j&rsquo;avais \u00e7a. Je suis donc venue voir Sylvie Edeline et d\u00e8s la 1\u00e8re s\u00e9ance, elle a \u00e9cout\u00e9 ce que je lui disais ce que [&hellip;]<\/p>\n","protected":false},"author":1,"featured_media":0,"parent":0,"menu_order":0,"comment_status":"closed","ping_status":"closed","template":"","meta":[],"_links":{"self":[{"href":"https:\/\/sylvie-edeline.com\/index.php\/wp-json\/wp\/v2\/pages\/1007"}],"collection":[{"href":"https:\/\/sylvie-edeline.com\/index.php\/wp-json\/wp\/v2\/pages"}],"about":[{"href":"https:\/\/sylvie-edeline.com\/index.php\/wp-json\/wp\/v2\/types\/page"}],"author":[{"embeddable":true,"href":"https:\/\/sylvie-edeline.com\/index.php\/wp-json\/wp\/v2\/users\/1"}],"replies":[{"embeddable":true,"href":"https:\/\/sylvie-edeline.com\/index.php\/wp-json\/wp\/v2\/comments?post=1007"}],"version-history":[{"count":1,"href":"https:\/\/sylvie-edeline.com\/index.php\/wp-json\/wp\/v2\/pages\/1007\/revisions"}],"predecessor-version":[{"id":1008,"href":"https:\/\/sylvie-edeline.com\/index.php\/wp-json\/wp\/v2\/pages\/1007\/revisions\/1008"}],"wp:attachment":[{"href":"https:\/\/sylvie-edeline.com\/index.php\/wp-json\/wp\/v2\/media?parent=1007"}],"curies":[{"name":"wp","href":"https:\/\/api.w.org\/{rel}","templated":true}]}}