{"id":102,"date":"2016-09-09T10:41:14","date_gmt":"2016-09-09T09:41:14","guid":{"rendered":"http:\/\/sylvie-edeline.com\/?page_id=102"},"modified":"2020-01-23T11:48:04","modified_gmt":"2020-01-23T10:48:04","slug":"ressenti","status":"publish","type":"page","link":"https:\/\/sylvie-edeline.com\/index.php\/ressenti\/","title":{"rendered":"Ressentis"},"content":{"rendered":"<p><span style=\"color: #000000;\"><strong>Perception de mon magn\u00e9tisme, selon les patients<\/strong><\/span><\/p>\n<ul>\n<li><span style=\"color: #000000;\"><strong>Flux, sensation de vague passant dans le corps du cr\u00e2ne aux pieds<\/strong><\/span><\/li>\n<li><span style=\"color: #000000;\"><strong>Impression de flotter, de voler, d&rsquo;\u00eatre all\u00e9g\u00e9<\/strong><\/span><\/li>\n<li><span style=\"color: #000000;\"><strong>Sentiment d&rsquo;\u00eatre dans du coton<\/strong><\/span><\/li>\n<li><span style=\"color: #000000;\"><strong>Sensation de s&rsquo;enfoncer dans la table tellement la personne se sent d\u00e9tendue<\/strong><\/span><\/li>\n<li><span style=\"color: #000000;\"><strong>Sensation de bien \u00eatre<\/strong><\/span><\/li>\n<li><span style=\"color: #000000;\"><strong>Sensation de l\u00e2cher prise<\/strong><\/span><\/li>\n<li><span style=\"color: #000000;\"><b>Sensation de l\u00e9gers\u00a0picotements<\/b><\/span><\/li>\n<li><span style=\"color: #000000;\"><b>Sensation de lumi\u00e8re apaisante se repartissant dans la zone <span style=\"color: #000000;\">travaill\u00e9e ou dans tout le corps<\/span><\/b><\/span><\/li>\n<li><span style=\"color: #000000;\"><strong>Ressenti\u00a0 des mouvements de mes mains lors du passage au dessus du corps alors que la personne \u00e0 les yeux ferm\u00e9s et que je ne la touche pas<\/strong><\/span><\/li>\n<li><span style=\"color: #000000;\"><strong>Ressenti de l&rsquo;\u00e9nergie passant comme un courant agr\u00e9able\u00a0 \u00e0 travers le corps, des pieds que je magn\u00e9tise, vers la t\u00eate ou inversement.<\/strong><\/span><\/li>\n<\/ul>\n<ul>\n<li><span style=\"color: #000000;\"><strong>Chaleur d\u00e9gag\u00e9e :<\/strong><\/span>\n<ul>\n<li><span style=\"color: #000000;\"><b><em>Durant la s\u00e9ance<\/em>, les gens ressentent le plus souvent une chaleur intense envoy\u00e9e\u00a0 par mes mains, plus rarement une simple <\/b><b>fra\u00eecheur<\/b><b>. Toujours agr\u00e9able.<\/b><\/span><\/li>\n<li><span style=\"color: #000000;\"><strong><em>En fin de s\u00e9ance<\/em>, c&rsquo;est une forte impression de frais ou courant d&rsquo;air frais jusque dans l&rsquo;int\u00e9rieur du corps, souvent m\u00eame des pieds \u00e0 la t\u00eate. Ce n&rsquo;est jamais d\u00e9rangeant.<\/strong><\/span><\/li>\n<li><span style=\"color: #000000;\"><strong>A savoir : mes mains d\u00e9gagent les temp\u00e9ratures n\u00e9cessaires aux besoins du patient. Et aussi impressionnant que ce soit, je ne dirige rien \u00e0 ce niveau l\u00e0.<\/strong><\/span><\/li>\n<\/ul>\n<\/li>\n<\/ul>\n","protected":false},"excerpt":{"rendered":"<p>Perception de mon magn\u00e9tisme, selon les patients Flux, sensation de vague passant dans le corps du cr\u00e2ne aux pieds Impression de flotter, de voler, d&rsquo;\u00eatre all\u00e9g\u00e9 Sentiment d&rsquo;\u00eatre dans du coton Sensation de s&rsquo;enfoncer dans la table tellement la personne se sent d\u00e9tendue Sensation de bien \u00eatre Sensation de l\u00e2cher prise Sensation de l\u00e9gers\u00a0picotements Sensation [&hellip;]<\/p>\n","protected":false},"author":1,"featured_media":0,"parent":0,"menu_order":0,"comment_status":"closed","ping_status":"closed","template":"","meta":[],"_links":{"self":[{"href":"https:\/\/sylvie-edeline.com\/index.php\/wp-json\/wp\/v2\/pages\/102"}],"collection":[{"href":"https:\/\/sylvie-edeline.com\/index.php\/wp-json\/wp\/v2\/pages"}],"about":[{"href":"https:\/\/sylvie-edeline.com\/index.php\/wp-json\/wp\/v2\/types\/page"}],"author":[{"embeddable":true,"href":"https:\/\/sylvie-edeline.com\/index.php\/wp-json\/wp\/v2\/users\/1"}],"replies":[{"embeddable":true,"href":"https:\/\/sylvie-edeline.com\/index.php\/wp-json\/wp\/v2\/comments?post=102"}],"version-history":[{"count":21,"href":"https:\/\/sylvie-edeline.com\/index.php\/wp-json\/wp\/v2\/pages\/102\/revisions"}],"predecessor-version":[{"id":1845,"href":"https:\/\/sylvie-edeline.com\/index.php\/wp-json\/wp\/v2\/pages\/102\/revisions\/1845"}],"wp:attachment":[{"href":"https:\/\/sylvie-edeline.com\/index.php\/wp-json\/wp\/v2\/media?parent=102"}],"curies":[{"name":"wp","href":"https:\/\/api.w.org\/{rel}","templated":true}]}}