{"id":105,"date":"2016-09-09T10:41:33","date_gmt":"2016-09-09T09:41:33","guid":{"rendered":"http:\/\/sylvie-edeline.com\/?page_id=105"},"modified":"2020-01-06T19:06:18","modified_gmt":"2020-01-06T18:06:18","slug":"possibilites-dintervention","status":"publish","type":"page","link":"https:\/\/sylvie-edeline.com\/index.php\/possibilites-dintervention\/","title":{"rendered":"Possibilit\u00e9s d&rsquo;intervention"},"content":{"rendered":"<p style=\"text-align: center;\"><strong><span style=\"color: #008000;\">A mon cabinet de\u00a0<\/span><\/strong><strong><span style=\"color: #008000;\">St Denis en Val\u00a0<\/span><\/strong><\/p>\n<p style=\"text-align: center;\">Toujours sur Rendez-vous<\/p>\n<p style=\"text-align: center;\"><strong><span style=\"color: #008000;\">A votre domicile <\/span><\/strong><\/p>\n<p style=\"text-align: center;\"><span style=\"color: #000000;\">(selon un rayon kilom\u00e9trique d\u00e9termin\u00e9)<\/span><\/p>\n<p style=\"text-align: center;\"><strong><span style=\"color: #008000;\">A distance s<\/span><\/strong><strong><span style=\"color: #008000;\">ur photo : <\/span><\/strong><\/p>\n<p style=\"text-align: center;\"><span style=\"color: #000000;\">Il faudra m&rsquo;envoyer une photo prise de face, seul de pr\u00e9f\u00e9rence ou qui pourra \u00eatre d\u00e9coup\u00e9e. Merci d\u2019y porter \u00a0votre nom, date, lieu de naissance, pr\u00e9nom, nom marital et adresse actuelle.<\/span><\/p>\n<p style=\"text-align: center;\"><strong><span style=\"color: #008000;\">Par t\u00e9l\u00e9phone\u00a0:<\/span><\/strong><\/p>\n<p style=\"text-align: center;\"><span style=\"color: #000000;\">Lors du rendez-vous t\u00e9l\u00e9phonique \u00a0de 1\/4 \u00e0 3\/4 d&rsquo;heure, (je vous appelle de fixe a fixe sur France m\u00e9tropolitaine) je travaillerai sur vous et \u00e0 distance.<\/span><\/p>\n<p style=\"text-align: center;\"><span style=\"color: #000000;\">Cet\u00a0 arr\u00eat d\u2019activit\u00e9 est pr\u00e9f\u00e9rable si vous deviez effectuer un effort important, afin d&rsquo;obtenir un r\u00e9sultat maximal.<\/span><\/p>\n<p style=\"text-align: center;\"><strong><span style=\"color: #008000;\">COURTOISIES\u00a0:<\/span><\/strong><\/p>\n<p style=\"text-align: center;\"><span style=\"color: #008000;\">Si vous ne pouvez vous rendre au rdv convenu, merci de me pr\u00e9venir assez rapidement.<\/span><\/p>\n<p><span style=\"color: #008000;\"><strong>\u00a0<\/strong><\/span><\/p>\n","protected":false},"excerpt":{"rendered":"<p>A mon cabinet de\u00a0St Denis en Val\u00a0 Toujours sur Rendez-vous A votre domicile (selon un rayon kilom\u00e9trique d\u00e9termin\u00e9) A distance sur photo : Il faudra m&rsquo;envoyer une photo prise de face, seul de pr\u00e9f\u00e9rence ou qui pourra \u00eatre d\u00e9coup\u00e9e. Merci d\u2019y porter \u00a0votre nom, date, lieu de naissance, pr\u00e9nom, nom marital et adresse actuelle. Par [&hellip;]<\/p>\n","protected":false},"author":1,"featured_media":0,"parent":0,"menu_order":0,"comment_status":"closed","ping_status":"closed","template":"","meta":[],"_links":{"self":[{"href":"https:\/\/sylvie-edeline.com\/index.php\/wp-json\/wp\/v2\/pages\/105"}],"collection":[{"href":"https:\/\/sylvie-edeline.com\/index.php\/wp-json\/wp\/v2\/pages"}],"about":[{"href":"https:\/\/sylvie-edeline.com\/index.php\/wp-json\/wp\/v2\/types\/page"}],"author":[{"embeddable":true,"href":"https:\/\/sylvie-edeline.com\/index.php\/wp-json\/wp\/v2\/users\/1"}],"replies":[{"embeddable":true,"href":"https:\/\/sylvie-edeline.com\/index.php\/wp-json\/wp\/v2\/comments?post=105"}],"version-history":[{"count":18,"href":"https:\/\/sylvie-edeline.com\/index.php\/wp-json\/wp\/v2\/pages\/105\/revisions"}],"predecessor-version":[{"id":1829,"href":"https:\/\/sylvie-edeline.com\/index.php\/wp-json\/wp\/v2\/pages\/105\/revisions\/1829"}],"wp:attachment":[{"href":"https:\/\/sylvie-edeline.com\/index.php\/wp-json\/wp\/v2\/media?parent=105"}],"curies":[{"name":"wp","href":"https:\/\/api.w.org\/{rel}","templated":true}]}}