{"id":1067,"date":"2016-11-25T10:58:21","date_gmt":"2016-11-25T09:58:21","guid":{"rendered":"http:\/\/sylvie-edeline.com\/?page_id=1067"},"modified":"2018-08-22T15:55:54","modified_gmt":"2018-08-22T14:55:54","slug":"brulure-avec-de-la-confiture","status":"publish","type":"page","link":"https:\/\/sylvie-edeline.com\/index.php\/brulure-avec-de-la-confiture\/","title":{"rendered":"Br\u00fblure avec de la confiture"},"content":{"rendered":"<h3 style=\"text-align: center;\"><\/h3>\n<h3 style=\"text-align: center;\"><span style=\"color: #000000;\"><strong><span style=\"vertical-align: inherit;\"><span style=\"vertical-align: inherit;\"><span style=\"vertical-align: inherit;\"><span style=\"vertical-align: inherit;\">Br\u00fblure lors du transfert de la confiture marmite \/ pot.<\/span><\/span><\/span><\/span><\/strong><\/span><\/h3>\n<h3 style=\"text-align: center;\"><span style=\"color: #000000;\"><strong><span style=\"vertical-align: inherit;\"><span style=\"vertical-align: inherit;\"><span style=\"vertical-align: inherit;\"><span style=\"vertical-align: inherit;\"> Donc au maximum de sa cuisson.<\/span><\/span><\/span><\/span><\/strong><\/span><\/h3>\n<p style=\"text-align: center;\"><span style=\"color: #000000;\"><em><strong><span style=\"vertical-align: inherit;\"><span style=\"vertical-align: inherit;\"><span style=\"vertical-align: inherit;\"><span style=\"vertical-align: inherit;\">C est mon pouce !!!. <\/span><\/span><\/span><\/span><\/strong><\/em><\/span><\/p>\n<p style=\"text-align: center;\"><span style=\"color: #000000;\"><em><strong><span style=\"vertical-align: inherit;\"><span style=\"vertical-align: inherit;\"><span style=\"vertical-align: inherit;\"><span style=\"vertical-align: inherit;\">Pendant les 10 premi\u00e8res minutes, la douleur de la br\u00fblure \u00e9tant trop vive, je n&rsquo;ai pu me concentrer pour me magn\u00e9tiser.<\/span><\/span><\/span><\/span><\/strong><\/em><\/span><\/p>\n<p style=\"text-align: center;\"><span style=\"color: #000000;\"><em><strong><span style=\"vertical-align: inherit;\"><span style=\"vertical-align: inherit;\"><span style=\"vertical-align: inherit;\"><span style=\"vertical-align: inherit;\"> La douleur l\u00e9g\u00e8rement diminu\u00e9e, j&rsquo;ai pratiqu\u00e9 le magn\u00e9tisme. <\/span><\/span><\/span><\/span><\/strong><\/em><\/span><\/p>\n<p style=\"text-align: center;\"><span style=\"color: #000000;\"><em><strong><span style=\"vertical-align: inherit;\"><span style=\"vertical-align: inherit;\"><span style=\"vertical-align: inherit;\"><span style=\"vertical-align: inherit;\">R\u00e9sultat imm\u00e9diat: Plus du tout de douleur . S<\/span><\/span><\/span><\/span><\/strong><\/em><\/span><em style=\"color: #000000;\"><strong><span style=\"vertical-align: inherit;\"><span style=\"vertical-align: inherit;\"><span style=\"vertical-align: inherit;\"><span style=\"vertical-align: inherit;\">ensibilit\u00e9 normale assez rapidement<\/span><\/span><\/span><\/span><\/strong><\/em><em style=\"color: #000000;\"><strong><span style=\"vertical-align: inherit;\"><span style=\"vertical-align: inherit;\"><span style=\"vertical-align: inherit;\"><span style=\"vertical-align: inherit;\">\u00a0.<\/span><\/span><\/span><\/span><\/strong><\/em><\/p>\n<p>&nbsp;<\/p>\n<p>&nbsp;<\/p>\n<h4 style=\"text-align: left;\"><\/h4>\n<figure id=\"attachment_1069\" aria-describedby=\"caption-attachment-1069\" style=\"width: 310px\" class=\"wp-caption alignleft\"><img decoding=\"async\" loading=\"lazy\" class=\"wp-image-1069\" src=\"http:\/\/sylvie-edeline.com\/wp-content\/uploads\/2016\/11\/20161111_173254-300x169.jpg\" alt=\"le 11 novembre 2016\" width=\"310\" height=\"175\" srcset=\"https:\/\/sylvie-edeline.com\/wp-content\/uploads\/2016\/11\/20161111_173254-300x169.jpg 300w, https:\/\/sylvie-edeline.com\/wp-content\/uploads\/2016\/11\/20161111_173254-768x432.jpg 768w, https:\/\/sylvie-edeline.com\/wp-content\/uploads\/2016\/11\/20161111_173254-1024x576.jpg 1024w, https:\/\/sylvie-edeline.com\/wp-content\/uploads\/2016\/11\/20161111_173254-690x388.jpg 690w, https:\/\/sylvie-edeline.com\/wp-content\/uploads\/2016\/11\/20161111_173254-980x551.jpg 980w\" sizes=\"(max-width: 310px) 100vw, 310px\" \/><figcaption id=\"caption-attachment-1069\" class=\"wp-caption-text\"><span style=\"vertical-align: inherit;\"><span style=\"vertical-align: inherit;\">Le lendemain de l&rsquo;accident<\/span><\/span><\/figcaption><\/figure>\n<figure id=\"attachment_1071\" aria-describedby=\"caption-attachment-1071\" style=\"width: 300px\" class=\"wp-caption alignright\"><img decoding=\"async\" loading=\"lazy\" class=\"wp-image-1071 size-medium\" src=\"http:\/\/sylvie-edeline.com\/wp-content\/uploads\/2016\/11\/20161111_173958-300x169.jpg\" alt=\"20161111_173958\" width=\"300\" height=\"169\" srcset=\"https:\/\/sylvie-edeline.com\/wp-content\/uploads\/2016\/11\/20161111_173958-300x169.jpg 300w, https:\/\/sylvie-edeline.com\/wp-content\/uploads\/2016\/11\/20161111_173958-768x432.jpg 768w, https:\/\/sylvie-edeline.com\/wp-content\/uploads\/2016\/11\/20161111_173958-1024x576.jpg 1024w, https:\/\/sylvie-edeline.com\/wp-content\/uploads\/2016\/11\/20161111_173958-690x388.jpg 690w, https:\/\/sylvie-edeline.com\/wp-content\/uploads\/2016\/11\/20161111_173958-980x551.jpg 980w\" sizes=\"(max-width: 300px) 100vw, 300px\" \/><figcaption id=\"caption-attachment-1071\" class=\"wp-caption-text\"><span style=\"vertical-align: inherit;\"><span style=\"vertical-align: inherit;\">Le lendemain de l&rsquo;accident<\/span><\/span><\/figcaption><\/figure>\n<p>&nbsp;<\/p>\n<figure id=\"attachment_1084\" aria-describedby=\"caption-attachment-1084\" style=\"width: 206px\" class=\"wp-caption aligncenter\"><img decoding=\"async\" loading=\"lazy\" class=\"wp-image-1084 size-medium\" src=\"http:\/\/sylvie-edeline.com\/wp-content\/uploads\/2016\/11\/pouce-206x300.png\" alt=\"pouce\" width=\"206\" height=\"300\" srcset=\"https:\/\/sylvie-edeline.com\/wp-content\/uploads\/2016\/11\/pouce-206x300.png 206w, https:\/\/sylvie-edeline.com\/wp-content\/uploads\/2016\/11\/pouce-768x1118.png 768w, https:\/\/sylvie-edeline.com\/wp-content\/uploads\/2016\/11\/pouce-704x1024.png 704w, https:\/\/sylvie-edeline.com\/wp-content\/uploads\/2016\/11\/pouce-690x1004.png 690w, https:\/\/sylvie-edeline.com\/wp-content\/uploads\/2016\/11\/pouce-980x1426.png 980w, https:\/\/sylvie-edeline.com\/wp-content\/uploads\/2016\/11\/pouce.png 1761w\" sizes=\"(max-width: 206px) 100vw, 206px\" \/><figcaption id=\"caption-attachment-1084\" class=\"wp-caption-text\"><span style=\"color: #000000;\"><span style=\"vertical-align: inherit;\"><span style=\"vertical-align: inherit;\"><span style=\"vertical-align: inherit;\"><span style=\"vertical-align: inherit;\">J + 2<\/span><\/span><\/span><\/span><\/span><\/figcaption><\/figure>\n<p>&nbsp;<\/p>\n<figure id=\"attachment_1075\" aria-describedby=\"caption-attachment-1075\" style=\"width: 300px\" class=\"wp-caption aligncenter\"><img decoding=\"async\" loading=\"lazy\" class=\"size-medium wp-image-1075\" src=\"http:\/\/sylvie-edeline.com\/wp-content\/uploads\/2016\/11\/20161119_021717_001-300x169.jpg\" alt=\"J + 8\" width=\"300\" height=\"169\" srcset=\"https:\/\/sylvie-edeline.com\/wp-content\/uploads\/2016\/11\/20161119_021717_001-300x169.jpg 300w, https:\/\/sylvie-edeline.com\/wp-content\/uploads\/2016\/11\/20161119_021717_001-768x432.jpg 768w, https:\/\/sylvie-edeline.com\/wp-content\/uploads\/2016\/11\/20161119_021717_001-1024x576.jpg 1024w, https:\/\/sylvie-edeline.com\/wp-content\/uploads\/2016\/11\/20161119_021717_001-690x388.jpg 690w, https:\/\/sylvie-edeline.com\/wp-content\/uploads\/2016\/11\/20161119_021717_001-980x551.jpg 980w\" sizes=\"(max-width: 300px) 100vw, 300px\" \/><figcaption id=\"caption-attachment-1075\" class=\"wp-caption-text\"><span style=\"color: #000000;\"><span style=\"vertical-align: inherit;\"><span style=\"vertical-align: inherit;\"><span style=\"vertical-align: inherit;\"><span style=\"vertical-align: inherit;\">J + 8<\/span><\/span><\/span><\/span><\/span><\/figcaption><\/figure>\n<p>&nbsp;<\/p>\n<figure id=\"attachment_1077\" aria-describedby=\"caption-attachment-1077\" style=\"width: 300px\" class=\"wp-caption aligncenter\"><img decoding=\"async\" loading=\"lazy\" class=\"wp-image-1077 size-medium\" src=\"http:\/\/sylvie-edeline.com\/wp-content\/uploads\/2016\/11\/20161121_103355-300x169.jpg\" alt=\"le 21 Noembre 2016 \" width=\"300\" height=\"169\" srcset=\"https:\/\/sylvie-edeline.com\/wp-content\/uploads\/2016\/11\/20161121_103355-300x169.jpg 300w, https:\/\/sylvie-edeline.com\/wp-content\/uploads\/2016\/11\/20161121_103355-768x432.jpg 768w, https:\/\/sylvie-edeline.com\/wp-content\/uploads\/2016\/11\/20161121_103355-1024x576.jpg 1024w, https:\/\/sylvie-edeline.com\/wp-content\/uploads\/2016\/11\/20161121_103355-690x388.jpg 690w, https:\/\/sylvie-edeline.com\/wp-content\/uploads\/2016\/11\/20161121_103355-980x551.jpg 980w\" sizes=\"(max-width: 300px) 100vw, 300px\" \/><figcaption id=\"caption-attachment-1077\" class=\"wp-caption-text\"><span style=\"color: #000000;\"><span style=\"vertical-align: inherit;\"><span style=\"vertical-align: inherit;\"><span style=\"vertical-align: inherit;\"><span style=\"vertical-align: inherit;\">J + 9<\/span><\/span><\/span><\/span><\/span><\/figcaption><\/figure>\n<p>&nbsp;<\/p>\n<figure id=\"attachment_1074\" aria-describedby=\"caption-attachment-1074\" style=\"width: 481px\" class=\"wp-caption aligncenter\"><img decoding=\"async\" loading=\"lazy\" class=\"wp-image-1074\" src=\"http:\/\/sylvie-edeline.com\/wp-content\/uploads\/2016\/11\/20161125_105016-300x169.jpg\" alt=\"20161125_105016\" width=\"481\" height=\"271\" srcset=\"https:\/\/sylvie-edeline.com\/wp-content\/uploads\/2016\/11\/20161125_105016-300x169.jpg 300w, https:\/\/sylvie-edeline.com\/wp-content\/uploads\/2016\/11\/20161125_105016-768x432.jpg 768w, https:\/\/sylvie-edeline.com\/wp-content\/uploads\/2016\/11\/20161125_105016-1024x576.jpg 1024w, https:\/\/sylvie-edeline.com\/wp-content\/uploads\/2016\/11\/20161125_105016-690x388.jpg 690w, https:\/\/sylvie-edeline.com\/wp-content\/uploads\/2016\/11\/20161125_105016-980x551.jpg 980w\" sizes=\"(max-width: 481px) 100vw, 481px\" \/><figcaption id=\"caption-attachment-1074\" class=\"wp-caption-text\"><span style=\"color: #000000;\"><span style=\"vertical-align: inherit;\"><span style=\"vertical-align: inherit;\"><span style=\"vertical-align: inherit;\"><span style=\"vertical-align: inherit;\">J + 10. <\/span><\/span><\/span><span style=\"vertical-align: inherit;\"><span style=\"vertical-align: inherit;\"><span style=\"vertical-align: inherit;\">Sensibilit\u00e9 cutan\u00e9e r\u00e9cup\u00e9r\u00e9e comme sur un pouce non l\u00e9s\u00e9.<\/span><\/span><\/span><\/span><\/span><\/figcaption><\/figure>\n<p>&nbsp;<\/p>\n<p>&nbsp;<\/p>\n","protected":false},"excerpt":{"rendered":"<p>Br\u00fblure lors du transfert de la confiture marmite \/ pot. Donc au maximum de sa cuisson. C est mon pouce !!!. Pendant les 10 premi\u00e8res minutes, la douleur de la br\u00fblure \u00e9tant trop vive, je n&rsquo;ai pu me concentrer pour me magn\u00e9tiser. La douleur l\u00e9g\u00e8rement diminu\u00e9e, j&rsquo;ai pratiqu\u00e9 le magn\u00e9tisme. R\u00e9sultat imm\u00e9diat: Plus du tout [&hellip;]<\/p>\n","protected":false},"author":1,"featured_media":0,"parent":0,"menu_order":0,"comment_status":"closed","ping_status":"closed","template":"","meta":[],"_links":{"self":[{"href":"https:\/\/sylvie-edeline.com\/index.php\/wp-json\/wp\/v2\/pages\/1067"}],"collection":[{"href":"https:\/\/sylvie-edeline.com\/index.php\/wp-json\/wp\/v2\/pages"}],"about":[{"href":"https:\/\/sylvie-edeline.com\/index.php\/wp-json\/wp\/v2\/types\/page"}],"author":[{"embeddable":true,"href":"https:\/\/sylvie-edeline.com\/index.php\/wp-json\/wp\/v2\/users\/1"}],"replies":[{"embeddable":true,"href":"https:\/\/sylvie-edeline.com\/index.php\/wp-json\/wp\/v2\/comments?post=1067"}],"version-history":[{"count":27,"href":"https:\/\/sylvie-edeline.com\/index.php\/wp-json\/wp\/v2\/pages\/1067\/revisions"}],"predecessor-version":[{"id":1688,"href":"https:\/\/sylvie-edeline.com\/index.php\/wp-json\/wp\/v2\/pages\/1067\/revisions\/1688"}],"wp:attachment":[{"href":"https:\/\/sylvie-edeline.com\/index.php\/wp-json\/wp\/v2\/media?parent=1067"}],"curies":[{"name":"wp","href":"https:\/\/api.w.org\/{rel}","templated":true}]}}