{"id":108,"date":"2016-09-09T10:41:49","date_gmt":"2016-09-09T09:41:49","guid":{"rendered":"http:\/\/sylvie-edeline.com\/?page_id=108"},"modified":"2025-03-03T17:41:33","modified_gmt":"2025-03-03T16:41:33","slug":"champs-daction","status":"publish","type":"page","link":"https:\/\/sylvie-edeline.com\/index.php\/champs-daction\/","title":{"rendered":"Champs d&rsquo;Action"},"content":{"rendered":"<h3 style=\"text-align: center;\"><span style=\"color: #000000;\"><strong>Les trois points forts d\u2019un magn\u00e9tiseur: Zona, Br\u00fblure et Verrue<\/strong><\/span><\/h3>\n<h4 style=\"text-align: center;\"><span style=\"color: #008000;\">mais aussi :<\/span><\/h4>\n<p style=\"text-align: center;\">\n<p><strong>\u00a0<\/strong><strong>\u00a0<\/strong><strong>Maux \u201ccontemporains\u201d:<\/strong><\/p>\n<p><strong>\u201cPhysique\u201d<\/strong><\/p>\n<ul>\n<li>Aigreurs d\u2019estomac<\/li>\n<li>Articulations douloureuses<\/li>\n<li><strong>Digestion et \/ ou transit difficile<\/strong><\/li>\n<li><strong>Dos douloureux<\/strong>\u00a0: sciatique, lombalgie, cruralgie \u2026<\/li>\n<li><strong>H\u00e9morro\u00efdes<\/strong><\/li>\n<li><strong>Migraines<\/strong>\u00a0, maux de t\u00eate<\/li>\n<li>Probl\u00e8me de transit isol\u00e9, avec ou sans probl\u00e8me viral<\/li>\n<li>Raideur du cou aux \u00e9paules<\/li>\n<li>R\u00e8gles douloureuses<\/li>\n<li>Tendinites et Entorses diverses<\/li>\n<\/ul>\n<p><strong>\u201cMental\u201d<\/strong><\/p>\n<ul>\n<li>Psychoth\u00e9rapeute : besoin de suivi, d\u2019apaisement suite \u00e0 des s\u00e9ances de psychoth\u00e9rapie<\/li>\n<li>Col\u00e8re sous jacente et r\u00e9currente<\/li>\n<li>Crise d\u2019angoisse<\/li>\n<li><strong>Fatigue<\/strong>\u00a0due \u00e0 une surcharge d\u2019anxi\u00e9t\u00e9 et \/ ou de travail<\/li>\n<li>Grande fatigue avec insomnie r\u00e9currente<\/li>\n<li>Insomnie<\/li>\n<li><strong>Irritabilit\u00e9<\/strong><\/li>\n<li>L\u00e2cher prise difficile, manque de prise de recul<\/li>\n<li>Pr\u00e9paration avant intervention chirurgicale<\/li>\n<li>Pr\u00e9paration avant entretien professionnel ou autres, dipl\u00f4mes, ou permis de conduire<\/li>\n<li>Ressassement<\/li>\n<li><strong>Stress,<\/strong>\u00a0anxi\u00e9t\u00e9 et grand \u00e9nervement<\/li>\n<li><strong>Stress avant examens<\/strong><\/li>\n<li>Vitalit\u00e9 manquante, perte de go\u00fbt \u00e0 la vie \u2026<\/li>\n<\/ul>\n<p><strong>Peau:<\/strong><\/p>\n<ul>\n<li>Acn\u00e9<\/li>\n<li><strong>Br\u00fblures<\/strong>\u00a0, coups de soleil<\/li>\n<li><strong>Ecz\u00e9ma<\/strong>\u00a0g\u00e9n\u00e9ralis\u00e9 ou localis\u00e9<\/li>\n<li>Erysip\u00e8le<\/li>\n<li>Molluscum contagiosum<\/li>\n<li>Prurit<\/li>\n<li>Radioth\u00e9rapie: Sensation de brulures suite \u00e0 des s\u00e9ances<\/li>\n<li>Psoriasis<\/li>\n<li><strong>Verrues<\/strong>\u00a0de tous types<\/li>\n<li><strong>Zona<\/strong>\u00a0de l\u2019enfant \u00e0 l\u2019adulte \u2026<\/li>\n<\/ul>\n<h3><strong>Liste non exhaustive des maux sur lesquels j\u2019ai eu l\u2019occasion de travailler\u00a0<\/strong><\/h3>\n<h3><\/h3>\n<p>Esp\u00e9rant avoir r\u00e9pondu aux questions que vous vous posiez, je reste \u00e0 votre disposition si besoin est. Les remarques et conseils sont les bienvenus, car l\u2019avis de chacun est toujours utile.<\/p>\n","protected":false},"excerpt":{"rendered":"<p>Les trois points forts d\u2019un magn\u00e9tiseur: Zona, Br\u00fblure et Verrue mais aussi : \u00a0\u00a0Maux \u201ccontemporains\u201d: \u201cPhysique\u201d Aigreurs d\u2019estomac Articulations douloureuses Digestion et \/ ou transit difficile Dos douloureux\u00a0: sciatique, lombalgie, cruralgie \u2026 H\u00e9morro\u00efdes Migraines\u00a0, maux de t\u00eate Probl\u00e8me de transit isol\u00e9, avec ou sans probl\u00e8me viral Raideur du cou aux \u00e9paules R\u00e8gles douloureuses Tendinites et [&hellip;]<\/p>\n","protected":false},"author":1,"featured_media":0,"parent":0,"menu_order":0,"comment_status":"closed","ping_status":"closed","template":"","meta":[],"_links":{"self":[{"href":"https:\/\/sylvie-edeline.com\/index.php\/wp-json\/wp\/v2\/pages\/108"}],"collection":[{"href":"https:\/\/sylvie-edeline.com\/index.php\/wp-json\/wp\/v2\/pages"}],"about":[{"href":"https:\/\/sylvie-edeline.com\/index.php\/wp-json\/wp\/v2\/types\/page"}],"author":[{"embeddable":true,"href":"https:\/\/sylvie-edeline.com\/index.php\/wp-json\/wp\/v2\/users\/1"}],"replies":[{"embeddable":true,"href":"https:\/\/sylvie-edeline.com\/index.php\/wp-json\/wp\/v2\/comments?post=108"}],"version-history":[{"count":19,"href":"https:\/\/sylvie-edeline.com\/index.php\/wp-json\/wp\/v2\/pages\/108\/revisions"}],"predecessor-version":[{"id":2104,"href":"https:\/\/sylvie-edeline.com\/index.php\/wp-json\/wp\/v2\/pages\/108\/revisions\/2104"}],"wp:attachment":[{"href":"https:\/\/sylvie-edeline.com\/index.php\/wp-json\/wp\/v2\/media?parent=108"}],"curies":[{"name":"wp","href":"https:\/\/api.w.org\/{rel}","templated":true}]}}