{"id":114,"date":"2016-09-09T10:42:35","date_gmt":"2016-09-09T09:42:35","guid":{"rendered":"http:\/\/sylvie-edeline.com\/?page_id=114"},"modified":"2016-09-23T10:02:37","modified_gmt":"2016-09-23T09:02:37","slug":"temoignages","status":"publish","type":"page","link":"https:\/\/sylvie-edeline.com\/index.php\/temoignages\/","title":{"rendered":"TEMOIGNAGES"},"content":{"rendered":"<p><img decoding=\"async\" loading=\"lazy\" class=\"size-medium wp-image-438 alignright\" src=\"http:\/\/sylvie-edeline.com\/wp-content\/uploads\/2016\/09\/20130620_145814-225x300.jpg\" alt=\"20130620_145814\" width=\"225\" height=\"300\" srcset=\"https:\/\/sylvie-edeline.com\/wp-content\/uploads\/2016\/09\/20130620_145814-225x300.jpg 225w, https:\/\/sylvie-edeline.com\/wp-content\/uploads\/2016\/09\/20130620_145814-768x1024.jpg 768w, https:\/\/sylvie-edeline.com\/wp-content\/uploads\/2016\/09\/20130620_145814-690x920.jpg 690w, https:\/\/sylvie-edeline.com\/wp-content\/uploads\/2016\/09\/20130620_145814-980x1307.jpg 980w\" sizes=\"(max-width: 225px) 100vw, 225px\" \/><\/p>\n<p>&nbsp;<\/p>\n<p style=\"text-align: left;\"><span style=\"color: #008000;\"><em><strong>Vous recherchez un sujet particulier<\/strong><\/em><\/span><\/p>\n<p style=\"text-align: left;\"><strong>Tout en restant sur cette page, dans la colonne de droite , vous pouvez noter le sujet qui vous int\u00e9resse. Vous serez ensuite dirig\u00e9 vers tout ce qui concerne ce sujet.<\/strong><\/p>\n<p style=\"text-align: left;\"><span style=\"color: #008000;\"><em><strong>OU\u00a0<\/strong><\/em><\/span><\/p>\n<p style=\"text-align: left;\"><strong>Dans la liste un peu plus bas, vous pourrez consulter le menu dans son int\u00e9gralit\u00e9. Cliquez sur ce qui vous int\u00e9resse.<\/strong><\/p>\n<p style=\"text-align: left;\"><span style=\"color: #008000;\"><em><strong>Votre envie de d\u00e9couverte\u00a0est plus\u00a0important\u00a0<\/strong><\/em><\/span><\/p>\n<p style=\"text-align: left;\"><strong>Vous pourrez consulter,\u00a0dans son int\u00e9gralit\u00e9, les nombreux t\u00e9moignages \u00a0re\u00e7us soit pas SMS, mail, courrier manuscrit ou livret dans les salles d&rsquo;attente. Pour cela,cliquez\u00a0sur t\u00e9moignages ou sur la liste\u00a0\u00e0 la droite de cette page.<\/strong><\/p>\n<p style=\"text-align: left;\"><strong>Bonne d\u00e9couverte !<\/strong><\/p>\n","protected":false},"excerpt":{"rendered":"<p>&nbsp; Vous recherchez un sujet particulier Tout en restant sur cette page, dans la colonne de droite , vous pouvez noter le sujet qui vous int\u00e9resse. Vous serez ensuite dirig\u00e9 vers tout ce qui concerne ce sujet. OU\u00a0 Dans la liste un peu plus bas, vous pourrez consulter le menu dans son int\u00e9gralit\u00e9. Cliquez sur [&hellip;]<\/p>\n","protected":false},"author":1,"featured_media":0,"parent":0,"menu_order":0,"comment_status":"closed","ping_status":"closed","template":"","meta":[],"_links":{"self":[{"href":"https:\/\/sylvie-edeline.com\/index.php\/wp-json\/wp\/v2\/pages\/114"}],"collection":[{"href":"https:\/\/sylvie-edeline.com\/index.php\/wp-json\/wp\/v2\/pages"}],"about":[{"href":"https:\/\/sylvie-edeline.com\/index.php\/wp-json\/wp\/v2\/types\/page"}],"author":[{"embeddable":true,"href":"https:\/\/sylvie-edeline.com\/index.php\/wp-json\/wp\/v2\/users\/1"}],"replies":[{"embeddable":true,"href":"https:\/\/sylvie-edeline.com\/index.php\/wp-json\/wp\/v2\/comments?post=114"}],"version-history":[{"count":19,"href":"https:\/\/sylvie-edeline.com\/index.php\/wp-json\/wp\/v2\/pages\/114\/revisions"}],"predecessor-version":[{"id":1024,"href":"https:\/\/sylvie-edeline.com\/index.php\/wp-json\/wp\/v2\/pages\/114\/revisions\/1024"}],"wp:attachment":[{"href":"https:\/\/sylvie-edeline.com\/index.php\/wp-json\/wp\/v2\/media?parent=114"}],"curies":[{"name":"wp","href":"https:\/\/api.w.org\/{rel}","templated":true}]}}