{"id":1347,"date":"2018-03-31T12:58:56","date_gmt":"2018-03-31T11:58:56","guid":{"rendered":"http:\/\/sylvie-edeline.com\/?page_id=1347"},"modified":"2018-03-31T12:59:34","modified_gmt":"2018-03-31T11:59:34","slug":"zona-soigne-a-distance","status":"publish","type":"page","link":"https:\/\/sylvie-edeline.com\/index.php\/zona-soigne-a-distance\/","title":{"rendered":"Zona soign\u00e9 a distance"},"content":{"rendered":"<p>25.11.2017 Message laiss\u00e9 dans livret de la salle d attente<\/p>\n<p>Merci de m&rsquo;avoir soign\u00e9e un \u00ab\u00a0zona\u00a0\u00bb d&rsquo;abord de l&rsquo;avoir stopp\u00e9 \u00e0 distance \u00e0 partir d&rsquo;une photo envoy\u00e9e de l&rsquo;iPhone, puis retir\u00e9 par 2 s\u00e9ances ici dans votre cabinet.<\/p>\n<p>Aujourd&rsquo;hui, je reviens, car j&rsquo;ai tres mal au dos et j&rsquo;ai confiance en vous&#8230; Je sais que vous allez soulager mes douleurs.<\/p>\n<p>Merci pour votre excellent travail<\/p>\n<p>M.C<\/p>\n","protected":false},"excerpt":{"rendered":"<p>25.11.2017 Message laiss\u00e9 dans livret de la salle d attente Merci de m&rsquo;avoir soign\u00e9e un \u00ab\u00a0zona\u00a0\u00bb d&rsquo;abord de l&rsquo;avoir stopp\u00e9 \u00e0 distance \u00e0 partir d&rsquo;une photo envoy\u00e9e de l&rsquo;iPhone, puis retir\u00e9 par 2 s\u00e9ances ici dans votre cabinet. Aujourd&rsquo;hui, je reviens, car j&rsquo;ai tres mal au dos et j&rsquo;ai confiance en vous&#8230; Je sais que [&hellip;]<\/p>\n","protected":false},"author":1,"featured_media":0,"parent":0,"menu_order":0,"comment_status":"closed","ping_status":"closed","template":"","meta":[],"_links":{"self":[{"href":"https:\/\/sylvie-edeline.com\/index.php\/wp-json\/wp\/v2\/pages\/1347"}],"collection":[{"href":"https:\/\/sylvie-edeline.com\/index.php\/wp-json\/wp\/v2\/pages"}],"about":[{"href":"https:\/\/sylvie-edeline.com\/index.php\/wp-json\/wp\/v2\/types\/page"}],"author":[{"embeddable":true,"href":"https:\/\/sylvie-edeline.com\/index.php\/wp-json\/wp\/v2\/users\/1"}],"replies":[{"embeddable":true,"href":"https:\/\/sylvie-edeline.com\/index.php\/wp-json\/wp\/v2\/comments?post=1347"}],"version-history":[{"count":2,"href":"https:\/\/sylvie-edeline.com\/index.php\/wp-json\/wp\/v2\/pages\/1347\/revisions"}],"predecessor-version":[{"id":1349,"href":"https:\/\/sylvie-edeline.com\/index.php\/wp-json\/wp\/v2\/pages\/1347\/revisions\/1349"}],"wp:attachment":[{"href":"https:\/\/sylvie-edeline.com\/index.php\/wp-json\/wp\/v2\/media?parent=1347"}],"curies":[{"name":"wp","href":"https:\/\/api.w.org\/{rel}","templated":true}]}}