{"id":1363,"date":"2018-05-22T21:17:13","date_gmt":"2018-05-22T20:17:13","guid":{"rendered":"http:\/\/sylvie-edeline.com\/?page_id=1363"},"modified":"2018-05-22T21:17:13","modified_gmt":"2018-05-22T20:17:13","slug":"bien-etre-2","status":"publish","type":"page","link":"https:\/\/sylvie-edeline.com\/index.php\/bien-etre-2\/","title":{"rendered":"Bien Etre"},"content":{"rendered":"<p>Message laiss\u00e9 dans le carnet dans la salle d attente 03.01.2017<\/p>\n<p>&nbsp;<\/p>\n<p>Merci Sylvie, pour tout le bien \u00eatre que vous nous procurez.<br \/>\nJe vous souhaites une bonne et heureuse Ann\u00e9e 2017<\/p>\n<p>Merci pour votre travail<\/p>\n<p>L.E<\/p>\n","protected":false},"excerpt":{"rendered":"<p>Message laiss\u00e9 dans le carnet dans la salle d attente 03.01.2017 &nbsp; Merci Sylvie, pour tout le bien \u00eatre que vous nous procurez. Je vous souhaites une bonne et heureuse Ann\u00e9e 2017 Merci pour votre travail L.E<\/p>\n","protected":false},"author":1,"featured_media":0,"parent":0,"menu_order":0,"comment_status":"closed","ping_status":"closed","template":"","meta":[],"_links":{"self":[{"href":"https:\/\/sylvie-edeline.com\/index.php\/wp-json\/wp\/v2\/pages\/1363"}],"collection":[{"href":"https:\/\/sylvie-edeline.com\/index.php\/wp-json\/wp\/v2\/pages"}],"about":[{"href":"https:\/\/sylvie-edeline.com\/index.php\/wp-json\/wp\/v2\/types\/page"}],"author":[{"embeddable":true,"href":"https:\/\/sylvie-edeline.com\/index.php\/wp-json\/wp\/v2\/users\/1"}],"replies":[{"embeddable":true,"href":"https:\/\/sylvie-edeline.com\/index.php\/wp-json\/wp\/v2\/comments?post=1363"}],"version-history":[{"count":1,"href":"https:\/\/sylvie-edeline.com\/index.php\/wp-json\/wp\/v2\/pages\/1363\/revisions"}],"predecessor-version":[{"id":1364,"href":"https:\/\/sylvie-edeline.com\/index.php\/wp-json\/wp\/v2\/pages\/1363\/revisions\/1364"}],"wp:attachment":[{"href":"https:\/\/sylvie-edeline.com\/index.php\/wp-json\/wp\/v2\/media?parent=1363"}],"curies":[{"name":"wp","href":"https:\/\/api.w.org\/{rel}","templated":true}]}}