{"id":1372,"date":"2018-06-18T14:10:15","date_gmt":"2018-06-18T13:10:15","guid":{"rendered":"http:\/\/sylvie-edeline.com\/?page_id=1372"},"modified":"2019-09-28T13:03:02","modified_gmt":"2019-09-28T12:03:02","slug":"verrues-tres-impressionnantes","status":"publish","type":"page","link":"https:\/\/sylvie-edeline.com\/index.php\/verrues-tres-impressionnantes\/","title":{"rendered":"Verrues tr\u00e8s impressionnantes"},"content":{"rendered":"<p>Cette adolescente \u00e9tait exempte de sport depuis f\u00e9vrier 2018, premi\u00e8re s\u00e9ance avec moi d\u00e9but mai 2018<\/p>\n<p>Juste le simple effleurement des verrues la faisait bondir.<\/p>\n<p>Une vive douleur provoqu\u00e9e par l&rsquo;appui sur ses verrues l&rsquo;obligeait \u00e0 modifier sa d\u00e9marche. Elle commen\u00e7ait \u00e0 avoir mal dans les hanches.<\/p>\n<p>2 s\u00e9ances ont suffi et sans aucune douleur. Les photos ont \u00e9t\u00e9 prises soit en cabinet soit transmises par sms. Le talon est redevenu normal au bout de peu semaines.<\/p>\n<p><img decoding=\"async\" loading=\"lazy\" class=\"wp-image-1373\" src=\"http:\/\/sylvie-edeline.com\/wp-content\/uploads\/2018\/06\/20180509_151452-300x169.jpg\" alt=\"\" width=\"300\" height=\"169\" srcset=\"https:\/\/sylvie-edeline.com\/wp-content\/uploads\/2018\/06\/20180509_151452-300x169.jpg 300w, https:\/\/sylvie-edeline.com\/wp-content\/uploads\/2018\/06\/20180509_151452-768x432.jpg 768w, https:\/\/sylvie-edeline.com\/wp-content\/uploads\/2018\/06\/20180509_151452-1024x576.jpg 1024w, https:\/\/sylvie-edeline.com\/wp-content\/uploads\/2018\/06\/20180509_151452-690x388.jpg 690w, https:\/\/sylvie-edeline.com\/wp-content\/uploads\/2018\/06\/20180509_151452-980x551.jpg 980w\" sizes=\"(max-width: 300px) 100vw, 300px\" \/><\/p>\n<p>Le 09 Mai 2018<\/p>\n<div class=\"mceTemp\"><\/div>\n<figure id=\"attachment_1375\" aria-describedby=\"caption-attachment-1375\" style=\"width: 300px\" class=\"wp-caption alignnone\"><img decoding=\"async\" loading=\"lazy\" class=\"wp-image-1375 size-medium\" src=\"http:\/\/sylvie-edeline.com\/wp-content\/uploads\/2018\/06\/20180509_151656-300x169.jpg\" alt=\"\" width=\"300\" height=\"169\" srcset=\"https:\/\/sylvie-edeline.com\/wp-content\/uploads\/2018\/06\/20180509_151656-300x169.jpg 300w, https:\/\/sylvie-edeline.com\/wp-content\/uploads\/2018\/06\/20180509_151656-768x432.jpg 768w, https:\/\/sylvie-edeline.com\/wp-content\/uploads\/2018\/06\/20180509_151656-1024x576.jpg 1024w, https:\/\/sylvie-edeline.com\/wp-content\/uploads\/2018\/06\/20180509_151656-690x388.jpg 690w, https:\/\/sylvie-edeline.com\/wp-content\/uploads\/2018\/06\/20180509_151656-980x551.jpg 980w\" sizes=\"(max-width: 300px) 100vw, 300px\" \/><figcaption id=\"caption-attachment-1375\" class=\"wp-caption-text\">Le 9 Mai 2018<\/figcaption><\/figure>\n<figure id=\"attachment_1374\" aria-describedby=\"caption-attachment-1374\" style=\"width: 300px\" class=\"wp-caption alignnone\"><img decoding=\"async\" loading=\"lazy\" class=\"wp-image-1374 size-medium\" src=\"http:\/\/sylvie-edeline.com\/wp-content\/uploads\/2018\/06\/20180509_151504-300x169.jpg\" alt=\"\" width=\"300\" height=\"169\" srcset=\"https:\/\/sylvie-edeline.com\/wp-content\/uploads\/2018\/06\/20180509_151504-300x169.jpg 300w, https:\/\/sylvie-edeline.com\/wp-content\/uploads\/2018\/06\/20180509_151504-768x432.jpg 768w, https:\/\/sylvie-edeline.com\/wp-content\/uploads\/2018\/06\/20180509_151504-1024x576.jpg 1024w, https:\/\/sylvie-edeline.com\/wp-content\/uploads\/2018\/06\/20180509_151504-690x388.jpg 690w, https:\/\/sylvie-edeline.com\/wp-content\/uploads\/2018\/06\/20180509_151504-980x551.jpg 980w\" sizes=\"(max-width: 300px) 100vw, 300px\" \/><figcaption id=\"caption-attachment-1374\" class=\"wp-caption-text\">Le 09 Mai 2018<\/figcaption><\/figure>\n<p><img decoding=\"async\" loading=\"lazy\" class=\"wp-image-1384 size-medium\" src=\"http:\/\/sylvie-edeline.com\/wp-content\/uploads\/2018\/06\/20180523_150929-1-300x169.jpg\" alt=\"\" width=\"300\" height=\"169\" srcset=\"https:\/\/sylvie-edeline.com\/wp-content\/uploads\/2018\/06\/20180523_150929-1-300x169.jpg 300w, https:\/\/sylvie-edeline.com\/wp-content\/uploads\/2018\/06\/20180523_150929-1-768x432.jpg 768w, https:\/\/sylvie-edeline.com\/wp-content\/uploads\/2018\/06\/20180523_150929-1-1024x576.jpg 1024w, https:\/\/sylvie-edeline.com\/wp-content\/uploads\/2018\/06\/20180523_150929-1-690x388.jpg 690w, https:\/\/sylvie-edeline.com\/wp-content\/uploads\/2018\/06\/20180523_150929-1-980x551.jpg 980w\" sizes=\"(max-width: 300px) 100vw, 300px\" \/><\/p>\n<p>Le 23 Mai 2018<\/p>\n<figure id=\"attachment_1377\" aria-describedby=\"caption-attachment-1377\" style=\"width: 300px\" class=\"wp-caption alignnone\"><img decoding=\"async\" loading=\"lazy\" class=\"wp-image-1377 size-medium\" src=\"http:\/\/sylvie-edeline.com\/wp-content\/uploads\/2018\/06\/20180523_150922-300x169.jpg\" alt=\"\" width=\"300\" height=\"169\" srcset=\"https:\/\/sylvie-edeline.com\/wp-content\/uploads\/2018\/06\/20180523_150922-300x169.jpg 300w, https:\/\/sylvie-edeline.com\/wp-content\/uploads\/2018\/06\/20180523_150922-768x432.jpg 768w, https:\/\/sylvie-edeline.com\/wp-content\/uploads\/2018\/06\/20180523_150922-1024x576.jpg 1024w, https:\/\/sylvie-edeline.com\/wp-content\/uploads\/2018\/06\/20180523_150922-690x388.jpg 690w, https:\/\/sylvie-edeline.com\/wp-content\/uploads\/2018\/06\/20180523_150922-980x551.jpg 980w\" sizes=\"(max-width: 300px) 100vw, 300px\" \/><figcaption id=\"caption-attachment-1377\" class=\"wp-caption-text\">Le 23 Mai 2018<\/figcaption><\/figure>\n<figure id=\"attachment_1380\" aria-describedby=\"caption-attachment-1380\" style=\"width: 300px\" class=\"wp-caption alignnone\"><img decoding=\"async\" loading=\"lazy\" class=\"wp-image-1380 size-medium\" src=\"http:\/\/sylvie-edeline.com\/wp-content\/uploads\/2018\/06\/Snapchat-619886393-300x169.jpg\" alt=\"\" width=\"300\" height=\"169\" srcset=\"https:\/\/sylvie-edeline.com\/wp-content\/uploads\/2018\/06\/Snapchat-619886393-300x169.jpg 300w, https:\/\/sylvie-edeline.com\/wp-content\/uploads\/2018\/06\/Snapchat-619886393-768x432.jpg 768w, https:\/\/sylvie-edeline.com\/wp-content\/uploads\/2018\/06\/Snapchat-619886393-1024x576.jpg 1024w, https:\/\/sylvie-edeline.com\/wp-content\/uploads\/2018\/06\/Snapchat-619886393-690x388.jpg 690w, https:\/\/sylvie-edeline.com\/wp-content\/uploads\/2018\/06\/Snapchat-619886393-980x551.jpg 980w, https:\/\/sylvie-edeline.com\/wp-content\/uploads\/2018\/06\/Snapchat-619886393.jpg 1280w\" sizes=\"(max-width: 300px) 100vw, 300px\" \/><figcaption id=\"caption-attachment-1380\" class=\"wp-caption-text\">Le 03 Juin 2018<\/figcaption><\/figure>\n<figure id=\"attachment_1381\" aria-describedby=\"caption-attachment-1381\" style=\"width: 169px\" class=\"wp-caption alignnone\"><img decoding=\"async\" loading=\"lazy\" class=\"wp-image-1381 size-medium\" src=\"http:\/\/sylvie-edeline.com\/wp-content\/uploads\/2018\/06\/Snapchat-62566512-169x300.jpg\" alt=\"\" width=\"169\" height=\"300\" srcset=\"https:\/\/sylvie-edeline.com\/wp-content\/uploads\/2018\/06\/Snapchat-62566512-169x300.jpg 169w, https:\/\/sylvie-edeline.com\/wp-content\/uploads\/2018\/06\/Snapchat-62566512-576x1024.jpg 576w, https:\/\/sylvie-edeline.com\/wp-content\/uploads\/2018\/06\/Snapchat-62566512-690x1227.jpg 690w, https:\/\/sylvie-edeline.com\/wp-content\/uploads\/2018\/06\/Snapchat-62566512.jpg 720w\" sizes=\"(max-width: 169px) 100vw, 169px\" \/><figcaption id=\"caption-attachment-1381\" class=\"wp-caption-text\">Le 07 Juin 2018<\/figcaption><\/figure>\n<p><img decoding=\"async\" loading=\"lazy\" class=\"size-medium wp-image-1379 alignnone\" src=\"http:\/\/sylvie-edeline.com\/wp-content\/uploads\/2018\/06\/Snapchat-1253857952-169x300.jpg\" alt=\"\" width=\"169\" height=\"300\" srcset=\"https:\/\/sylvie-edeline.com\/wp-content\/uploads\/2018\/06\/Snapchat-1253857952-169x300.jpg 169w, https:\/\/sylvie-edeline.com\/wp-content\/uploads\/2018\/06\/Snapchat-1253857952-576x1024.jpg 576w, https:\/\/sylvie-edeline.com\/wp-content\/uploads\/2018\/06\/Snapchat-1253857952-690x1227.jpg 690w, https:\/\/sylvie-edeline.com\/wp-content\/uploads\/2018\/06\/Snapchat-1253857952.jpg 720w\" sizes=\"(max-width: 169px) 100vw, 169px\" \/><\/p>\n<figure id=\"attachment_1378\" aria-describedby=\"caption-attachment-1378\" style=\"width: 300px\" class=\"wp-caption alignnone\"><img decoding=\"async\" loading=\"lazy\" class=\"wp-image-1378 size-medium\" src=\"http:\/\/sylvie-edeline.com\/wp-content\/uploads\/2018\/06\/Snapchat-1808728658-300x169.jpg\" alt=\"\" width=\"300\" height=\"169\" srcset=\"https:\/\/sylvie-edeline.com\/wp-content\/uploads\/2018\/06\/Snapchat-1808728658-300x169.jpg 300w, https:\/\/sylvie-edeline.com\/wp-content\/uploads\/2018\/06\/Snapchat-1808728658-768x432.jpg 768w, https:\/\/sylvie-edeline.com\/wp-content\/uploads\/2018\/06\/Snapchat-1808728658-1024x576.jpg 1024w, https:\/\/sylvie-edeline.com\/wp-content\/uploads\/2018\/06\/Snapchat-1808728658-690x388.jpg 690w, https:\/\/sylvie-edeline.com\/wp-content\/uploads\/2018\/06\/Snapchat-1808728658-980x551.jpg 980w, https:\/\/sylvie-edeline.com\/wp-content\/uploads\/2018\/06\/Snapchat-1808728658.jpg 1280w\" sizes=\"(max-width: 300px) 100vw, 300px\" \/><figcaption id=\"caption-attachment-1378\" class=\"wp-caption-text\">Le 09 Juin 2018<\/figcaption><\/figure>\n<p><img decoding=\"async\" loading=\"lazy\" class=\"size-medium wp-image-1386 alignnone\" src=\"http:\/\/sylvie-edeline.com\/wp-content\/uploads\/2018\/06\/09juin2018-169x300.jpg\" alt=\"\" width=\"169\" height=\"300\" srcset=\"https:\/\/sylvie-edeline.com\/wp-content\/uploads\/2018\/06\/09juin2018-169x300.jpg 169w, https:\/\/sylvie-edeline.com\/wp-content\/uploads\/2018\/06\/09juin2018-576x1024.jpg 576w, https:\/\/sylvie-edeline.com\/wp-content\/uploads\/2018\/06\/09juin2018-690x1227.jpg 690w, https:\/\/sylvie-edeline.com\/wp-content\/uploads\/2018\/06\/09juin2018.jpg 720w\" sizes=\"(max-width: 169px) 100vw, 169px\" \/><\/p>\n","protected":false},"excerpt":{"rendered":"<p>Cette adolescente \u00e9tait exempte de sport depuis f\u00e9vrier 2018, premi\u00e8re s\u00e9ance avec moi d\u00e9but mai 2018 Juste le simple effleurement des verrues la faisait bondir. Une vive douleur provoqu\u00e9e par l&rsquo;appui sur ses verrues l&rsquo;obligeait \u00e0 modifier sa d\u00e9marche. Elle commen\u00e7ait \u00e0 avoir mal dans les hanches. 2 s\u00e9ances ont suffi et sans aucune douleur. [&hellip;]<\/p>\n","protected":false},"author":1,"featured_media":0,"parent":0,"menu_order":0,"comment_status":"closed","ping_status":"closed","template":"","meta":[],"_links":{"self":[{"href":"https:\/\/sylvie-edeline.com\/index.php\/wp-json\/wp\/v2\/pages\/1372"}],"collection":[{"href":"https:\/\/sylvie-edeline.com\/index.php\/wp-json\/wp\/v2\/pages"}],"about":[{"href":"https:\/\/sylvie-edeline.com\/index.php\/wp-json\/wp\/v2\/types\/page"}],"author":[{"embeddable":true,"href":"https:\/\/sylvie-edeline.com\/index.php\/wp-json\/wp\/v2\/users\/1"}],"replies":[{"embeddable":true,"href":"https:\/\/sylvie-edeline.com\/index.php\/wp-json\/wp\/v2\/comments?post=1372"}],"version-history":[{"count":16,"href":"https:\/\/sylvie-edeline.com\/index.php\/wp-json\/wp\/v2\/pages\/1372\/revisions"}],"predecessor-version":[{"id":1757,"href":"https:\/\/sylvie-edeline.com\/index.php\/wp-json\/wp\/v2\/pages\/1372\/revisions\/1757"}],"wp:attachment":[{"href":"https:\/\/sylvie-edeline.com\/index.php\/wp-json\/wp\/v2\/media?parent=1372"}],"curies":[{"name":"wp","href":"https:\/\/api.w.org\/{rel}","templated":true}]}}