{"id":1639,"date":"2018-08-22T13:42:01","date_gmt":"2018-08-22T12:42:01","guid":{"rendered":"http:\/\/sylvie-edeline.com\/?page_id=1639"},"modified":"2020-06-28T11:40:05","modified_gmt":"2020-06-28T10:40:05","slug":"film-ou-documentaire-du-mois","status":"publish","type":"page","link":"https:\/\/sylvie-edeline.com\/index.php\/film-ou-documentaire-du-mois\/","title":{"rendered":"FILMS OU DOCUMENTAIRES"},"content":{"rendered":"<h4><\/h4>\n<h4><\/h4>\n<h4 style=\"text-align: center;\"><strong>Provenant de \u00ab\u00a0Youtube\u00a0\u00bb.<\/strong><\/h4>\n<h4 style=\"text-align: center;\"><strong>Consulter avec recul, car il n&rsquo;y a pas qu&rsquo;une seule v\u00e9rit\u00e9*.<\/strong><\/h4>\n<h4 style=\"text-align: center;\"><strong>Je vous souhaite de prendre plaisir \u00e0 leur lecture.<\/strong><\/h4>\n<h4><\/h4>\n<ul>\n<li><strong>voir paroles de sagesse dans la rubrique moments de d\u00e9tente<\/strong><\/li>\n<\/ul>\n","protected":false},"excerpt":{"rendered":"<p>Provenant de \u00ab\u00a0Youtube\u00a0\u00bb. Consulter avec recul, car il n&rsquo;y a pas qu&rsquo;une seule v\u00e9rit\u00e9*. Je vous souhaite de prendre plaisir \u00e0 leur lecture. voir paroles de sagesse dans la rubrique moments de d\u00e9tente<\/p>\n","protected":false},"author":1,"featured_media":0,"parent":0,"menu_order":0,"comment_status":"closed","ping_status":"closed","template":"","meta":[],"_links":{"self":[{"href":"https:\/\/sylvie-edeline.com\/index.php\/wp-json\/wp\/v2\/pages\/1639"}],"collection":[{"href":"https:\/\/sylvie-edeline.com\/index.php\/wp-json\/wp\/v2\/pages"}],"about":[{"href":"https:\/\/sylvie-edeline.com\/index.php\/wp-json\/wp\/v2\/types\/page"}],"author":[{"embeddable":true,"href":"https:\/\/sylvie-edeline.com\/index.php\/wp-json\/wp\/v2\/users\/1"}],"replies":[{"embeddable":true,"href":"https:\/\/sylvie-edeline.com\/index.php\/wp-json\/wp\/v2\/comments?post=1639"}],"version-history":[{"count":11,"href":"https:\/\/sylvie-edeline.com\/index.php\/wp-json\/wp\/v2\/pages\/1639\/revisions"}],"predecessor-version":[{"id":2008,"href":"https:\/\/sylvie-edeline.com\/index.php\/wp-json\/wp\/v2\/pages\/1639\/revisions\/2008"}],"wp:attachment":[{"href":"https:\/\/sylvie-edeline.com\/index.php\/wp-json\/wp\/v2\/media?parent=1639"}],"curies":[{"name":"wp","href":"https:\/\/api.w.org\/{rel}","templated":true}]}}