{"id":1853,"date":"2020-02-18T12:14:34","date_gmt":"2020-02-18T11:14:34","guid":{"rendered":"http:\/\/sylvie-edeline.com\/?page_id=1853"},"modified":"2020-02-18T12:14:34","modified_gmt":"2020-02-18T11:14:34","slug":"verrues","status":"publish","type":"page","link":"https:\/\/sylvie-edeline.com\/index.php\/verrues\/","title":{"rendered":"Verrues"},"content":{"rendered":"\n<p>2mois apr\u00e8s la premi\u00e8re s\u00e9ance . SMS re\u00e7u le 12 juin 2019.<\/p>\n\n\n\n<p>Bonjour. <\/p>\n\n\n\n<p>Je tenais \u00e0 vous remercier toutes les verrues de ma fille J&#8230; sont tomb\u00e9es.Vraiment merci, merci \u00e0 vous pour vos bonnes ondes. Une gu\u00e9rison sans douleurs, c&rsquo;est le top<\/p>\n\n\n\n<p>C.B<\/p>\n","protected":false},"excerpt":{"rendered":"<p>2mois apr\u00e8s la premi\u00e8re s\u00e9ance . SMS re\u00e7u le 12 juin 2019. Bonjour. Je tenais \u00e0 vous remercier toutes les verrues de ma fille J&#8230; sont tomb\u00e9es.Vraiment merci, merci \u00e0 vous pour vos bonnes ondes. Une gu\u00e9rison sans douleurs, c&rsquo;est le top C.B<\/p>\n","protected":false},"author":1,"featured_media":0,"parent":0,"menu_order":0,"comment_status":"closed","ping_status":"closed","template":"","meta":[],"_links":{"self":[{"href":"https:\/\/sylvie-edeline.com\/index.php\/wp-json\/wp\/v2\/pages\/1853"}],"collection":[{"href":"https:\/\/sylvie-edeline.com\/index.php\/wp-json\/wp\/v2\/pages"}],"about":[{"href":"https:\/\/sylvie-edeline.com\/index.php\/wp-json\/wp\/v2\/types\/page"}],"author":[{"embeddable":true,"href":"https:\/\/sylvie-edeline.com\/index.php\/wp-json\/wp\/v2\/users\/1"}],"replies":[{"embeddable":true,"href":"https:\/\/sylvie-edeline.com\/index.php\/wp-json\/wp\/v2\/comments?post=1853"}],"version-history":[{"count":1,"href":"https:\/\/sylvie-edeline.com\/index.php\/wp-json\/wp\/v2\/pages\/1853\/revisions"}],"predecessor-version":[{"id":1855,"href":"https:\/\/sylvie-edeline.com\/index.php\/wp-json\/wp\/v2\/pages\/1853\/revisions\/1855"}],"wp:attachment":[{"href":"https:\/\/sylvie-edeline.com\/index.php\/wp-json\/wp\/v2\/media?parent=1853"}],"curies":[{"name":"wp","href":"https:\/\/api.w.org\/{rel}","templated":true}]}}