{"id":1866,"date":"2020-02-18T12:53:54","date_gmt":"2020-02-18T11:53:54","guid":{"rendered":"http:\/\/sylvie-edeline.com\/?page_id=1866"},"modified":"2020-02-18T12:53:54","modified_gmt":"2020-02-18T11:53:54","slug":"cancer-du-sein","status":"publish","type":"page","link":"https:\/\/sylvie-edeline.com\/index.php\/cancer-du-sein\/","title":{"rendered":"Cancer du Sein"},"content":{"rendered":"\n<p>SMS 14 janvier 2019<\/p>\n\n\n\n<p>Je viens de finir ma radioth\u00e9rapie et les s\u00e9ances se sont bien pass\u00e9es. Il n&rsquo;y a pas eu de mauvaises r\u00e9actions. La peine a \u00e0 peine bruni.<\/p>\n\n\n\n<p>Donc je voulais vous remercier pour votre pr\u00e9cieuse aide.<\/p>\n\n\n\n<p>Bonne soir\u00e9e \u00e0 vous et tous mes meilleurs v\u0153ux pour cette nouvelle ann\u00e9e.<\/p>\n\n\n\n<p>M.A P<\/p>\n","protected":false},"excerpt":{"rendered":"<p>SMS 14 janvier 2019 Je viens de finir ma radioth\u00e9rapie et les s\u00e9ances se sont bien pass\u00e9es. Il n&rsquo;y a pas eu de mauvaises r\u00e9actions. La peine a \u00e0 peine bruni. Donc je voulais vous remercier pour votre pr\u00e9cieuse aide. Bonne soir\u00e9e \u00e0 vous et tous mes meilleurs v\u0153ux pour cette nouvelle ann\u00e9e. M.A P<\/p>\n","protected":false},"author":1,"featured_media":0,"parent":0,"menu_order":0,"comment_status":"closed","ping_status":"closed","template":"","meta":[],"_links":{"self":[{"href":"https:\/\/sylvie-edeline.com\/index.php\/wp-json\/wp\/v2\/pages\/1866"}],"collection":[{"href":"https:\/\/sylvie-edeline.com\/index.php\/wp-json\/wp\/v2\/pages"}],"about":[{"href":"https:\/\/sylvie-edeline.com\/index.php\/wp-json\/wp\/v2\/types\/page"}],"author":[{"embeddable":true,"href":"https:\/\/sylvie-edeline.com\/index.php\/wp-json\/wp\/v2\/users\/1"}],"replies":[{"embeddable":true,"href":"https:\/\/sylvie-edeline.com\/index.php\/wp-json\/wp\/v2\/comments?post=1866"}],"version-history":[{"count":1,"href":"https:\/\/sylvie-edeline.com\/index.php\/wp-json\/wp\/v2\/pages\/1866\/revisions"}],"predecessor-version":[{"id":1868,"href":"https:\/\/sylvie-edeline.com\/index.php\/wp-json\/wp\/v2\/pages\/1866\/revisions\/1868"}],"wp:attachment":[{"href":"https:\/\/sylvie-edeline.com\/index.php\/wp-json\/wp\/v2\/media?parent=1866"}],"curies":[{"name":"wp","href":"https:\/\/api.w.org\/{rel}","templated":true}]}}