{"id":395,"date":"2016-09-13T08:36:11","date_gmt":"2016-09-13T07:36:11","guid":{"rendered":"http:\/\/sylvie-edeline.com\/?page_id=395"},"modified":"2016-09-19T09:18:43","modified_gmt":"2016-09-19T08:18:43","slug":"enuresie","status":"publish","type":"page","link":"https:\/\/sylvie-edeline.com\/index.php\/enuresie\/","title":{"rendered":"Enur\u00e9sie (clin d&rsquo;oeil)"},"content":{"rendered":"<p><img decoding=\"async\" loading=\"lazy\" class=\"size-medium wp-image-357 alignright\" src=\"http:\/\/sylvie-edeline.com\/wp-content\/uploads\/2016\/09\/20140413_114758-225x300.jpeg\" alt=\"20140413_114758\" width=\"225\" height=\"300\" srcset=\"https:\/\/sylvie-edeline.com\/wp-content\/uploads\/2016\/09\/20140413_114758-225x300.jpeg 225w, https:\/\/sylvie-edeline.com\/wp-content\/uploads\/2016\/09\/20140413_114758.jpeg 435w\" sizes=\"(max-width: 225px) 100vw, 225px\" \/><\/p>\n<p style=\"text-align: center;\"><span style=\"color: #000000;\"><strong>L&rsquo;\u00e9ph\u00e9m\u00e8re de l&rsquo;\u00e9nur\u00e9sie<\/strong><\/span><\/p>\n<p style=\"text-align: center;\"><span style=\"color: #000000;\"><strong>Quoi de plus \u00e9ph\u00e8m\u00e8re qu&rsquo;une fleur de pissenlit\u00a0<\/strong><\/span><\/p>\n<p>&nbsp;<\/p>\n<p>&nbsp;<\/p>\n","protected":false},"excerpt":{"rendered":"<p>L&rsquo;\u00e9ph\u00e9m\u00e8re de l&rsquo;\u00e9nur\u00e9sie Quoi de plus \u00e9ph\u00e8m\u00e8re qu&rsquo;une fleur de pissenlit\u00a0 &nbsp; &nbsp;<\/p>\n","protected":false},"author":1,"featured_media":0,"parent":0,"menu_order":0,"comment_status":"closed","ping_status":"closed","template":"","meta":[],"_links":{"self":[{"href":"https:\/\/sylvie-edeline.com\/index.php\/wp-json\/wp\/v2\/pages\/395"}],"collection":[{"href":"https:\/\/sylvie-edeline.com\/index.php\/wp-json\/wp\/v2\/pages"}],"about":[{"href":"https:\/\/sylvie-edeline.com\/index.php\/wp-json\/wp\/v2\/types\/page"}],"author":[{"embeddable":true,"href":"https:\/\/sylvie-edeline.com\/index.php\/wp-json\/wp\/v2\/users\/1"}],"replies":[{"embeddable":true,"href":"https:\/\/sylvie-edeline.com\/index.php\/wp-json\/wp\/v2\/comments?post=395"}],"version-history":[{"count":10,"href":"https:\/\/sylvie-edeline.com\/index.php\/wp-json\/wp\/v2\/pages\/395\/revisions"}],"predecessor-version":[{"id":864,"href":"https:\/\/sylvie-edeline.com\/index.php\/wp-json\/wp\/v2\/pages\/395\/revisions\/864"}],"wp:attachment":[{"href":"https:\/\/sylvie-edeline.com\/index.php\/wp-json\/wp\/v2\/media?parent=395"}],"curies":[{"name":"wp","href":"https:\/\/api.w.org\/{rel}","templated":true}]}}