{"id":404,"date":"2016-09-13T08:45:04","date_gmt":"2016-09-13T07:45:04","guid":{"rendered":"http:\/\/sylvie-edeline.com\/?page_id=404"},"modified":"2016-09-19T08:49:41","modified_gmt":"2016-09-19T07:49:41","slug":"confiance-en-soi","status":"publish","type":"page","link":"https:\/\/sylvie-edeline.com\/index.php\/confiance-en-soi\/","title":{"rendered":"Paroles de Sagesse"},"content":{"rendered":"<h2 style=\"text-align: left;\"><strong>Bouddha<\/strong><\/h2>\n<h2 style=\"text-align: center;\"><span style=\"color: #000000;\"><strong><img decoding=\"async\" loading=\"lazy\" class=\"size-medium wp-image-355 alignright\" src=\"http:\/\/sylvie-edeline.com\/wp-content\/uploads\/2016\/09\/20140316_140854-225x300.jpg\" alt=\"20140316_140854\" width=\"225\" height=\"300\" srcset=\"https:\/\/sylvie-edeline.com\/wp-content\/uploads\/2016\/09\/20140316_140854-225x300.jpg 225w, https:\/\/sylvie-edeline.com\/wp-content\/uploads\/2016\/09\/20140316_140854-768x1024.jpg 768w, https:\/\/sylvie-edeline.com\/wp-content\/uploads\/2016\/09\/20140316_140854-690x920.jpg 690w, https:\/\/sylvie-edeline.com\/wp-content\/uploads\/2016\/09\/20140316_140854-980x1307.jpg 980w\" sizes=\"(max-width: 225px) 100vw, 225px\" \/><\/strong><\/span><\/h2>\n<p><span style=\"color: #000000;\"><strong>Ne crois rien parce qu\u2019on t aura montr\u00e9<\/strong><\/span><\/p>\n<p><span style=\"color: #000000;\"><strong>Le t\u00e9moignage \u00e9crit de quelque Sage ancien,<\/strong><\/span><\/p>\n<p><span style=\"color: #000000;\"><strong>Ne crois rien sur l autorit\u00e9<\/strong><\/span><\/p>\n<p><span style=\"color: #000000;\"><strong>Des Ma\u00eetres ou des Pr\u00eatres<\/strong><\/span><\/p>\n<p><span style=\"color: #000000;\"><strong>Mais ce qui s\u2019accordera avec ton exp\u00e9rience<\/strong><\/span><\/p>\n<p><span style=\"color: #000000;\"><strong>Et apr\u00e8s une \u00e9tude approfondie<\/strong><\/span><\/p>\n<p><span style=\"color: #000000;\"><strong>Satisfera ta raison et tendra vers ton bien cela tu pourras<\/strong><\/span><\/p>\n<p><span style=\"color: #000000;\"><strong>L\u2019accepter comme vrai<\/strong><\/span><\/p>\n<p><span style=\"color: #000000;\"><strong>Et y conformer ta vie<\/strong><\/span><\/p>\n<h2><\/h2>\n","protected":false},"excerpt":{"rendered":"<p>Bouddha Ne crois rien parce qu\u2019on t aura montr\u00e9 Le t\u00e9moignage \u00e9crit de quelque Sage ancien, Ne crois rien sur l autorit\u00e9 Des Ma\u00eetres ou des Pr\u00eatres Mais ce qui s\u2019accordera avec ton exp\u00e9rience Et apr\u00e8s une \u00e9tude approfondie Satisfera ta raison et tendra vers ton bien cela tu pourras L\u2019accepter comme vrai Et y [&hellip;]<\/p>\n","protected":false},"author":1,"featured_media":0,"parent":0,"menu_order":0,"comment_status":"closed","ping_status":"closed","template":"","meta":[],"_links":{"self":[{"href":"https:\/\/sylvie-edeline.com\/index.php\/wp-json\/wp\/v2\/pages\/404"}],"collection":[{"href":"https:\/\/sylvie-edeline.com\/index.php\/wp-json\/wp\/v2\/pages"}],"about":[{"href":"https:\/\/sylvie-edeline.com\/index.php\/wp-json\/wp\/v2\/types\/page"}],"author":[{"embeddable":true,"href":"https:\/\/sylvie-edeline.com\/index.php\/wp-json\/wp\/v2\/users\/1"}],"replies":[{"embeddable":true,"href":"https:\/\/sylvie-edeline.com\/index.php\/wp-json\/wp\/v2\/comments?post=404"}],"version-history":[{"count":5,"href":"https:\/\/sylvie-edeline.com\/index.php\/wp-json\/wp\/v2\/pages\/404\/revisions"}],"predecessor-version":[{"id":859,"href":"https:\/\/sylvie-edeline.com\/index.php\/wp-json\/wp\/v2\/pages\/404\/revisions\/859"}],"wp:attachment":[{"href":"https:\/\/sylvie-edeline.com\/index.php\/wp-json\/wp\/v2\/media?parent=404"}],"curies":[{"name":"wp","href":"https:\/\/api.w.org\/{rel}","templated":true}]}}