{"id":409,"date":"2016-09-13T08:48:12","date_gmt":"2016-09-13T07:48:12","guid":{"rendered":"http:\/\/sylvie-edeline.com\/?page_id=409"},"modified":"2025-03-03T16:16:58","modified_gmt":"2025-03-03T15:16:58","slug":"toujours-garder-espoir","status":"publish","type":"page","link":"https:\/\/sylvie-edeline.com\/index.php\/toujours-garder-espoir\/","title":{"rendered":"Des pas dans le sable (Margaret Fishback Powers)"},"content":{"rendered":"\n<p><\/p>\n\n\n<h2>\u00a0<\/h2>\n<p><span style=\"color: #000000;\"><strong>Une nuit,<\/strong><\/span><\/p>\n<p><span style=\"color: #000000;\"><strong> je fis un r\u00eave :<img decoding=\"async\" loading=\"lazy\" class=\"size-medium wp-image-391 alignright\" src=\"http:\/\/sylvie-edeline.com\/wp-content\/uploads\/2016\/09\/Pas-dans-le-sable-Fotolia_10970569_S-300x225-300x225.jpg\" alt=\"pas-dans-le-sable-fotolia_10970569_s-300x225\" width=\"300\" height=\"225\" \/><\/strong><\/span><\/p>\n<p><span style=\"color: #000000;\"><strong>Je marchais sur la plage avec mon seigneur.<\/strong><\/span><\/p>\n<p><span style=\"color: #000000;\"><strong>Sur le ciel noir, des \u00e9pisodes de ma vie furent projet\u00e9s,<\/strong><\/span><\/p>\n<p><span style=\"color: #000000;\"><strong>Comme sur un immense \u00e9cran.<\/strong><\/span><\/p>\n<p><span style=\"color: #000000;\"><strong>Et sur le sable je voyais \u00e0 chaque fois deux traces de pas\u00a0:<\/strong><\/span><\/p>\n<p><span style=\"color: #000000;\"><strong>Les miens, et ceux de mon seigneur.<\/strong><\/span><\/p>\n<p><span style=\"color: #000000;\"><strong>Apr\u00e8s la derni\u00e8re sc\u00e8ne de ma vie, je me retournai.<\/strong><\/span><\/p>\n<p><span style=\"color: #000000;\"><strong>Je fus surpris de voir par endroits<\/strong><\/span><\/p>\n<p><span style=\"color: #000000;\"><strong>Les traces d\u2019une seule personne<\/strong><\/span><\/p>\n<p><span style=\"color: #000000;\"><strong>Je me rendis compte<\/strong><\/span><\/p>\n<p><span style=\"color: #000000;\"><strong>Que je traversais alors les moments les plus difficiles<\/strong><\/span><\/p>\n<p><span style=\"color: #000000;\"><strong>Et les plus tristes de ma vie.<\/strong><\/span><\/p>\n<p><span style=\"color: #000000;\"><strong>Inqui\u00e8te, je demandai au seigneur\u00a0:<\/strong><\/span><\/p>\n<p><span style=\"color: #000000;\"><strong>\u00ab\u00a0Le jour o\u00f9 j&rsquo;ai d\u00e9cid\u00e9 de te suivre<\/strong><\/span><\/p>\n<p><span style=\"color: #000000;\"><strong>Tu m\u2019as dit que tu marcherais toujours avec moi.<\/strong><\/span><\/p>\n<p><span style=\"color: #000000;\"><strong>Mais je d\u00e9couvre maintenant<\/strong><\/span><\/p>\n<p><span style=\"color: #000000;\"><strong>Qu\u2019aux pires moments de ma vie<\/strong><\/span><\/p>\n<p><span style=\"color: #000000;\"><strong>Il n\u2019y a les empreintes que d\u2019une seule personne.<\/strong><\/span><\/p>\n<p><span style=\"color: #000000;\"><strong>Pourquoi m\u2019as-tu abandonn\u00e9e<\/strong><\/span><\/p>\n<p><span style=\"color: #000000;\"><strong>Lorsque j\u2019avais le plus besoin de toi\u00a0?\u00a0\u00bb<\/strong><\/span><\/p>\n<p><span style=\"color: #000000;\"><strong>Il me r\u00e9pondit\u00a0:<\/strong><\/span><\/p>\n<p><span style=\"color: #000000;\"><strong>\u00ab\u00a0Mon enfant ch\u00e9rie, je t aime<\/strong><\/span><\/p>\n<p><span style=\"color: #000000;\"><strong>Et je ne t\u2019abandonnerai jamais, jamais, jamais<\/strong><\/span><\/p>\n<p><span style=\"color: #000000;\"><strong>Surtout pas lorsque tu passes par l\u2019\u00e9preuve.<\/strong><\/span><\/p>\n<p><span style=\"color: #000000;\"><strong>L\u00e0 o\u00f9 une seule personne a marqu\u00e9 le sable de ses pas,<\/strong><\/span><\/p>\n<p><span style=\"color: #000000;\"><strong>C\u2019\u00e9tait moi qui te portais.\u00a0\u00bb<\/strong><\/span><\/p>\n<p style=\"text-align: center;\"><span style=\"color: #000000;\"><strong>Margaret Fishback Powers<\/strong><\/span><\/p>\n<h2>\u00a0<\/h2>","protected":false},"excerpt":{"rendered":"<p>\u00a0 Une nuit, je fis un r\u00eave : Je marchais sur la plage avec mon seigneur. Sur le ciel noir, des \u00e9pisodes de ma vie furent projet\u00e9s, Comme sur un immense \u00e9cran. Et sur le sable je voyais \u00e0 chaque fois deux traces de pas\u00a0: Les miens, et ceux de mon seigneur. Apr\u00e8s la derni\u00e8re [&hellip;]<\/p>\n","protected":false},"author":1,"featured_media":0,"parent":0,"menu_order":0,"comment_status":"closed","ping_status":"closed","template":"","meta":[],"_links":{"self":[{"href":"https:\/\/sylvie-edeline.com\/index.php\/wp-json\/wp\/v2\/pages\/409"}],"collection":[{"href":"https:\/\/sylvie-edeline.com\/index.php\/wp-json\/wp\/v2\/pages"}],"about":[{"href":"https:\/\/sylvie-edeline.com\/index.php\/wp-json\/wp\/v2\/types\/page"}],"author":[{"embeddable":true,"href":"https:\/\/sylvie-edeline.com\/index.php\/wp-json\/wp\/v2\/users\/1"}],"replies":[{"embeddable":true,"href":"https:\/\/sylvie-edeline.com\/index.php\/wp-json\/wp\/v2\/comments?post=409"}],"version-history":[{"count":5,"href":"https:\/\/sylvie-edeline.com\/index.php\/wp-json\/wp\/v2\/pages\/409\/revisions"}],"predecessor-version":[{"id":2080,"href":"https:\/\/sylvie-edeline.com\/index.php\/wp-json\/wp\/v2\/pages\/409\/revisions\/2080"}],"wp:attachment":[{"href":"https:\/\/sylvie-edeline.com\/index.php\/wp-json\/wp\/v2\/media?parent=409"}],"curies":[{"name":"wp","href":"https:\/\/api.w.org\/{rel}","templated":true}]}}