{"id":464,"date":"2016-09-13T14:22:59","date_gmt":"2016-09-13T13:22:59","guid":{"rendered":"http:\/\/sylvie-edeline.com\/?page_id=464"},"modified":"2020-01-21T19:03:04","modified_gmt":"2020-01-21T18:03:04","slug":"depart-dun-etre-cher","status":"publish","type":"page","link":"https:\/\/sylvie-edeline.com\/index.php\/depart-dun-etre-cher\/","title":{"rendered":"Etre fid\u00e8le \u00e0 ceux qui sont morts"},"content":{"rendered":"<p><span style=\"color: #000000;\"><strong>Etre fid\u00e8le \u00e0 ceux qui sont morts, ce ne n&rsquo;est pas s&rsquo;enfermer dans la douleur.<\/strong><\/span><\/p>\n<p><span style=\"color: #000000;\"><strong>Il faut continuer \u00e0 creuser le sillon, droit et profond,\u00a0 comme ils l&rsquo;auraient fait eux-m\u00eames.<\/strong><\/span><\/p>\n<p><span style=\"color: #000000;\"><strong>Comme on l&rsquo;aurait fait avec eux, pour eux.<\/strong><\/span><\/p>\n<p><span style=\"color: #000000;\"><strong>Etre fid\u00e8les \u00e0 ceux qui sont morts,<\/strong><\/span><\/p>\n<p><span style=\"color: #000000;\"><strong>C&rsquo;est vivre \u00e0 ceux qui sont morts,<\/strong><\/span><\/p>\n<p><span style=\"color: #000000;\"><strong>C&rsquo;est vivre comme ils auraient v\u00e9cu, et les faire vivre avec nous.<\/strong><\/span><\/p>\n<p><span style=\"color: #000000;\"><strong>Et transmettre leur visage, leur voix, leur message aux autres,<\/strong><\/span><\/p>\n<p><span style=\"color: #000000;\"><strong>A un fils, \u00e0 un fr\u00e8re, ou \u00e0 des inconnus, aux autres,<\/strong><\/span><\/p>\n<p><span style=\"color: #000000;\"><strong>Quels qu&rsquo;ils soient.<\/strong><\/span><\/p>\n<p><span style=\"color: #000000;\"><strong>Et la vie tronqu\u00e9e des disparus, alors germera sans fin.<\/strong><\/span><\/p>\n<p><span style=\"color: #000000;\"><strong>Martin Gray<\/strong><\/span><\/p>\n<p><strong>\u00a0<\/strong><\/p>\n","protected":false},"excerpt":{"rendered":"<p>Etre fid\u00e8le \u00e0 ceux qui sont morts, ce ne n&rsquo;est pas s&rsquo;enfermer dans la douleur. Il faut continuer \u00e0 creuser le sillon, droit et profond,\u00a0 comme ils l&rsquo;auraient fait eux-m\u00eames. Comme on l&rsquo;aurait fait avec eux, pour eux. Etre fid\u00e8les \u00e0 ceux qui sont morts, C&rsquo;est vivre \u00e0 ceux qui sont morts, C&rsquo;est vivre comme [&hellip;]<\/p>\n","protected":false},"author":1,"featured_media":0,"parent":0,"menu_order":0,"comment_status":"closed","ping_status":"closed","template":"","meta":[],"_links":{"self":[{"href":"https:\/\/sylvie-edeline.com\/index.php\/wp-json\/wp\/v2\/pages\/464"}],"collection":[{"href":"https:\/\/sylvie-edeline.com\/index.php\/wp-json\/wp\/v2\/pages"}],"about":[{"href":"https:\/\/sylvie-edeline.com\/index.php\/wp-json\/wp\/v2\/types\/page"}],"author":[{"embeddable":true,"href":"https:\/\/sylvie-edeline.com\/index.php\/wp-json\/wp\/v2\/users\/1"}],"replies":[{"embeddable":true,"href":"https:\/\/sylvie-edeline.com\/index.php\/wp-json\/wp\/v2\/comments?post=464"}],"version-history":[{"count":6,"href":"https:\/\/sylvie-edeline.com\/index.php\/wp-json\/wp\/v2\/pages\/464\/revisions"}],"predecessor-version":[{"id":1835,"href":"https:\/\/sylvie-edeline.com\/index.php\/wp-json\/wp\/v2\/pages\/464\/revisions\/1835"}],"wp:attachment":[{"href":"https:\/\/sylvie-edeline.com\/index.php\/wp-json\/wp\/v2\/media?parent=464"}],"curies":[{"name":"wp","href":"https:\/\/api.w.org\/{rel}","templated":true}]}}