{"id":467,"date":"2016-09-13T14:27:48","date_gmt":"2016-09-13T13:27:48","guid":{"rendered":"http:\/\/sylvie-edeline.com\/?page_id=467"},"modified":"2016-09-13T14:27:48","modified_gmt":"2016-09-13T13:27:48","slug":"dos-et-intolerance-aux-medicaments","status":"publish","type":"page","link":"https:\/\/sylvie-edeline.com\/index.php\/dos-et-intolerance-aux-medicaments\/","title":{"rendered":"Dos et intol\u00e9rance aux m\u00e9dicaments"},"content":{"rendered":"<p><strong>13.12.2007<\/strong><\/p>\n<p><strong>C-Claude <\/strong><\/p>\n<p><strong>Je suis \u00e2g\u00e9 de 69ans, et j\u2019ai une double scoliose depuis l\u2019\u00e2ge de 14ans.<\/strong><\/p>\n<p><strong>J\u2019ai fais beaucoup d\u2019emplois avec des efforts physiques importants.<\/strong><\/p>\n<p><strong>J\u2019ai fait 29mois et demi d\u2019arm\u00e9e pendant la guerre d\u2019Alg\u00e9rie comme appel\u00e9 et les nuits sans confort d\u2019un lit, les situations p\u00e9nibles n\u2019ont pas \u00e9pargn\u00e9 mon dos.<\/strong><\/p>\n<p><strong>Une op\u00e9ration rat\u00e9e d\u2019un hallux valgus au pied est venue amplifier mes soucis de dos.<\/strong><\/p>\n<p>&nbsp;<\/p>\n<p>J\u2019ai eu aussi un accident de travail o\u00f9 je suis tomb\u00e9 et eu un morceau de chair pinc\u00e9 entre deux vert\u00e8bres. Plusieurs s\u00e9ances de kin\u00e9 ont \u00e9t\u00e9 n\u00e9cessaires. \u00ab\u00a0Le coup\u00a0\u00bb de l\u2019horloge\u00a0\u00bb et des s\u00e9ances d\u2019\u00e9longation ont \u00e9t\u00e9 pratiqu\u00e9es \u00e0 l\u2019\u00e9poque, mais cela ne ce fait plus maintenant car trop douloureux et pas assez pr\u00e9cis.<\/p>\n<p>&nbsp;<\/p>\n<p>Je dig\u00e8re mal les m\u00e9dicaments prescrits ou ils ne me soulagent pas assez longtemps.<\/p>\n<p>&nbsp;<\/p>\n<p>C\u2019est pourquoi, toutes les fois, que je souffre du dos ou des cervicales, je contacte Mme Bourgoin\u00a0 Edeline, elle me soulage aussit\u00f4t, c\u2019est pour cela que je tiens \u00e0 lui envoyer ce petit courrier pour la remercier.<\/p>\n<p>&nbsp;<\/p>\n<p>&nbsp;<\/p>\n","protected":false},"excerpt":{"rendered":"<p>13.12.2007 C-Claude Je suis \u00e2g\u00e9 de 69ans, et j\u2019ai une double scoliose depuis l\u2019\u00e2ge de 14ans. J\u2019ai fais beaucoup d\u2019emplois avec des efforts physiques importants. J\u2019ai fait 29mois et demi d\u2019arm\u00e9e pendant la guerre d\u2019Alg\u00e9rie comme appel\u00e9 et les nuits sans confort d\u2019un lit, les situations p\u00e9nibles n\u2019ont pas \u00e9pargn\u00e9 mon dos. Une op\u00e9ration rat\u00e9e [&hellip;]<\/p>\n","protected":false},"author":1,"featured_media":0,"parent":0,"menu_order":0,"comment_status":"closed","ping_status":"closed","template":"","meta":[],"_links":{"self":[{"href":"https:\/\/sylvie-edeline.com\/index.php\/wp-json\/wp\/v2\/pages\/467"}],"collection":[{"href":"https:\/\/sylvie-edeline.com\/index.php\/wp-json\/wp\/v2\/pages"}],"about":[{"href":"https:\/\/sylvie-edeline.com\/index.php\/wp-json\/wp\/v2\/types\/page"}],"author":[{"embeddable":true,"href":"https:\/\/sylvie-edeline.com\/index.php\/wp-json\/wp\/v2\/users\/1"}],"replies":[{"embeddable":true,"href":"https:\/\/sylvie-edeline.com\/index.php\/wp-json\/wp\/v2\/comments?post=467"}],"version-history":[{"count":1,"href":"https:\/\/sylvie-edeline.com\/index.php\/wp-json\/wp\/v2\/pages\/467\/revisions"}],"predecessor-version":[{"id":468,"href":"https:\/\/sylvie-edeline.com\/index.php\/wp-json\/wp\/v2\/pages\/467\/revisions\/468"}],"wp:attachment":[{"href":"https:\/\/sylvie-edeline.com\/index.php\/wp-json\/wp\/v2\/media?parent=467"}],"curies":[{"name":"wp","href":"https:\/\/api.w.org\/{rel}","templated":true}]}}