{"id":469,"date":"2016-09-13T14:28:37","date_gmt":"2016-09-13T13:28:37","guid":{"rendered":"http:\/\/sylvie-edeline.com\/?page_id=469"},"modified":"2025-03-03T17:08:22","modified_gmt":"2025-03-03T16:08:22","slug":"tendinite-au-coude","status":"publish","type":"page","link":"https:\/\/sylvie-edeline.com\/index.php\/tendinite-au-coude\/","title":{"rendered":"Tendinite au coude"},"content":{"rendered":"<p><strong>21.12.07<\/strong><\/p>\n<p><strong>G-Sophie<\/strong><\/p>\n<p><strong>Je confirme avoir \u00e9t\u00e9 suivie par Madame Sylvie Bourgoin Edeline pour un probl\u00e8me de tendinite au coude gauche.<\/strong><\/p>\n<p><strong>Au bout de 2 s\u00e9ances, ma douleur \u00e9tait pratiquement partie, puis d\u00e9finitivement. J\u2019ai pu reprendre le tennis.<\/strong><\/p>\n<p><strong>J\u2019ai \u00e9t\u00e9 \u00e9galement suivie pour mon \u00e9tat nerveux et r\u00e9ellement trouv\u00e9 un bien-\u00eatre. J\u2019ai d\u2019ailleurs l\u2019intention de continuer a voir Madame Edeline<\/strong><\/p>\n<p><strong> qui me fait beaucoup de bien et l\u2019en remercie.<\/strong><\/p>\n","protected":false},"excerpt":{"rendered":"<p>21.12.07 G-Sophie Je confirme avoir \u00e9t\u00e9 suivie par Madame Sylvie Bourgoin Edeline pour un probl\u00e8me de tendinite au coude gauche. Au bout de 2 s\u00e9ances, ma douleur \u00e9tait pratiquement partie, puis d\u00e9finitivement. J\u2019ai pu reprendre le tennis. J\u2019ai \u00e9t\u00e9 \u00e9galement suivie pour mon \u00e9tat nerveux et r\u00e9ellement trouv\u00e9 un bien-\u00eatre. J\u2019ai d\u2019ailleurs l\u2019intention de continuer [&hellip;]<\/p>\n","protected":false},"author":1,"featured_media":0,"parent":0,"menu_order":0,"comment_status":"closed","ping_status":"closed","template":"","meta":[],"_links":{"self":[{"href":"https:\/\/sylvie-edeline.com\/index.php\/wp-json\/wp\/v2\/pages\/469"}],"collection":[{"href":"https:\/\/sylvie-edeline.com\/index.php\/wp-json\/wp\/v2\/pages"}],"about":[{"href":"https:\/\/sylvie-edeline.com\/index.php\/wp-json\/wp\/v2\/types\/page"}],"author":[{"embeddable":true,"href":"https:\/\/sylvie-edeline.com\/index.php\/wp-json\/wp\/v2\/users\/1"}],"replies":[{"embeddable":true,"href":"https:\/\/sylvie-edeline.com\/index.php\/wp-json\/wp\/v2\/comments?post=469"}],"version-history":[{"count":3,"href":"https:\/\/sylvie-edeline.com\/index.php\/wp-json\/wp\/v2\/pages\/469\/revisions"}],"predecessor-version":[{"id":2097,"href":"https:\/\/sylvie-edeline.com\/index.php\/wp-json\/wp\/v2\/pages\/469\/revisions\/2097"}],"wp:attachment":[{"href":"https:\/\/sylvie-edeline.com\/index.php\/wp-json\/wp\/v2\/media?parent=469"}],"curies":[{"name":"wp","href":"https:\/\/api.w.org\/{rel}","templated":true}]}}