{"id":472,"date":"2016-09-13T14:29:43","date_gmt":"2016-09-13T13:29:43","guid":{"rendered":"http:\/\/sylvie-edeline.com\/?page_id=472"},"modified":"2016-09-13T14:29:43","modified_gmt":"2016-09-13T13:29:43","slug":"eczema-enfant-de-7ans","status":"publish","type":"page","link":"https:\/\/sylvie-edeline.com\/index.php\/eczema-enfant-de-7ans\/","title":{"rendered":"Ecz\u00e9ma enfant de 7ans"},"content":{"rendered":"<p>21.12.2007<\/p>\n<p>&nbsp;<\/p>\n<p>G- Sophie<\/p>\n<p>Ma fille, \u00e2g\u00e9e de 7ans, a eu de l\u2019ecz\u00e9ma sur les jambes de fa\u00e7on importante. Je lui mettais une cr\u00e8me a base de cortisone. Puis j\u2019ai consult\u00e9 une fois Madame Bourgoin Edeline pour essayer de l\u2019apaiser.<\/p>\n<p>En une seule s\u00e9ance, Clo\u00e9 \u00e0 pratiquement arr\u00eat\u00e9 de se gratter et son ecz\u00e9ma a disparu sur ses jambes.<\/p>\n<p>C\u2019est vraiment incroyable, car je n\u2019ai m\u00eame pas \u00e9t\u00e9 oblig\u00e9e de continuer \u00e0 lui mettre la cr\u00e8me suite \u00e0 son intervention.<\/p>\n<p>Je confirme avoir enti\u00e8re satisfaction des services rendus et du travail de Mme Bourgoin.<\/p>\n","protected":false},"excerpt":{"rendered":"<p>21.12.2007 &nbsp; G- Sophie Ma fille, \u00e2g\u00e9e de 7ans, a eu de l\u2019ecz\u00e9ma sur les jambes de fa\u00e7on importante. Je lui mettais une cr\u00e8me a base de cortisone. Puis j\u2019ai consult\u00e9 une fois Madame Bourgoin Edeline pour essayer de l\u2019apaiser. En une seule s\u00e9ance, Clo\u00e9 \u00e0 pratiquement arr\u00eat\u00e9 de se gratter et son ecz\u00e9ma a [&hellip;]<\/p>\n","protected":false},"author":1,"featured_media":0,"parent":0,"menu_order":0,"comment_status":"closed","ping_status":"closed","template":"","meta":[],"_links":{"self":[{"href":"https:\/\/sylvie-edeline.com\/index.php\/wp-json\/wp\/v2\/pages\/472"}],"collection":[{"href":"https:\/\/sylvie-edeline.com\/index.php\/wp-json\/wp\/v2\/pages"}],"about":[{"href":"https:\/\/sylvie-edeline.com\/index.php\/wp-json\/wp\/v2\/types\/page"}],"author":[{"embeddable":true,"href":"https:\/\/sylvie-edeline.com\/index.php\/wp-json\/wp\/v2\/users\/1"}],"replies":[{"embeddable":true,"href":"https:\/\/sylvie-edeline.com\/index.php\/wp-json\/wp\/v2\/comments?post=472"}],"version-history":[{"count":1,"href":"https:\/\/sylvie-edeline.com\/index.php\/wp-json\/wp\/v2\/pages\/472\/revisions"}],"predecessor-version":[{"id":473,"href":"https:\/\/sylvie-edeline.com\/index.php\/wp-json\/wp\/v2\/pages\/472\/revisions\/473"}],"wp:attachment":[{"href":"https:\/\/sylvie-edeline.com\/index.php\/wp-json\/wp\/v2\/media?parent=472"}],"curies":[{"name":"wp","href":"https:\/\/api.w.org\/{rel}","templated":true}]}}