{"id":474,"date":"2016-09-13T14:30:24","date_gmt":"2016-09-13T13:30:24","guid":{"rendered":"http:\/\/sylvie-edeline.com\/?page_id=474"},"modified":"2016-09-13T14:30:53","modified_gmt":"2016-09-13T13:30:53","slug":"plus-de-gout-a-la-vie","status":"publish","type":"page","link":"https:\/\/sylvie-edeline.com\/index.php\/plus-de-gout-a-la-vie\/","title":{"rendered":"Plus de go\u00fbt \u00e0 la vie"},"content":{"rendered":"<p><strong>30.12.2007<\/strong><\/p>\n<p><strong>B- Bernadette<\/strong><\/p>\n<p>Je certifie avoir \u00e9t\u00e9 vue en consultation dans le cabinet de Madame Bourgoin Edeline, \u00e0 St Jean Le Blanc.<\/p>\n<p>Au cours de la visite, j\u2019ai ressenti plusieurs sensations de chaleurs au niveau du c\u0153ur, foie, du cot\u00e9 droit au niveau du bas ventre.<\/p>\n<p>Et toujours \u00e0 la m\u00eame consultation, j\u2019ai ressenti comme si quelque chose se d\u00e9placer \u00e0 2 endroits diff\u00e9rents \u00e0 l\u2019int\u00e9rieur de mon corps, un effet de vague.<\/p>\n<p>Je me suis sentie beaucoup plus d\u00e9tendue, moins stress\u00e9e et surtout moins angoiss\u00e9e.<\/p>\n<p>Elle m\u2019a permis de reprendre confiance en moi et de reprendre l\u2019envie de vivre.<\/p>\n<p>Avant j\u2019avais des id\u00e9es suicidaires, et maintenant, j\u2019ai peur de mourir. Je trouve que la vie est de plus en plus belle<\/p>\n<p>Je ne vous dirai jamais assez merci, pour ce bien.<\/p>\n","protected":false},"excerpt":{"rendered":"<p>30.12.2007 B- Bernadette Je certifie avoir \u00e9t\u00e9 vue en consultation dans le cabinet de Madame Bourgoin Edeline, \u00e0 St Jean Le Blanc. Au cours de la visite, j\u2019ai ressenti plusieurs sensations de chaleurs au niveau du c\u0153ur, foie, du cot\u00e9 droit au niveau du bas ventre. Et toujours \u00e0 la m\u00eame consultation, j\u2019ai ressenti comme [&hellip;]<\/p>\n","protected":false},"author":1,"featured_media":0,"parent":0,"menu_order":0,"comment_status":"closed","ping_status":"closed","template":"","meta":[],"_links":{"self":[{"href":"https:\/\/sylvie-edeline.com\/index.php\/wp-json\/wp\/v2\/pages\/474"}],"collection":[{"href":"https:\/\/sylvie-edeline.com\/index.php\/wp-json\/wp\/v2\/pages"}],"about":[{"href":"https:\/\/sylvie-edeline.com\/index.php\/wp-json\/wp\/v2\/types\/page"}],"author":[{"embeddable":true,"href":"https:\/\/sylvie-edeline.com\/index.php\/wp-json\/wp\/v2\/users\/1"}],"replies":[{"embeddable":true,"href":"https:\/\/sylvie-edeline.com\/index.php\/wp-json\/wp\/v2\/comments?post=474"}],"version-history":[{"count":1,"href":"https:\/\/sylvie-edeline.com\/index.php\/wp-json\/wp\/v2\/pages\/474\/revisions"}],"predecessor-version":[{"id":475,"href":"https:\/\/sylvie-edeline.com\/index.php\/wp-json\/wp\/v2\/pages\/474\/revisions\/475"}],"wp:attachment":[{"href":"https:\/\/sylvie-edeline.com\/index.php\/wp-json\/wp\/v2\/media?parent=474"}],"curies":[{"name":"wp","href":"https:\/\/api.w.org\/{rel}","templated":true}]}}