{"id":476,"date":"2016-09-13T14:31:24","date_gmt":"2016-09-13T13:31:24","guid":{"rendered":"http:\/\/sylvie-edeline.com\/?page_id=476"},"modified":"2016-09-13T14:31:24","modified_gmt":"2016-09-13T13:31:24","slug":"troubles-hepatiques","status":"publish","type":"page","link":"https:\/\/sylvie-edeline.com\/index.php\/troubles-hepatiques\/","title":{"rendered":"Troubles H\u00e9patiques"},"content":{"rendered":"<p><strong>12.2007<\/strong><\/p>\n<p><strong>H MME<\/strong><\/p>\n<p><strong>D\u00e9but octobre, j\u2019\u00e9tais atteinte d\u2019une pneumopathie associ\u00e9e a des troubles h\u00e9patiques et d\u2019une grande fatigue.<\/strong><\/p>\n<p><strong>Courant Novembre et D\u00e9cembre, j\u2019ai consult\u00e9 Madame Bourgoin Edeline.<\/strong><\/p>\n<p><strong>Depuis D\u00e9cembre, je suis en pleine forme, les troubles h\u00e9patiques ont disparus.<\/strong><\/p>\n<p><strong>Merci \u00e0 Madame Bourgoin<\/strong><\/p>\n","protected":false},"excerpt":{"rendered":"<p>12.2007 H MME D\u00e9but octobre, j\u2019\u00e9tais atteinte d\u2019une pneumopathie associ\u00e9e a des troubles h\u00e9patiques et d\u2019une grande fatigue. Courant Novembre et D\u00e9cembre, j\u2019ai consult\u00e9 Madame Bourgoin Edeline. Depuis D\u00e9cembre, je suis en pleine forme, les troubles h\u00e9patiques ont disparus. Merci \u00e0 Madame Bourgoin<\/p>\n","protected":false},"author":1,"featured_media":0,"parent":0,"menu_order":0,"comment_status":"closed","ping_status":"closed","template":"","meta":[],"_links":{"self":[{"href":"https:\/\/sylvie-edeline.com\/index.php\/wp-json\/wp\/v2\/pages\/476"}],"collection":[{"href":"https:\/\/sylvie-edeline.com\/index.php\/wp-json\/wp\/v2\/pages"}],"about":[{"href":"https:\/\/sylvie-edeline.com\/index.php\/wp-json\/wp\/v2\/types\/page"}],"author":[{"embeddable":true,"href":"https:\/\/sylvie-edeline.com\/index.php\/wp-json\/wp\/v2\/users\/1"}],"replies":[{"embeddable":true,"href":"https:\/\/sylvie-edeline.com\/index.php\/wp-json\/wp\/v2\/comments?post=476"}],"version-history":[{"count":1,"href":"https:\/\/sylvie-edeline.com\/index.php\/wp-json\/wp\/v2\/pages\/476\/revisions"}],"predecessor-version":[{"id":477,"href":"https:\/\/sylvie-edeline.com\/index.php\/wp-json\/wp\/v2\/pages\/476\/revisions\/477"}],"wp:attachment":[{"href":"https:\/\/sylvie-edeline.com\/index.php\/wp-json\/wp\/v2\/media?parent=476"}],"curies":[{"name":"wp","href":"https:\/\/api.w.org\/{rel}","templated":true}]}}