{"id":478,"date":"2016-09-13T14:32:25","date_gmt":"2016-09-13T13:32:25","guid":{"rendered":"http:\/\/sylvie-edeline.com\/?page_id=478"},"modified":"2016-09-13T14:32:33","modified_gmt":"2016-09-13T13:32:33","slug":"mal-au-genou","status":"publish","type":"page","link":"https:\/\/sylvie-edeline.com\/index.php\/mal-au-genou\/","title":{"rendered":"Mal au genou"},"content":{"rendered":"<p><strong>12.2007<\/strong><\/p>\n<p><strong>\u00a0<\/strong><\/p>\n<p><strong>B- Jean Pierre<\/strong><\/p>\n<p><strong>Je Monsieur B Jean-Pierre demeurant \u00e0 \u2026. Dans la Manche, s\u2019est vu soulag\u00e9 par Madame Bourgoin Edeline Sylvie demeurant \u00e0 St Jean Le Blanc suite \u00e0 deux appels t\u00e9l\u00e9phoniques en 07.2007.<\/strong><\/p>\n<p><strong>Je souffrais de mon genou droit. Je marchais avec une genouill\u00e8re articul\u00e9e, et l\u2019a port\u00e9 le jour comme de nuit.<\/strong><\/p>\n<p><strong>Je lui ai envoy\u00e9 une photo de moi. Elle m\u2019a appel\u00e9 au t\u00e9l\u00e9phone et pendant son appel, j\u2019ai ressenti des fourmillements dans mon genou malade, elle m\u2019a dit beaucoup de choses sur ma sant\u00e9, elles \u00e9taient toutes vraies (stress, mal \u00e0 la cheville gauche, probl\u00e8me de c\u0153ur etc.\u2026) La nuit d\u2019apr\u00e8s, j\u2019ai dormi comme un vrai b\u00e9b\u00e9. Et maintenant, je ne mets\u00a0 plus de genouill\u00e8re. Je vais \u00e0 la chasse sans ressentir mon genou droit. Encore merci pour ce r\u00e9sultat.<\/strong><\/p>\n","protected":false},"excerpt":{"rendered":"<p>12.2007 \u00a0 B- Jean Pierre Je Monsieur B Jean-Pierre demeurant \u00e0 \u2026. Dans la Manche, s\u2019est vu soulag\u00e9 par Madame Bourgoin Edeline Sylvie demeurant \u00e0 St Jean Le Blanc suite \u00e0 deux appels t\u00e9l\u00e9phoniques en 07.2007. Je souffrais de mon genou droit. Je marchais avec une genouill\u00e8re articul\u00e9e, et l\u2019a port\u00e9 le jour comme de [&hellip;]<\/p>\n","protected":false},"author":1,"featured_media":0,"parent":0,"menu_order":0,"comment_status":"closed","ping_status":"closed","template":"","meta":[],"_links":{"self":[{"href":"https:\/\/sylvie-edeline.com\/index.php\/wp-json\/wp\/v2\/pages\/478"}],"collection":[{"href":"https:\/\/sylvie-edeline.com\/index.php\/wp-json\/wp\/v2\/pages"}],"about":[{"href":"https:\/\/sylvie-edeline.com\/index.php\/wp-json\/wp\/v2\/types\/page"}],"author":[{"embeddable":true,"href":"https:\/\/sylvie-edeline.com\/index.php\/wp-json\/wp\/v2\/users\/1"}],"replies":[{"embeddable":true,"href":"https:\/\/sylvie-edeline.com\/index.php\/wp-json\/wp\/v2\/comments?post=478"}],"version-history":[{"count":1,"href":"https:\/\/sylvie-edeline.com\/index.php\/wp-json\/wp\/v2\/pages\/478\/revisions"}],"predecessor-version":[{"id":479,"href":"https:\/\/sylvie-edeline.com\/index.php\/wp-json\/wp\/v2\/pages\/478\/revisions\/479"}],"wp:attachment":[{"href":"https:\/\/sylvie-edeline.com\/index.php\/wp-json\/wp\/v2\/media?parent=478"}],"curies":[{"name":"wp","href":"https:\/\/api.w.org\/{rel}","templated":true}]}}