{"id":502,"date":"2016-09-13T14:42:41","date_gmt":"2016-09-13T13:42:41","guid":{"rendered":"http:\/\/sylvie-edeline.com\/?page_id=502"},"modified":"2016-09-13T14:42:41","modified_gmt":"2016-09-13T13:42:41","slug":"douleur-a-la-poitrine","status":"publish","type":"page","link":"https:\/\/sylvie-edeline.com\/index.php\/douleur-a-la-poitrine\/","title":{"rendered":"Douleur \u00e0 la poitrine"},"content":{"rendered":"<p><strong>22.04.2010<\/strong><\/p>\n<p>&nbsp;<\/p>\n<p><strong>T-C\u00e9cile<\/strong><\/p>\n<p>&nbsp;<\/p>\n<p>Je me permet de vous \u00e9crire pour vous exprimer toutes la reconnaissance pour le bien \u00eatre ressenti depuis mon passage chez vous, je ne ressent plus mes douleurs dans la poitrine et ailleurs aussi, votre coton fait merveille, mes mains ne tremblent plus, et surtout je n\u2019\u00e9prouve plus ce besoin d\u2019inhaler de la \u00abventoline\u00a0\u00bb avant il me fallait le faire une dizaine de fois, jour et nuit, c(est vraiment merveilleux, encore merci sinc\u00e8rement.<\/p>\n","protected":false},"excerpt":{"rendered":"<p>22.04.2010 &nbsp; T-C\u00e9cile &nbsp; Je me permet de vous \u00e9crire pour vous exprimer toutes la reconnaissance pour le bien \u00eatre ressenti depuis mon passage chez vous, je ne ressent plus mes douleurs dans la poitrine et ailleurs aussi, votre coton fait merveille, mes mains ne tremblent plus, et surtout je n\u2019\u00e9prouve plus ce besoin d\u2019inhaler [&hellip;]<\/p>\n","protected":false},"author":1,"featured_media":0,"parent":0,"menu_order":0,"comment_status":"closed","ping_status":"closed","template":"","meta":[],"_links":{"self":[{"href":"https:\/\/sylvie-edeline.com\/index.php\/wp-json\/wp\/v2\/pages\/502"}],"collection":[{"href":"https:\/\/sylvie-edeline.com\/index.php\/wp-json\/wp\/v2\/pages"}],"about":[{"href":"https:\/\/sylvie-edeline.com\/index.php\/wp-json\/wp\/v2\/types\/page"}],"author":[{"embeddable":true,"href":"https:\/\/sylvie-edeline.com\/index.php\/wp-json\/wp\/v2\/users\/1"}],"replies":[{"embeddable":true,"href":"https:\/\/sylvie-edeline.com\/index.php\/wp-json\/wp\/v2\/comments?post=502"}],"version-history":[{"count":1,"href":"https:\/\/sylvie-edeline.com\/index.php\/wp-json\/wp\/v2\/pages\/502\/revisions"}],"predecessor-version":[{"id":503,"href":"https:\/\/sylvie-edeline.com\/index.php\/wp-json\/wp\/v2\/pages\/502\/revisions\/503"}],"wp:attachment":[{"href":"https:\/\/sylvie-edeline.com\/index.php\/wp-json\/wp\/v2\/media?parent=502"}],"curies":[{"name":"wp","href":"https:\/\/api.w.org\/{rel}","templated":true}]}}