{"id":506,"date":"2016-09-13T14:44:05","date_gmt":"2016-09-13T13:44:05","guid":{"rendered":"http:\/\/sylvie-edeline.com\/?page_id=506"},"modified":"2016-09-13T14:44:05","modified_gmt":"2016-09-13T13:44:05","slug":"eczema","status":"publish","type":"page","link":"https:\/\/sylvie-edeline.com\/index.php\/eczema\/","title":{"rendered":"Ecz\u00e9ma"},"content":{"rendered":"<p>Le 7 juin 2011 par mail<\/p>\n<p>Bonjour Sylvie<\/p>\n<p>Je vous contacte pour vous donner des nouvelles de mon ecz\u00e9ma, je tiens \u00e0<br \/>\nvous f\u00e9liciter pour vos mains bienfaitrices<br \/>\nen effet il a presque disparu je suis ravie de notre rencontre\u00a0\u00a0et tr\u00e8s<br \/>\ncontente du r\u00e9sultat<br \/>\nau diable les cortico\u00eedes et les solutions m\u00e9dicamenteuses !<br \/>\nRien de vaut votre th\u00e9rapie<br \/>\nJ&rsquo;ai parl\u00e9 de vous aujourd hui \u00e0 mes coll\u00e8gues de travail qui ont remarqu\u00e9<br \/>\nque mes jambes n&rsquo;avaient plus de tr\u00e2ces<br \/>\nJ&rsquo;ai racont\u00e9 notre rencontre et vos soins &#8230;m\u00eame persuad\u00e9es les plus<br \/>\nseptiques<br \/>\nJ&rsquo;ai vant\u00e9 vos soins et nos entretiens je pense qu&rsquo;elles sont conquises et<br \/>\ndemain je distribue vos cartes de visite<br \/>\nJe reconnais que vous m&rsquo;avez procur\u00e9 de tr\u00e8s bonnes sensations \u00e0 la sortie<br \/>\nde vos s\u00e9ances et que la gu\u00e9rison a suivi<br \/>\nje suis presque enfin d\u00e9barass\u00e9e\u00a0\u00a0de l&rsquo;ecz\u00e9ma<br \/>\nj&rsquo;applique toujours quotidiennement les carr\u00e9s de coton que je d\u00e9coupe<br \/>\npr\u00e9cieusement de ce fait tous les soirs je pense \u00e0 vous<\/p>\n<p>Je vous souhaite bonne chance dans votre profession, je suis confiante sur<br \/>\nce point<\/p>\n<p>j&rsquo;ai votre carte de visite dans mon sac \u00e0 main ..comme un porte bonheur<br \/>\naussi !<br \/>\nRecevez toute\u00a0\u00a0mon amiti\u00e9<\/p>\n","protected":false},"excerpt":{"rendered":"<p>Le 7 juin 2011 par mail Bonjour Sylvie Je vous contacte pour vous donner des nouvelles de mon ecz\u00e9ma, je tiens \u00e0 vous f\u00e9liciter pour vos mains bienfaitrices en effet il a presque disparu je suis ravie de notre rencontre\u00a0\u00a0et tr\u00e8s contente du r\u00e9sultat au diable les cortico\u00eedes et les solutions m\u00e9dicamenteuses ! Rien de [&hellip;]<\/p>\n","protected":false},"author":1,"featured_media":0,"parent":0,"menu_order":0,"comment_status":"closed","ping_status":"closed","template":"","meta":[],"_links":{"self":[{"href":"https:\/\/sylvie-edeline.com\/index.php\/wp-json\/wp\/v2\/pages\/506"}],"collection":[{"href":"https:\/\/sylvie-edeline.com\/index.php\/wp-json\/wp\/v2\/pages"}],"about":[{"href":"https:\/\/sylvie-edeline.com\/index.php\/wp-json\/wp\/v2\/types\/page"}],"author":[{"embeddable":true,"href":"https:\/\/sylvie-edeline.com\/index.php\/wp-json\/wp\/v2\/users\/1"}],"replies":[{"embeddable":true,"href":"https:\/\/sylvie-edeline.com\/index.php\/wp-json\/wp\/v2\/comments?post=506"}],"version-history":[{"count":1,"href":"https:\/\/sylvie-edeline.com\/index.php\/wp-json\/wp\/v2\/pages\/506\/revisions"}],"predecessor-version":[{"id":507,"href":"https:\/\/sylvie-edeline.com\/index.php\/wp-json\/wp\/v2\/pages\/506\/revisions\/507"}],"wp:attachment":[{"href":"https:\/\/sylvie-edeline.com\/index.php\/wp-json\/wp\/v2\/media?parent=506"}],"curies":[{"name":"wp","href":"https:\/\/api.w.org\/{rel}","templated":true}]}}