{"id":529,"date":"2016-09-14T16:04:24","date_gmt":"2016-09-14T15:04:24","guid":{"rendered":"http:\/\/sylvie-edeline.com\/?page_id=529"},"modified":"2018-03-20T09:47:52","modified_gmt":"2018-03-20T08:47:52","slug":"molluscums-photos-et-temoignage","status":"publish","type":"page","link":"https:\/\/sylvie-edeline.com\/index.php\/molluscums-photos-et-temoignage\/","title":{"rendered":"Molluscums Photos et T\u00e9moignage"},"content":{"rendered":"<p style=\"text-align: center;\"><span style=\"color: #000000;\"><strong>Cet enfant avait plus d&rsquo;une centaine de molluscums (corps, bras &#8230;)<\/strong><\/span><\/p>\n<p style=\"text-align: center;\"><span style=\"color: #000000;\"><strong>Il aurait d\u00fb subir une intervention sous anesth\u00e9sie g\u00e9n\u00e9rale pour les retirer un \u00e0 un.<\/strong><\/span><\/p>\n<p style=\"text-align: center;\"><span style=\"color: #000000;\"><strong>4 s\u00e9ances de magn\u00e9tisme ont \u00e9t\u00e9 n\u00e9cessaires pour les faire tomber<\/strong><\/span><\/p>\n<p style=\"text-align: center;\"><span style=\"color: #000000;\"><strong>Ils n&rsquo;ont laiss\u00e9 qu&rsquo;une l\u00e9g\u00e8re cicatrice qui s&rsquo;estompera \u00a0les semaines suivantes.<\/strong><\/span><\/p>\n<figure id=\"attachment_593\" aria-describedby=\"caption-attachment-593\" style=\"width: 165px\" class=\"wp-caption alignleft\"><img decoding=\"async\" loading=\"lazy\" class=\"wp-image-593 size-medium\" src=\"http:\/\/sylvie-edeline.com\/wp-content\/uploads\/2016\/09\/molluscum-1ere-165x300.png\" alt=\"Molluscums-1ere s\u00e9ance\" width=\"165\" height=\"300\" srcset=\"https:\/\/sylvie-edeline.com\/wp-content\/uploads\/2016\/09\/molluscum-1ere-165x300.png 165w, https:\/\/sylvie-edeline.com\/wp-content\/uploads\/2016\/09\/molluscum-1ere-768x1400.png 768w, https:\/\/sylvie-edeline.com\/wp-content\/uploads\/2016\/09\/molluscum-1ere-562x1024.png 562w, https:\/\/sylvie-edeline.com\/wp-content\/uploads\/2016\/09\/molluscum-1ere-690x1258.png 690w, https:\/\/sylvie-edeline.com\/wp-content\/uploads\/2016\/09\/molluscum-1ere.png 769w\" sizes=\"(max-width: 165px) 100vw, 165px\" \/><figcaption id=\"caption-attachment-593\" class=\"wp-caption-text\"><span style=\"color: #000000;\"><strong>Lors de la 1\u00e8re s\u00e9ance<\/strong><\/span><\/figcaption><\/figure>\n<p style=\"text-align: center;\"><span style=\"color: #000000;\"><strong><img decoding=\"async\" loading=\"lazy\" class=\"size-medium wp-image-594 alignleft\" src=\"http:\/\/sylvie-edeline.com\/wp-content\/uploads\/2016\/09\/Molluscums-pendant-2eme-seance-225x300.jpg\" alt=\"SAMSUNG DIGITAL CAMERA\" width=\"225\" height=\"300\" srcset=\"https:\/\/sylvie-edeline.com\/wp-content\/uploads\/2016\/09\/Molluscums-pendant-2eme-seance-225x300.jpg 225w, https:\/\/sylvie-edeline.com\/wp-content\/uploads\/2016\/09\/Molluscums-pendant-2eme-seance-768x1024.jpg 768w, https:\/\/sylvie-edeline.com\/wp-content\/uploads\/2016\/09\/Molluscums-pendant-2eme-seance-690x920.jpg 690w, https:\/\/sylvie-edeline.com\/wp-content\/uploads\/2016\/09\/Molluscums-pendant-2eme-seance-980x1307.jpg 980w, https:\/\/sylvie-edeline.com\/wp-content\/uploads\/2016\/09\/Molluscums-pendant-2eme-seance.jpg 1944w\" sizes=\"(max-width: 225px) 100vw, 225px\" \/><img decoding=\"async\" loading=\"lazy\" class=\"size-medium wp-image-595 alignright\" src=\"http:\/\/sylvie-edeline.com\/wp-content\/uploads\/2016\/09\/Molluscums-pendant-3eme-seance-225x300.jpg\" alt=\"SAMSUNG DIGITAL CAMERA\" width=\"225\" height=\"300\" srcset=\"https:\/\/sylvie-edeline.com\/wp-content\/uploads\/2016\/09\/Molluscums-pendant-3eme-seance-225x300.jpg 225w, https:\/\/sylvie-edeline.com\/wp-content\/uploads\/2016\/09\/Molluscums-pendant-3eme-seance-768x1024.jpg 768w, https:\/\/sylvie-edeline.com\/wp-content\/uploads\/2016\/09\/Molluscums-pendant-3eme-seance-690x920.jpg 690w, https:\/\/sylvie-edeline.com\/wp-content\/uploads\/2016\/09\/Molluscums-pendant-3eme-seance-980x1307.jpg 980w, https:\/\/sylvie-edeline.com\/wp-content\/uploads\/2016\/09\/Molluscums-pendant-3eme-seance.jpg 1944w\" sizes=\"(max-width: 225px) 100vw, 225px\" \/><\/strong><\/span><\/p>\n<p style=\"text-align: center;\"><span style=\"color: #000000;\"><strong>S\u00e9ances interm\u00e9diaires \u00a0\u21d1<\/strong><\/span><\/p>\n<p><img decoding=\"async\" loading=\"lazy\" class=\"size-medium wp-image-596 alignleft\" src=\"http:\/\/sylvie-edeline.com\/wp-content\/uploads\/2016\/09\/molluscums-suite-et-fin-225x300.jpg\" alt=\"molluscums-suite-et-fin\" width=\"225\" height=\"300\" srcset=\"https:\/\/sylvie-edeline.com\/wp-content\/uploads\/2016\/09\/molluscums-suite-et-fin-225x300.jpg 225w, https:\/\/sylvie-edeline.com\/wp-content\/uploads\/2016\/09\/molluscums-suite-et-fin-768x1024.jpg 768w, https:\/\/sylvie-edeline.com\/wp-content\/uploads\/2016\/09\/molluscums-suite-et-fin-690x920.jpg 690w, https:\/\/sylvie-edeline.com\/wp-content\/uploads\/2016\/09\/molluscums-suite-et-fin-980x1307.jpg 980w\" sizes=\"(max-width: 225px) 100vw, 225px\" \/><\/p>\n<p>&nbsp;<\/p>\n<p>&nbsp;<\/p>\n<p>&nbsp;<\/p>\n<p>&nbsp;<\/p>\n<p>&nbsp;<\/p>\n<p>&nbsp;<\/p>\n<p>&nbsp;<\/p>\n<p>&nbsp;<\/p>\n<p>&nbsp;<\/p>\n<p><span style=\"color: #000000;\"><strong>Ci-dessus une photo envoy\u00e9e par la maman de son lieu de vacances peu de temps apr\u00e8s la derni\u00e8re s\u00e9ance<\/strong><\/span><\/p>\n<p>&nbsp;<\/p>\n<p>&nbsp;<\/p>\n<p>&nbsp;<\/p>\n<p><span style=\"color: #000000;\"><strong>mail re\u00e7u le 6 Juillet 2010<\/strong><\/span><\/p>\n<p style=\"text-align: left;\"><span style=\"color: #000000;\"><strong>Bonjour,<\/strong><\/span><br \/>\n<span style=\"color: #000000;\"> <strong>Je prends enfin le temps de vous \u00e9crire pour vous tenir inform\u00e9e de<\/strong><\/span><br \/>\n<span style=\"color: #000000;\"> <strong>l&rsquo;\u00e9volution des molluscums de mon fils Antonin.<\/strong><\/span><br \/>\n<span style=\"color: #000000;\"> <strong>Le r\u00e9sultat est impressionnant. Comme vous pourrez le constater sur la<\/strong><\/span><br \/>\n<span style=\"color: #000000;\"> <strong>photographie,\u00a0 il n&rsquo;a plus rien.<\/strong><\/span><br \/>\n<span style=\"color: #000000;\"> <strong>Certes, on constate de petites cicatrices suite \u00e0 l&rsquo;expulsion du germe.<\/strong><\/span><br \/>\n<span style=\"color: #000000;\"> <strong>Mais c&rsquo;est sans commune mesure avec celles<\/strong><\/span><br \/>\n<span style=\"color: #000000;\"> <strong>qu&rsquo;il aurait du avoir s&rsquo;il avait subi de la\u00a0 chirurgie, comme le<\/strong><\/span><br \/>\n<span style=\"color: #000000;\"> <strong>pr\u00e9conisait un des dermatologues que nous avions consult\u00e9.<\/strong><\/span><br \/>\n<span style=\"color: #000000;\"> <strong>Aussi, je ne saurai que trop vous remercier pour votre intervention, qui<\/strong><\/span><br \/>\n<span style=\"color: #000000;\"> <strong>plus est sans douleur !<\/strong><\/span><br \/>\n<span style=\"color: #000000;\"> <strong>Antonin est redevenu un petit gar\u00e7on comme les autres. Lui qui n&rsquo;osait<\/strong><\/span><br \/>\n<span style=\"color: #000000;\"> <strong>plus porter des t-shirts \u00e0 manches courtes,<\/strong><\/span><br \/>\n<span style=\"color: #000000;\"> <strong>et encore moins se mettre en maillot de bain, \u00e0 retrouver sa joie de vivre.<\/strong><\/span><br \/>\n<span style=\"color: #000000;\"> <strong>Alors, sinc\u00e8rement MERCI. Merci tant pour le r\u00e9sultat, que pour votre<\/strong><\/span><br \/>\n<span style=\"color: #000000;\"> <strong>disponibilit\u00e9, votre gentillesse et votre \u00e9coute.<\/strong><\/span><br \/>\n<span style=\"color: #000000;\"> <strong>Sachant que les molluscums sont toutefois perspicaces, je conserve bien<\/strong><\/span><br \/>\n<span style=\"color: #000000;\"> <strong>entendu vos coordonn\u00e9es, s&rsquo;ils leur prenaient l&rsquo;envie<\/strong><\/span><br \/>\n<span style=\"color: #000000;\"> <strong>de r\u00e9appara\u00eetre.<\/strong><\/span><br \/>\n<span style=\"color: #000000;\"> <strong>Bien cordialement.<\/strong><\/span><\/p>\n<p style=\"text-align: left;\"><span style=\"color: #000000;\"><strong>C.G..<\/strong><\/span><\/p>\n<p>&nbsp;<\/p>\n<p>&nbsp;<\/p>\n<p>&nbsp;<\/p>\n<p>&nbsp;<\/p>\n<p>&nbsp;<\/p>\n<p>&nbsp;<\/p>\n<p>&nbsp;<\/p>\n","protected":false},"excerpt":{"rendered":"<p>Cet enfant avait plus d&rsquo;une centaine de molluscums (corps, bras &#8230;) Il aurait d\u00fb subir une intervention sous anesth\u00e9sie g\u00e9n\u00e9rale pour les retirer un \u00e0 un. 4 s\u00e9ances de magn\u00e9tisme ont \u00e9t\u00e9 n\u00e9cessaires pour les faire tomber Ils n&rsquo;ont laiss\u00e9 qu&rsquo;une l\u00e9g\u00e8re cicatrice qui s&rsquo;estompera \u00a0les semaines suivantes. S\u00e9ances interm\u00e9diaires \u00a0\u21d1 &nbsp; &nbsp; &nbsp; &nbsp; [&hellip;]<\/p>\n","protected":false},"author":1,"featured_media":0,"parent":0,"menu_order":0,"comment_status":"closed","ping_status":"closed","template":"","meta":[],"_links":{"self":[{"href":"https:\/\/sylvie-edeline.com\/index.php\/wp-json\/wp\/v2\/pages\/529"}],"collection":[{"href":"https:\/\/sylvie-edeline.com\/index.php\/wp-json\/wp\/v2\/pages"}],"about":[{"href":"https:\/\/sylvie-edeline.com\/index.php\/wp-json\/wp\/v2\/types\/page"}],"author":[{"embeddable":true,"href":"https:\/\/sylvie-edeline.com\/index.php\/wp-json\/wp\/v2\/users\/1"}],"replies":[{"embeddable":true,"href":"https:\/\/sylvie-edeline.com\/index.php\/wp-json\/wp\/v2\/comments?post=529"}],"version-history":[{"count":34,"href":"https:\/\/sylvie-edeline.com\/index.php\/wp-json\/wp\/v2\/pages\/529\/revisions"}],"predecessor-version":[{"id":1339,"href":"https:\/\/sylvie-edeline.com\/index.php\/wp-json\/wp\/v2\/pages\/529\/revisions\/1339"}],"wp:attachment":[{"href":"https:\/\/sylvie-edeline.com\/index.php\/wp-json\/wp\/v2\/media?parent=529"}],"curies":[{"name":"wp","href":"https:\/\/api.w.org\/{rel}","templated":true}]}}