{"id":552,"date":"2016-09-14T14:22:23","date_gmt":"2016-09-14T13:22:23","guid":{"rendered":"http:\/\/sylvie-edeline.com\/?page_id=552"},"modified":"2018-03-31T12:50:45","modified_gmt":"2018-03-31T11:50:45","slug":"zona-22-aout-2011","status":"publish","type":"page","link":"https:\/\/sylvie-edeline.com\/index.php\/zona-22-aout-2011\/","title":{"rendered":"Zona 22 aout 2011"},"content":{"rendered":"<p>Message port\u00e9 sur le livret de la salle d&rsquo;attente &#8211; 22 ao\u00fbt 2011<\/p>\n<p>Une s\u00e9ance et mamie a vu dispara\u00eetre les br\u00fblures dus \u00e0 un violent zona<\/p>\n<p>Super &#8230; et merci pour votre accueil et votre efficacit\u00e9<\/p>\n<p>Marie<\/p>\n<p>&nbsp;<\/p>\n","protected":false},"excerpt":{"rendered":"<p>Message port\u00e9 sur le livret de la salle d&rsquo;attente &#8211; 22 ao\u00fbt 2011 Une s\u00e9ance et mamie a vu dispara\u00eetre les br\u00fblures dus \u00e0 un violent zona Super &#8230; et merci pour votre accueil et votre efficacit\u00e9 Marie &nbsp;<\/p>\n","protected":false},"author":1,"featured_media":0,"parent":0,"menu_order":0,"comment_status":"closed","ping_status":"closed","template":"","meta":[],"_links":{"self":[{"href":"https:\/\/sylvie-edeline.com\/index.php\/wp-json\/wp\/v2\/pages\/552"}],"collection":[{"href":"https:\/\/sylvie-edeline.com\/index.php\/wp-json\/wp\/v2\/pages"}],"about":[{"href":"https:\/\/sylvie-edeline.com\/index.php\/wp-json\/wp\/v2\/types\/page"}],"author":[{"embeddable":true,"href":"https:\/\/sylvie-edeline.com\/index.php\/wp-json\/wp\/v2\/users\/1"}],"replies":[{"embeddable":true,"href":"https:\/\/sylvie-edeline.com\/index.php\/wp-json\/wp\/v2\/comments?post=552"}],"version-history":[{"count":3,"href":"https:\/\/sylvie-edeline.com\/index.php\/wp-json\/wp\/v2\/pages\/552\/revisions"}],"predecessor-version":[{"id":1346,"href":"https:\/\/sylvie-edeline.com\/index.php\/wp-json\/wp\/v2\/pages\/552\/revisions\/1346"}],"wp:attachment":[{"href":"https:\/\/sylvie-edeline.com\/index.php\/wp-json\/wp\/v2\/media?parent=552"}],"curies":[{"name":"wp","href":"https:\/\/api.w.org\/{rel}","templated":true}]}}