{"id":554,"date":"2016-09-14T14:24:57","date_gmt":"2016-09-14T13:24:57","guid":{"rendered":"http:\/\/sylvie-edeline.com\/?page_id=554"},"modified":"2016-09-14T15:45:26","modified_gmt":"2016-09-14T14:45:26","slug":"verrues-pied","status":"publish","type":"page","link":"https:\/\/sylvie-edeline.com\/index.php\/verrues-pied\/","title":{"rendered":"Verrues au pied"},"content":{"rendered":"<p>Message port\u00e9 sur le livret de la salle d&rsquo;attente &#8211; Novrembre 2011<\/p>\n<p>Apr\u00e8s 2 s\u00e9ances, Marius n&rsquo;a plus de verrues au pied. Il les avait d\u00e9j\u00e0 depuis plusieurs ann\u00e9es et ne partaient pas en les br\u00fblants)<\/p>\n<p>Bravo pour cette efficacit\u00e9.<\/p>\n<p>Merci<\/p>\n<p>M&#8230;.<\/p>\n","protected":false},"excerpt":{"rendered":"<p>Message port\u00e9 sur le livret de la salle d&rsquo;attente &#8211; Novrembre 2011 Apr\u00e8s 2 s\u00e9ances, Marius n&rsquo;a plus de verrues au pied. Il les avait d\u00e9j\u00e0 depuis plusieurs ann\u00e9es et ne partaient pas en les br\u00fblants) Bravo pour cette efficacit\u00e9. Merci M&#8230;.<\/p>\n","protected":false},"author":1,"featured_media":0,"parent":0,"menu_order":0,"comment_status":"closed","ping_status":"closed","template":"","meta":[],"_links":{"self":[{"href":"https:\/\/sylvie-edeline.com\/index.php\/wp-json\/wp\/v2\/pages\/554"}],"collection":[{"href":"https:\/\/sylvie-edeline.com\/index.php\/wp-json\/wp\/v2\/pages"}],"about":[{"href":"https:\/\/sylvie-edeline.com\/index.php\/wp-json\/wp\/v2\/types\/page"}],"author":[{"embeddable":true,"href":"https:\/\/sylvie-edeline.com\/index.php\/wp-json\/wp\/v2\/users\/1"}],"replies":[{"embeddable":true,"href":"https:\/\/sylvie-edeline.com\/index.php\/wp-json\/wp\/v2\/comments?post=554"}],"version-history":[{"count":4,"href":"https:\/\/sylvie-edeline.com\/index.php\/wp-json\/wp\/v2\/pages\/554\/revisions"}],"predecessor-version":[{"id":574,"href":"https:\/\/sylvie-edeline.com\/index.php\/wp-json\/wp\/v2\/pages\/554\/revisions\/574"}],"wp:attachment":[{"href":"https:\/\/sylvie-edeline.com\/index.php\/wp-json\/wp\/v2\/media?parent=554"}],"curies":[{"name":"wp","href":"https:\/\/api.w.org\/{rel}","templated":true}]}}