{"id":561,"date":"2016-09-14T14:30:10","date_gmt":"2016-09-14T13:30:10","guid":{"rendered":"http:\/\/sylvie-edeline.com\/?page_id=561"},"modified":"2018-05-22T21:09:57","modified_gmt":"2018-05-22T20:09:57","slug":"fatigue-et-kyste-poplite","status":"publish","type":"page","link":"https:\/\/sylvie-edeline.com\/index.php\/fatigue-et-kyste-poplite\/","title":{"rendered":"Fatigue et kyste poplit\u00e9"},"content":{"rendered":"<p>Message port\u00e9 sur le livret de la salle d&rsquo;attente &#8211; Septembre 2013<\/p>\n<p>Venue pour une grande fatigue g\u00e9n\u00e9rale et une douleur derri\u00e8re le genou (kyste poplit\u00e9), je suis repartie tremblante apr\u00e8s une longue s\u00e9ance avec vous un soir..<\/p>\n<p>3 jours apr\u00e8s, j&rsquo;ai constat\u00e9 avec une immense joie que la douleur de mon genou avait totalement disparue.<\/p>\n<p>G\u00e9nial et merci pour votre gentillesse et vos comp\u00e9tences<\/p>\n<p>Anonyme<\/p>\n<p>&nbsp;<\/p>\n","protected":false},"excerpt":{"rendered":"<p>Message port\u00e9 sur le livret de la salle d&rsquo;attente &#8211; Septembre 2013 Venue pour une grande fatigue g\u00e9n\u00e9rale et une douleur derri\u00e8re le genou (kyste poplit\u00e9), je suis repartie tremblante apr\u00e8s une longue s\u00e9ance avec vous un soir.. 3 jours apr\u00e8s, j&rsquo;ai constat\u00e9 avec une immense joie que la douleur de mon genou avait totalement [&hellip;]<\/p>\n","protected":false},"author":1,"featured_media":0,"parent":0,"menu_order":0,"comment_status":"closed","ping_status":"closed","template":"","meta":[],"_links":{"self":[{"href":"https:\/\/sylvie-edeline.com\/index.php\/wp-json\/wp\/v2\/pages\/561"}],"collection":[{"href":"https:\/\/sylvie-edeline.com\/index.php\/wp-json\/wp\/v2\/pages"}],"about":[{"href":"https:\/\/sylvie-edeline.com\/index.php\/wp-json\/wp\/v2\/types\/page"}],"author":[{"embeddable":true,"href":"https:\/\/sylvie-edeline.com\/index.php\/wp-json\/wp\/v2\/users\/1"}],"replies":[{"embeddable":true,"href":"https:\/\/sylvie-edeline.com\/index.php\/wp-json\/wp\/v2\/comments?post=561"}],"version-history":[{"count":2,"href":"https:\/\/sylvie-edeline.com\/index.php\/wp-json\/wp\/v2\/pages\/561\/revisions"}],"predecessor-version":[{"id":1362,"href":"https:\/\/sylvie-edeline.com\/index.php\/wp-json\/wp\/v2\/pages\/561\/revisions\/1362"}],"wp:attachment":[{"href":"https:\/\/sylvie-edeline.com\/index.php\/wp-json\/wp\/v2\/media?parent=561"}],"curies":[{"name":"wp","href":"https:\/\/api.w.org\/{rel}","templated":true}]}}