{"id":563,"date":"2016-09-14T14:35:50","date_gmt":"2016-09-14T13:35:50","guid":{"rendered":"http:\/\/sylvie-edeline.com\/?page_id=563"},"modified":"2016-09-14T14:35:50","modified_gmt":"2016-09-14T13:35:50","slug":"bipolarite","status":"publish","type":"page","link":"https:\/\/sylvie-edeline.com\/index.php\/bipolarite\/","title":{"rendered":"Bipolarit\u00e9"},"content":{"rendered":"<p>Message port\u00e9 sur le livret de la salle d&rsquo;attente &#8211; 30 Avril 2015<\/p>\n<p>Maintenant, avec des s\u00e9ance r\u00e9guli\u00e8res tous les mois, j&rsquo;arrive \u00e0 ne plus penser \u00e0 ma maladie bipolaire qui m&rsquo;handicapait beaucoup dans ma vie quotidienne.<\/p>\n<p>Maintenant, je suis plus sereine, j&rsquo;arrive \u00e0 surmonter les sympt\u00f4mes de la maladie entre les moments de haut et de bas. Grace \u00e0 vous, cela m&rsquo;a permis de retrouver une vie \u00ab\u00a0normale\u00a0\u00bb.<\/p>\n<p>Je vous remercie beaucoup pour le bien que vous m&rsquo;apportez.<\/p>\n<p>Vous \u00eates une personne comp\u00e9tente et tr\u00e8s \u00e0 l&rsquo;\u00e9coute qui contribue \u00e0 la gu\u00e9rison.<\/p>\n<p>Continuez dans cette voie qui vous donne tous ces atouts.<\/p>\n<p>M-C C<\/p>\n","protected":false},"excerpt":{"rendered":"<p>Message port\u00e9 sur le livret de la salle d&rsquo;attente &#8211; 30 Avril 2015 Maintenant, avec des s\u00e9ance r\u00e9guli\u00e8res tous les mois, j&rsquo;arrive \u00e0 ne plus penser \u00e0 ma maladie bipolaire qui m&rsquo;handicapait beaucoup dans ma vie quotidienne. Maintenant, je suis plus sereine, j&rsquo;arrive \u00e0 surmonter les sympt\u00f4mes de la maladie entre les moments de haut [&hellip;]<\/p>\n","protected":false},"author":1,"featured_media":0,"parent":0,"menu_order":0,"comment_status":"closed","ping_status":"closed","template":"","meta":[],"_links":{"self":[{"href":"https:\/\/sylvie-edeline.com\/index.php\/wp-json\/wp\/v2\/pages\/563"}],"collection":[{"href":"https:\/\/sylvie-edeline.com\/index.php\/wp-json\/wp\/v2\/pages"}],"about":[{"href":"https:\/\/sylvie-edeline.com\/index.php\/wp-json\/wp\/v2\/types\/page"}],"author":[{"embeddable":true,"href":"https:\/\/sylvie-edeline.com\/index.php\/wp-json\/wp\/v2\/users\/1"}],"replies":[{"embeddable":true,"href":"https:\/\/sylvie-edeline.com\/index.php\/wp-json\/wp\/v2\/comments?post=563"}],"version-history":[{"count":1,"href":"https:\/\/sylvie-edeline.com\/index.php\/wp-json\/wp\/v2\/pages\/563\/revisions"}],"predecessor-version":[{"id":564,"href":"https:\/\/sylvie-edeline.com\/index.php\/wp-json\/wp\/v2\/pages\/563\/revisions\/564"}],"wp:attachment":[{"href":"https:\/\/sylvie-edeline.com\/index.php\/wp-json\/wp\/v2\/media?parent=563"}],"curies":[{"name":"wp","href":"https:\/\/api.w.org\/{rel}","templated":true}]}}