{"id":565,"date":"2016-09-14T14:39:10","date_gmt":"2016-09-14T13:39:10","guid":{"rendered":"http:\/\/sylvie-edeline.com\/?page_id=565"},"modified":"2016-09-14T14:39:10","modified_gmt":"2016-09-14T13:39:10","slug":"mal-etre-avril-2016","status":"publish","type":"page","link":"https:\/\/sylvie-edeline.com\/index.php\/mal-etre-avril-2016\/","title":{"rendered":"Mal-Etre &#8211; avril 2016"},"content":{"rendered":"<p>Message port\u00e9 sur le livret de la salle d&rsquo;attente &#8211; Avril 2016<\/p>\n<p>Je suis venue vous voir un jour o\u00f9, j&rsquo;\u00e9tais vraiment pas bien. Une s\u00e9ance d&rsquo;1heure et 1\/2 cela m&rsquo;a fait du bien. Je suis ressortie de chez vous avec beaucoup de soleil et cela je vous en remercie \u00e9norm\u00e9ment.<\/p>\n<p>Bonne continuation<\/p>\n<p>A bient\u00f4t<\/p>\n<p>N.<\/p>\n<p>&nbsp;<\/p>\n","protected":false},"excerpt":{"rendered":"<p>Message port\u00e9 sur le livret de la salle d&rsquo;attente &#8211; Avril 2016 Je suis venue vous voir un jour o\u00f9, j&rsquo;\u00e9tais vraiment pas bien. Une s\u00e9ance d&rsquo;1heure et 1\/2 cela m&rsquo;a fait du bien. Je suis ressortie de chez vous avec beaucoup de soleil et cela je vous en remercie \u00e9norm\u00e9ment. Bonne continuation A bient\u00f4t [&hellip;]<\/p>\n","protected":false},"author":1,"featured_media":0,"parent":0,"menu_order":0,"comment_status":"closed","ping_status":"closed","template":"","meta":[],"_links":{"self":[{"href":"https:\/\/sylvie-edeline.com\/index.php\/wp-json\/wp\/v2\/pages\/565"}],"collection":[{"href":"https:\/\/sylvie-edeline.com\/index.php\/wp-json\/wp\/v2\/pages"}],"about":[{"href":"https:\/\/sylvie-edeline.com\/index.php\/wp-json\/wp\/v2\/types\/page"}],"author":[{"embeddable":true,"href":"https:\/\/sylvie-edeline.com\/index.php\/wp-json\/wp\/v2\/users\/1"}],"replies":[{"embeddable":true,"href":"https:\/\/sylvie-edeline.com\/index.php\/wp-json\/wp\/v2\/comments?post=565"}],"version-history":[{"count":2,"href":"https:\/\/sylvie-edeline.com\/index.php\/wp-json\/wp\/v2\/pages\/565\/revisions"}],"predecessor-version":[{"id":567,"href":"https:\/\/sylvie-edeline.com\/index.php\/wp-json\/wp\/v2\/pages\/565\/revisions\/567"}],"wp:attachment":[{"href":"https:\/\/sylvie-edeline.com\/index.php\/wp-json\/wp\/v2\/media?parent=565"}],"curies":[{"name":"wp","href":"https:\/\/api.w.org\/{rel}","templated":true}]}}