{"id":579,"date":"2016-09-14T15:49:44","date_gmt":"2016-09-14T14:49:44","guid":{"rendered":"http:\/\/sylvie-edeline.com\/?page_id=579"},"modified":"2018-03-20T09:48:31","modified_gmt":"2018-03-20T08:48:31","slug":"verrues-pied-droit","status":"publish","type":"page","link":"https:\/\/sylvie-edeline.com\/index.php\/verrues-pied-droit\/","title":{"rendered":"Verrues en plaque au pied droit"},"content":{"rendered":"<p><img decoding=\"async\" loading=\"lazy\" class=\"size-medium wp-image-533 alignleft\" src=\"http:\/\/sylvie-edeline.com\/wp-content\/uploads\/2016\/09\/SDC10722-225x300.jpg\" alt=\"SAMSUNG DIGITAL CAMERA\" width=\"225\" height=\"300\" srcset=\"https:\/\/sylvie-edeline.com\/wp-content\/uploads\/2016\/09\/SDC10722-225x300.jpg 225w, https:\/\/sylvie-edeline.com\/wp-content\/uploads\/2016\/09\/SDC10722-768x1024.jpg 768w, https:\/\/sylvie-edeline.com\/wp-content\/uploads\/2016\/09\/SDC10722-690x920.jpg 690w, https:\/\/sylvie-edeline.com\/wp-content\/uploads\/2016\/09\/SDC10722-980x1307.jpg 980w, https:\/\/sylvie-edeline.com\/wp-content\/uploads\/2016\/09\/SDC10722.jpg 1944w\" sizes=\"(max-width: 225px) 100vw, 225px\" \/><\/p>\n<p style=\"text-align: center;\"><img decoding=\"async\" loading=\"lazy\" class=\"size-medium wp-image-532 alignright\" src=\"http:\/\/sylvie-edeline.com\/wp-content\/uploads\/2016\/09\/SDC10843-225x300.jpg\" alt=\"SAMSUNG DIGITAL CAMERA\" width=\"225\" height=\"300\" srcset=\"https:\/\/sylvie-edeline.com\/wp-content\/uploads\/2016\/09\/SDC10843-225x300.jpg 225w, https:\/\/sylvie-edeline.com\/wp-content\/uploads\/2016\/09\/SDC10843-768x1024.jpg 768w, https:\/\/sylvie-edeline.com\/wp-content\/uploads\/2016\/09\/SDC10843-690x920.jpg 690w, https:\/\/sylvie-edeline.com\/wp-content\/uploads\/2016\/09\/SDC10843-980x1307.jpg 980w, https:\/\/sylvie-edeline.com\/wp-content\/uploads\/2016\/09\/SDC10843.jpg 1944w\" sizes=\"(max-width: 225px) 100vw, 225px\" \/><\/p>\n<p style=\"text-align: center;\"><strong>Verrues en plaque sur pied droit<\/strong><\/p>\n<p style=\"text-align: center;\"><strong>3 s\u00e9ances ont \u00e9t\u00e9 n\u00e9cessaires<\/strong><\/p>\n<p style=\"text-align: center;\"><strong>Les verrues sont devenues grises et sont tomb\u00e9es sans que la personne ne s&rsquo;en aper\u00e7oive<\/strong><\/p>\n","protected":false},"excerpt":{"rendered":"<p>Verrues en plaque sur pied droit 3 s\u00e9ances ont \u00e9t\u00e9 n\u00e9cessaires Les verrues sont devenues grises et sont tomb\u00e9es sans que la personne ne s&rsquo;en aper\u00e7oive<\/p>\n","protected":false},"author":1,"featured_media":0,"parent":0,"menu_order":0,"comment_status":"closed","ping_status":"closed","template":"","meta":[],"_links":{"self":[{"href":"https:\/\/sylvie-edeline.com\/index.php\/wp-json\/wp\/v2\/pages\/579"}],"collection":[{"href":"https:\/\/sylvie-edeline.com\/index.php\/wp-json\/wp\/v2\/pages"}],"about":[{"href":"https:\/\/sylvie-edeline.com\/index.php\/wp-json\/wp\/v2\/types\/page"}],"author":[{"embeddable":true,"href":"https:\/\/sylvie-edeline.com\/index.php\/wp-json\/wp\/v2\/users\/1"}],"replies":[{"embeddable":true,"href":"https:\/\/sylvie-edeline.com\/index.php\/wp-json\/wp\/v2\/comments?post=579"}],"version-history":[{"count":9,"href":"https:\/\/sylvie-edeline.com\/index.php\/wp-json\/wp\/v2\/pages\/579\/revisions"}],"predecessor-version":[{"id":1340,"href":"https:\/\/sylvie-edeline.com\/index.php\/wp-json\/wp\/v2\/pages\/579\/revisions\/1340"}],"wp:attachment":[{"href":"https:\/\/sylvie-edeline.com\/index.php\/wp-json\/wp\/v2\/media?parent=579"}],"curies":[{"name":"wp","href":"https:\/\/api.w.org\/{rel}","templated":true}]}}