{"id":631,"date":"2016-09-14T17:06:57","date_gmt":"2016-09-14T16:06:57","guid":{"rendered":"http:\/\/sylvie-edeline.com\/?page_id=631"},"modified":"2016-09-14T22:35:37","modified_gmt":"2016-09-14T21:35:37","slug":"zona-au-cou","status":"publish","type":"page","link":"https:\/\/sylvie-edeline.com\/index.php\/zona-au-cou\/","title":{"rendered":"Zona au cou"},"content":{"rendered":"<p><img decoding=\"async\" loading=\"lazy\" class=\"size-medium wp-image-632 alignright\" src=\"http:\/\/sylvie-edeline.com\/wp-content\/uploads\/2016\/09\/20130803_102146-225x300.jpg\" alt=\"20130803_102146\" width=\"225\" height=\"300\" srcset=\"https:\/\/sylvie-edeline.com\/wp-content\/uploads\/2016\/09\/20130803_102146-225x300.jpg 225w, https:\/\/sylvie-edeline.com\/wp-content\/uploads\/2016\/09\/20130803_102146-768x1024.jpg 768w, https:\/\/sylvie-edeline.com\/wp-content\/uploads\/2016\/09\/20130803_102146-690x920.jpg 690w, https:\/\/sylvie-edeline.com\/wp-content\/uploads\/2016\/09\/20130803_102146-980x1307.jpg 980w\" sizes=\"(max-width: 225px) 100vw, 225px\" \/><img decoding=\"async\" loading=\"lazy\" class=\"size-medium wp-image-633 alignleft\" src=\"http:\/\/sylvie-edeline.com\/wp-content\/uploads\/2016\/09\/20130803_102114_1-225x300.jpg\" alt=\"20130803_102114_1\" width=\"225\" height=\"300\" srcset=\"https:\/\/sylvie-edeline.com\/wp-content\/uploads\/2016\/09\/20130803_102114_1-225x300.jpg 225w, https:\/\/sylvie-edeline.com\/wp-content\/uploads\/2016\/09\/20130803_102114_1-768x1024.jpg 768w, https:\/\/sylvie-edeline.com\/wp-content\/uploads\/2016\/09\/20130803_102114_1-690x920.jpg 690w, https:\/\/sylvie-edeline.com\/wp-content\/uploads\/2016\/09\/20130803_102114_1-980x1307.jpg 980w\" sizes=\"(max-width: 225px) 100vw, 225px\" \/><\/p>\n<p style=\"text-align: center;\"><span style=\"color: #000000;\"><strong>\u00a0<\/strong><\/span><\/p>\n<p style=\"text-align: center;\"><span style=\"color: #000000;\"><strong>Zona \u00e0 la premi\u00e8re s\u00e9ance<\/strong><\/span><\/p>\n<p>&nbsp;<\/p>\n<p>&nbsp;<\/p>\n<p>&nbsp;<\/p>\n<p>&nbsp;<\/p>\n<p>&nbsp;<\/p>\n<p>&nbsp;<\/p>\n<p>&nbsp;<\/p>\n<p style=\"text-align: center;\"><img decoding=\"async\" loading=\"lazy\" class=\"size-medium wp-image-635 alignleft\" src=\"http:\/\/sylvie-edeline.com\/wp-content\/uploads\/2016\/09\/20130806_160506-225x300.jpg\" alt=\"20130806_160506\" width=\"225\" height=\"300\" srcset=\"https:\/\/sylvie-edeline.com\/wp-content\/uploads\/2016\/09\/20130806_160506-225x300.jpg 225w, https:\/\/sylvie-edeline.com\/wp-content\/uploads\/2016\/09\/20130806_160506-768x1024.jpg 768w, https:\/\/sylvie-edeline.com\/wp-content\/uploads\/2016\/09\/20130806_160506-690x920.jpg 690w, https:\/\/sylvie-edeline.com\/wp-content\/uploads\/2016\/09\/20130806_160506-980x1307.jpg 980w\" sizes=\"(max-width: 225px) 100vw, 225px\" \/><\/p>\n<p style=\"text-align: center;\"><img decoding=\"async\" loading=\"lazy\" class=\"size-medium wp-image-636 alignright\" src=\"http:\/\/sylvie-edeline.com\/wp-content\/uploads\/2016\/09\/20130806_160513-225x300.jpg\" alt=\"20130806_160513\" width=\"225\" height=\"300\" srcset=\"https:\/\/sylvie-edeline.com\/wp-content\/uploads\/2016\/09\/20130806_160513-225x300.jpg 225w, https:\/\/sylvie-edeline.com\/wp-content\/uploads\/2016\/09\/20130806_160513-768x1024.jpg 768w, https:\/\/sylvie-edeline.com\/wp-content\/uploads\/2016\/09\/20130806_160513-690x920.jpg 690w, https:\/\/sylvie-edeline.com\/wp-content\/uploads\/2016\/09\/20130806_160513-980x1307.jpg 980w\" sizes=\"(max-width: 225px) 100vw, 225px\" \/><\/p>\n<p style=\"text-align: center;\"><span style=\"color: #000000;\"><strong>\u00a0<\/strong><\/span><\/p>\n<p>&nbsp;<\/p>\n<p>&nbsp;<\/p>\n<p style=\"text-align: center;\"><span style=\"color: #000000;\"><strong>Lors de la deuxi\u00e8me s\u00e9ance.<\/strong><\/span><\/p>\n<p style=\"text-align: center;\"><span style=\"color: #000000;\"><strong>5 jours apr\u00e8s la premi\u00e8re.<\/strong><\/span><\/p>\n<p style=\"text-align: center;\"><span style=\"color: #000000;\"><strong>\u00a0<\/strong><\/span><\/p>\n<p>&nbsp;<\/p>\n<p>&nbsp;<\/p>\n<p>&nbsp;<\/p>\n<p>&nbsp;<\/p>\n<p style=\"text-align: center;\"><span style=\"color: #000000;\"><strong>Derni\u00e8re s\u00e9ance, 15 Jours apr\u00e8s la premi\u00e8re<\/strong><\/span><\/p>\n<p style=\"text-align: center;\"><img decoding=\"async\" loading=\"lazy\" class=\"alignnone size-medium wp-image-637\" src=\"http:\/\/sylvie-edeline.com\/wp-content\/uploads\/2016\/09\/20130820_163837-225x300.jpg\" alt=\"20130820_163837\" width=\"225\" height=\"300\" srcset=\"https:\/\/sylvie-edeline.com\/wp-content\/uploads\/2016\/09\/20130820_163837-225x300.jpg 225w, https:\/\/sylvie-edeline.com\/wp-content\/uploads\/2016\/09\/20130820_163837-768x1024.jpg 768w, https:\/\/sylvie-edeline.com\/wp-content\/uploads\/2016\/09\/20130820_163837-690x920.jpg 690w, https:\/\/sylvie-edeline.com\/wp-content\/uploads\/2016\/09\/20130820_163837-980x1307.jpg 980w\" sizes=\"(max-width: 225px) 100vw, 225px\" \/><\/p>\n<p>&nbsp;<\/p>\n","protected":false},"excerpt":{"rendered":"<p>\u00a0 Zona \u00e0 la premi\u00e8re s\u00e9ance &nbsp; &nbsp; &nbsp; &nbsp; &nbsp; &nbsp; &nbsp; \u00a0 &nbsp; &nbsp; Lors de la deuxi\u00e8me s\u00e9ance. 5 jours apr\u00e8s la premi\u00e8re. \u00a0 &nbsp; &nbsp; &nbsp; &nbsp; Derni\u00e8re s\u00e9ance, 15 Jours apr\u00e8s la premi\u00e8re &nbsp;<\/p>\n","protected":false},"author":1,"featured_media":0,"parent":0,"menu_order":0,"comment_status":"closed","ping_status":"closed","template":"","meta":[],"_links":{"self":[{"href":"https:\/\/sylvie-edeline.com\/index.php\/wp-json\/wp\/v2\/pages\/631"}],"collection":[{"href":"https:\/\/sylvie-edeline.com\/index.php\/wp-json\/wp\/v2\/pages"}],"about":[{"href":"https:\/\/sylvie-edeline.com\/index.php\/wp-json\/wp\/v2\/types\/page"}],"author":[{"embeddable":true,"href":"https:\/\/sylvie-edeline.com\/index.php\/wp-json\/wp\/v2\/users\/1"}],"replies":[{"embeddable":true,"href":"https:\/\/sylvie-edeline.com\/index.php\/wp-json\/wp\/v2\/comments?post=631"}],"version-history":[{"count":30,"href":"https:\/\/sylvie-edeline.com\/index.php\/wp-json\/wp\/v2\/pages\/631\/revisions"}],"predecessor-version":[{"id":672,"href":"https:\/\/sylvie-edeline.com\/index.php\/wp-json\/wp\/v2\/pages\/631\/revisions\/672"}],"wp:attachment":[{"href":"https:\/\/sylvie-edeline.com\/index.php\/wp-json\/wp\/v2\/media?parent=631"}],"curies":[{"name":"wp","href":"https:\/\/api.w.org\/{rel}","templated":true}]}}