{"id":673,"date":"2016-09-14T22:57:01","date_gmt":"2016-09-14T21:57:01","guid":{"rendered":"http:\/\/sylvie-edeline.com\/?page_id=673"},"modified":"2018-03-20T09:47:10","modified_gmt":"2018-03-20T08:47:10","slug":"enfant-brule-avec-de-leau-tres-chaude","status":"publish","type":"page","link":"https:\/\/sylvie-edeline.com\/index.php\/enfant-brule-avec-de-leau-tres-chaude\/","title":{"rendered":"Enfant br\u00fbl\u00e9 avec de l&rsquo;eau fumante"},"content":{"rendered":"<p><strong><span style=\"color: #000000;\">Un enfant tr\u00e8s courageux !<\/span><\/strong><\/p>\n<p><strong><span style=\"color: #000000;\">Ce tr\u00e8s jeune enfant a \u00e9t\u00e9 br\u00fbl\u00e9 avec l&rsquo;eau\u00a0fumante\u00a0d&rsquo;une tasse de th\u00e9 lorsqu&rsquo;il \u00e9tait sur les genoux de sa grand-m\u00e8re.<\/span><\/strong><\/p>\n<p><strong><span style=\"color: #000000;\">A la demande des parents,d\u00e8s qu&rsquo;ils m&rsquo;ont pr\u00e9venu\u00a0de cet accident domestique, j&rsquo;ai travaill\u00e9 \u00e0 distance pour arr\u00eater la douleur.\u00a0Photo N\u00b01 envoy\u00e9e par la maman pour me permettre de le magn\u00e9tiser.<\/span><\/strong><\/p>\n<p><strong><span style=\"color: #000000;\">Il avait d\u00e9j\u00e0 re\u00e7u<\/span><span style=\"color: #000000;\">\u00a0des soins d&rsquo;urgence quelques jours avant \u00e0 l\u2019h\u00f4pital.<\/span><\/strong><\/p>\n<p><strong><span style=\"color: #000000;\">Tr\u00e8s rapidement,\u00a0les parents m&rsquo;ont amen\u00e9 le petit. J&rsquo;ai pu travailler de nouveau sur lui,\u00a0mais en direct. Sa douleur semblait d\u00e9j\u00e0\u00a0disparue, car il ne se plaignait pas. J&rsquo;ai magn\u00e9tis\u00e9 ses blessures afin de favoriser la cicatrisation et conserver l&rsquo;apaisement de la douleur. Ce travail a \u00e9t\u00e9 effectu\u00e9 sans toucher ni plaie, ni pansement. Tout a \u00e9t\u00e9 fait en respectant le travail du corps m\u00e9dical (aucun pansement n&rsquo;a \u00e9t\u00e9 retir\u00e9). Photo N\u00b01<\/span><\/strong><\/p>\n<p><strong><span style=\"color: #000000;\">Suivi m\u00e9dicalement, la photo N\u00b02 m&rsquo;a \u00e9t\u00e9 envoy\u00e9e par la maman.<\/span><\/strong><\/p>\n<p><strong><span style=\"color: #000000;\">Les photos N\u00b0 3 et 4 permettent de constater que\u00a04 mois\u00a0apr\u00e8s l&rsquo;accident, il n&rsquo;y a quasiment plus de cicatrices.<\/span><\/strong><\/p>\n<p>&nbsp;<\/p>\n<p><img decoding=\"async\" loading=\"lazy\" class=\"size-medium wp-image-54 alignleft\" src=\"http:\/\/sylvie-edeline.com\/wp-content\/uploads\/2016\/09\/20160121_122849-225x300.jpg\" alt=\"20160121_122849\" width=\"225\" height=\"300\" srcset=\"https:\/\/sylvie-edeline.com\/wp-content\/uploads\/2016\/09\/20160121_122849-225x300.jpg 225w, https:\/\/sylvie-edeline.com\/wp-content\/uploads\/2016\/09\/20160121_122849.jpg 720w\" sizes=\"(max-width: 225px) 100vw, 225px\" \/><img decoding=\"async\" loading=\"lazy\" class=\"size-medium wp-image-55 alignright\" src=\"http:\/\/sylvie-edeline.com\/wp-content\/uploads\/2016\/09\/20160125_105450-225x300.jpg\" alt=\"20160125_105450\" width=\"225\" height=\"300\" srcset=\"https:\/\/sylvie-edeline.com\/wp-content\/uploads\/2016\/09\/20160125_105450-225x300.jpg 225w, https:\/\/sylvie-edeline.com\/wp-content\/uploads\/2016\/09\/20160125_105450.jpg 720w\" sizes=\"(max-width: 225px) 100vw, 225px\" \/><\/p>\n<p>&nbsp;<\/p>\n<p>&nbsp;<\/p>\n<p>&nbsp;<\/p>\n<p style=\"text-align: center;\"><span style=\"color: #000000;\"><strong>\u21d0Photo N\u00b01 \u00a0 &#8211; \u00a0 \u00a0Photo N\u00b02\u21d2<\/strong><\/span><\/p>\n<p>&nbsp;<\/p>\n<p>&nbsp;<\/p>\n<p>&nbsp;<\/p>\n<p>&nbsp;<\/p>\n<p>&nbsp;<\/p>\n<p>&nbsp;<\/p>\n<p><img decoding=\"async\" loading=\"lazy\" class=\"size-medium wp-image-57 alignleft\" src=\"http:\/\/sylvie-edeline.com\/wp-content\/uploads\/2016\/09\/20160528_142439-300x169.jpg\" alt=\"20160528_142439\" width=\"300\" height=\"169\" srcset=\"https:\/\/sylvie-edeline.com\/wp-content\/uploads\/2016\/09\/20160528_142439-300x169.jpg 300w, https:\/\/sylvie-edeline.com\/wp-content\/uploads\/2016\/09\/20160528_142439-768x432.jpg 768w, https:\/\/sylvie-edeline.com\/wp-content\/uploads\/2016\/09\/20160528_142439-1024x576.jpg 1024w, https:\/\/sylvie-edeline.com\/wp-content\/uploads\/2016\/09\/20160528_142439.jpg 1920w\" sizes=\"(max-width: 300px) 100vw, 300px\" \/><\/p>\n<p><img decoding=\"async\" loading=\"lazy\" class=\"size-medium wp-image-56 alignright\" src=\"http:\/\/sylvie-edeline.com\/wp-content\/uploads\/2016\/09\/20160528_142431-169x300.jpg\" alt=\"20160528_142431\" width=\"169\" height=\"300\" srcset=\"https:\/\/sylvie-edeline.com\/wp-content\/uploads\/2016\/09\/20160528_142431-169x300.jpg 169w, https:\/\/sylvie-edeline.com\/wp-content\/uploads\/2016\/09\/20160528_142431-768x1365.jpg 768w, https:\/\/sylvie-edeline.com\/wp-content\/uploads\/2016\/09\/20160528_142431-576x1024.jpg 576w, https:\/\/sylvie-edeline.com\/wp-content\/uploads\/2016\/09\/20160528_142431.jpg 1080w\" sizes=\"(max-width: 169px) 100vw, 169px\" \/><\/p>\n<p>&nbsp;<\/p>\n<p>&nbsp;<\/p>\n<p style=\"text-align: center;\"><strong>\u21d0Photo N\u00b03 \u00a0\u00a0<\/strong><\/p>\n<p style=\"text-align: center;\"><strong>\u00a0Photo N\u00b04\u21d2<\/strong><\/p>\n<p>&nbsp;<\/p>\n","protected":false},"excerpt":{"rendered":"<p>Un enfant tr\u00e8s courageux ! Ce tr\u00e8s jeune enfant a \u00e9t\u00e9 br\u00fbl\u00e9 avec l&rsquo;eau\u00a0fumante\u00a0d&rsquo;une tasse de th\u00e9 lorsqu&rsquo;il \u00e9tait sur les genoux de sa grand-m\u00e8re. A la demande des parents,d\u00e8s qu&rsquo;ils m&rsquo;ont pr\u00e9venu\u00a0de cet accident domestique, j&rsquo;ai travaill\u00e9 \u00e0 distance pour arr\u00eater la douleur.\u00a0Photo N\u00b01 envoy\u00e9e par la maman pour me permettre de le magn\u00e9tiser. [&hellip;]<\/p>\n","protected":false},"author":1,"featured_media":0,"parent":0,"menu_order":0,"comment_status":"closed","ping_status":"closed","template":"","meta":[],"_links":{"self":[{"href":"https:\/\/sylvie-edeline.com\/index.php\/wp-json\/wp\/v2\/pages\/673"}],"collection":[{"href":"https:\/\/sylvie-edeline.com\/index.php\/wp-json\/wp\/v2\/pages"}],"about":[{"href":"https:\/\/sylvie-edeline.com\/index.php\/wp-json\/wp\/v2\/types\/page"}],"author":[{"embeddable":true,"href":"https:\/\/sylvie-edeline.com\/index.php\/wp-json\/wp\/v2\/users\/1"}],"replies":[{"embeddable":true,"href":"https:\/\/sylvie-edeline.com\/index.php\/wp-json\/wp\/v2\/comments?post=673"}],"version-history":[{"count":15,"href":"https:\/\/sylvie-edeline.com\/index.php\/wp-json\/wp\/v2\/pages\/673\/revisions"}],"predecessor-version":[{"id":1338,"href":"https:\/\/sylvie-edeline.com\/index.php\/wp-json\/wp\/v2\/pages\/673\/revisions\/1338"}],"wp:attachment":[{"href":"https:\/\/sylvie-edeline.com\/index.php\/wp-json\/wp\/v2\/media?parent=673"}],"curies":[{"name":"wp","href":"https:\/\/api.w.org\/{rel}","templated":true}]}}