{"id":691,"date":"2016-09-14T23:26:24","date_gmt":"2016-09-14T22:26:24","guid":{"rendered":"http:\/\/sylvie-edeline.com\/?page_id=691"},"modified":"2016-09-20T12:01:38","modified_gmt":"2016-09-20T11:01:38","slug":"probleme-lie-a-la-nervosite","status":"publish","type":"page","link":"https:\/\/sylvie-edeline.com\/index.php\/probleme-lie-a-la-nervosite\/","title":{"rendered":"Probl\u00e8me li\u00e9 a la nervosit\u00e9"},"content":{"rendered":"<p>Voir les sous titres de la rubrique<\/p>\n<p>Soit dans le menu en haut dans le ruban, soit dans la colonne de droite.<\/p>\n<p>Bonne lecture<\/p>\n","protected":false},"excerpt":{"rendered":"<p>Voir les sous titres de la rubrique Soit dans le menu en haut dans le ruban, soit dans la colonne de droite. Bonne lecture<\/p>\n","protected":false},"author":1,"featured_media":0,"parent":0,"menu_order":0,"comment_status":"closed","ping_status":"closed","template":"","meta":[],"_links":{"self":[{"href":"https:\/\/sylvie-edeline.com\/index.php\/wp-json\/wp\/v2\/pages\/691"}],"collection":[{"href":"https:\/\/sylvie-edeline.com\/index.php\/wp-json\/wp\/v2\/pages"}],"about":[{"href":"https:\/\/sylvie-edeline.com\/index.php\/wp-json\/wp\/v2\/types\/page"}],"author":[{"embeddable":true,"href":"https:\/\/sylvie-edeline.com\/index.php\/wp-json\/wp\/v2\/users\/1"}],"replies":[{"embeddable":true,"href":"https:\/\/sylvie-edeline.com\/index.php\/wp-json\/wp\/v2\/comments?post=691"}],"version-history":[{"count":2,"href":"https:\/\/sylvie-edeline.com\/index.php\/wp-json\/wp\/v2\/pages\/691\/revisions"}],"predecessor-version":[{"id":930,"href":"https:\/\/sylvie-edeline.com\/index.php\/wp-json\/wp\/v2\/pages\/691\/revisions\/930"}],"wp:attachment":[{"href":"https:\/\/sylvie-edeline.com\/index.php\/wp-json\/wp\/v2\/media?parent=691"}],"curies":[{"name":"wp","href":"https:\/\/api.w.org\/{rel}","templated":true}]}}