{"id":770,"date":"2016-09-16T07:59:59","date_gmt":"2016-09-16T06:59:59","guid":{"rendered":"http:\/\/sylvie-edeline.com\/?page_id=770"},"modified":"2016-09-16T08:02:12","modified_gmt":"2016-09-16T07:02:12","slug":"psoriasis","status":"publish","type":"page","link":"https:\/\/sylvie-edeline.com\/index.php\/psoriasis\/","title":{"rendered":"Psoriasis"},"content":{"rendered":"<p>Manuscrit &#8211; 03.2016<\/p>\n<p>Sylvie<\/p>\n<p>Je souhaite vous remercier de tout c\u0153ur du temps et de l&rsquo;attention que vous avez bien voulu me consacrer.<\/p>\n<p>J&rsquo;ai pu m&rsquo;en remettre \u00e0 vous en toute confiance, ce qui m&rsquo;a beaucoup aid\u00e9. Je vais beaucoup mieux.<\/p>\n<p>Vous avez su m&rsquo;apporter le soulagement tant souhait\u00e9 avec une gu\u00e9rison. Le psoriasis avec des d\u00e9mangeaisons de feu qui ont disparues, une dizaine de verrues plantaires qui&rsquo; n&rsquo;ont pas pu \u00eatre soign\u00e9 par un dermatologie et vous avez su les faire partir.<\/p>\n<p>Encore tout mes remerciements et vous prie de croire, Sylvie en mon profond respect.<\/p>\n<p>C.L..<\/p>\n","protected":false},"excerpt":{"rendered":"<p>Manuscrit &#8211; 03.2016 Sylvie Je souhaite vous remercier de tout c\u0153ur du temps et de l&rsquo;attention que vous avez bien voulu me consacrer. J&rsquo;ai pu m&rsquo;en remettre \u00e0 vous en toute confiance, ce qui m&rsquo;a beaucoup aid\u00e9. Je vais beaucoup mieux. Vous avez su m&rsquo;apporter le soulagement tant souhait\u00e9 avec une gu\u00e9rison. Le psoriasis avec [&hellip;]<\/p>\n","protected":false},"author":1,"featured_media":0,"parent":0,"menu_order":0,"comment_status":"closed","ping_status":"closed","template":"","meta":[],"_links":{"self":[{"href":"https:\/\/sylvie-edeline.com\/index.php\/wp-json\/wp\/v2\/pages\/770"}],"collection":[{"href":"https:\/\/sylvie-edeline.com\/index.php\/wp-json\/wp\/v2\/pages"}],"about":[{"href":"https:\/\/sylvie-edeline.com\/index.php\/wp-json\/wp\/v2\/types\/page"}],"author":[{"embeddable":true,"href":"https:\/\/sylvie-edeline.com\/index.php\/wp-json\/wp\/v2\/users\/1"}],"replies":[{"embeddable":true,"href":"https:\/\/sylvie-edeline.com\/index.php\/wp-json\/wp\/v2\/comments?post=770"}],"version-history":[{"count":1,"href":"https:\/\/sylvie-edeline.com\/index.php\/wp-json\/wp\/v2\/pages\/770\/revisions"}],"predecessor-version":[{"id":771,"href":"https:\/\/sylvie-edeline.com\/index.php\/wp-json\/wp\/v2\/pages\/770\/revisions\/771"}],"wp:attachment":[{"href":"https:\/\/sylvie-edeline.com\/index.php\/wp-json\/wp\/v2\/media?parent=770"}],"curies":[{"name":"wp","href":"https:\/\/api.w.org\/{rel}","templated":true}]}}