{"id":772,"date":"2016-09-16T08:11:24","date_gmt":"2016-09-16T07:11:24","guid":{"rendered":"http:\/\/sylvie-edeline.com\/?page_id=772"},"modified":"2016-09-16T08:11:24","modified_gmt":"2016-09-16T07:11:24","slug":"asthme","status":"publish","type":"page","link":"https:\/\/sylvie-edeline.com\/index.php\/asthme\/","title":{"rendered":"Asthme"},"content":{"rendered":"<p>Manuscrit &#8211; 23.02.2016<\/p>\n<p>Depuis d\u00e9but 2008, \u00a0je me suis mise \u00e0 avoir l&rsquo;asthme du fumeur avec une tr\u00e8s grande crise (or je ne fume pas) avec un traitement tous les jours voire deux fois par jour de cortico\u00efde. J&rsquo;ai commenc\u00e9 les s\u00e9ances de magn\u00e9tisme avec Sylvie en 2014, depuis 2015, j&rsquo;ai ralenti mes prises de m\u00e9dicament et \u00e9t\u00e9 2015, j&rsquo;ai tout stopp\u00e9. Depuis elle intervient sur moi seulement si j&rsquo;ai pris froid avec un d\u00e9but de bronchite.<\/p>\n<p>En parall\u00e8le, mes pieds \u00e9taient tellement d\u00e9form\u00e9s que je ne pouvais plus me chausser. Ce fut assez long, mais ma vo\u00fbte plantaire a repris progressivement sa place et je peux maintenant me chausser et marcher avec mes chaussures sans revenir de faire mes courses pieds nus dans les rues m\u00eame en hiver.<\/p>\n<p>Je la remercie pour toutes ces grandes am\u00e9liorations pour mes pieds et la gu\u00e9rison de mon asthme<\/p>\n<p>V.L&#8230;<\/p>\n<p>&nbsp;<\/p>\n","protected":false},"excerpt":{"rendered":"<p>Manuscrit &#8211; 23.02.2016 Depuis d\u00e9but 2008, \u00a0je me suis mise \u00e0 avoir l&rsquo;asthme du fumeur avec une tr\u00e8s grande crise (or je ne fume pas) avec un traitement tous les jours voire deux fois par jour de cortico\u00efde. J&rsquo;ai commenc\u00e9 les s\u00e9ances de magn\u00e9tisme avec Sylvie en 2014, depuis 2015, j&rsquo;ai ralenti mes prises de [&hellip;]<\/p>\n","protected":false},"author":1,"featured_media":0,"parent":0,"menu_order":0,"comment_status":"closed","ping_status":"closed","template":"","meta":[],"_links":{"self":[{"href":"https:\/\/sylvie-edeline.com\/index.php\/wp-json\/wp\/v2\/pages\/772"}],"collection":[{"href":"https:\/\/sylvie-edeline.com\/index.php\/wp-json\/wp\/v2\/pages"}],"about":[{"href":"https:\/\/sylvie-edeline.com\/index.php\/wp-json\/wp\/v2\/types\/page"}],"author":[{"embeddable":true,"href":"https:\/\/sylvie-edeline.com\/index.php\/wp-json\/wp\/v2\/users\/1"}],"replies":[{"embeddable":true,"href":"https:\/\/sylvie-edeline.com\/index.php\/wp-json\/wp\/v2\/comments?post=772"}],"version-history":[{"count":1,"href":"https:\/\/sylvie-edeline.com\/index.php\/wp-json\/wp\/v2\/pages\/772\/revisions"}],"predecessor-version":[{"id":773,"href":"https:\/\/sylvie-edeline.com\/index.php\/wp-json\/wp\/v2\/pages\/772\/revisions\/773"}],"wp:attachment":[{"href":"https:\/\/sylvie-edeline.com\/index.php\/wp-json\/wp\/v2\/media?parent=772"}],"curies":[{"name":"wp","href":"https:\/\/api.w.org\/{rel}","templated":true}]}}