{"id":780,"date":"2016-09-16T11:17:51","date_gmt":"2016-09-16T10:17:51","guid":{"rendered":"http:\/\/sylvie-edeline.com\/?page_id=780"},"modified":"2018-03-20T10:10:53","modified_gmt":"2018-03-20T09:10:53","slug":"visions-eveillees","status":"publish","type":"page","link":"https:\/\/sylvie-edeline.com\/index.php\/visions-eveillees\/","title":{"rendered":"Visions \u00e9veill\u00e9es"},"content":{"rendered":"<p>Manuscrit &#8211; 11.07.2011<\/p>\n<p>Je souffre\u00a0\u00a0de \u00ab\u00a0visions \u00e9veill\u00e9es\u00a0\u00bb depuis toujours ou presque. Ces visions sont des sc\u00e8nes d&rsquo;horreur dans lesquelles les gens que j&rsquo;aime souffrent. Je n&rsquo;ai jamais pu m&rsquo;en d\u00e9barrasser, ni les contr\u00f4ler. Je les subis et elles s'\u00a0\u00bbimposent \u00e0 moi, en s&rsquo;auto alimentant. Cela me met dans un \u00e9tat d&rsquo;anxi\u00e9t\u00e9 et de stress extr\u00eame, moralement et psychologiquement, mais aussi physiquement.<\/p>\n<p>Aujourd&rsquo;hui, lors de la s\u00e9ance de magn\u00e9tisation, ce sujet a \u00e9t\u00e9 abord\u00e9 et mes angoisses ont pris le dessus<\/p>\n<p>Mme Bourgoin a alors d\u00e9cid\u00e9 de tenter une intervention radicale. J&rsquo;\u00e9tais allong\u00e9 sur la table, face au plafond et tout \u00e0 coup, c&rsquo;est comme si mon champs de vision s&rsquo;\u00e9tait modifi\u00e9. Auparavant, et sans en \u00eatre r\u00e9ellement consciente, je ne voyais\u00a0que la partie du plafond imm\u00e9diatement au dessus de moi et tres sombre, et tout \u00e0 coup, comme un ciel qui se d\u00e9gage apr\u00e8s l&rsquo;orage, le plafond \u00e9tait blanc, lumineux. Et non seulement \u00e7a, mais j&rsquo;\u00e9tais tout \u00e0 coup consciente de voir une plus grande surface de ce plafond, \u00e0 gauche et \u00e0 droite, comme si mon champ de vision <span style=\"text-decoration: underline;\">physique<\/span>\u00a0 s&rsquo;\u00e9tait tout \u00e0 coup \u00e9largit. En m\u00eame temps, je me suis sentie plus l\u00e9g\u00e8re et apais\u00e9e, de nouveau comme un ciel d\u00e9gag\u00e9 apr\u00e8s l&rsquo;orage violent et tumultueux, et que le soleil brille dans un ciel serein.<\/p>\n<p>Je voyais encore certaines images, mais elles ne m&rsquo;angoissaient plus et je pouvais m\u00eame les chasser, ce que je n&rsquo;avais jamais pu faire avant. Je me sens calme et j&rsquo;ai envie de sourire. Quel changement !!!<\/p>\n<p>Merci beaucoup<\/p>\n<p>&nbsp;<\/p>\n<p>&nbsp;<\/p>\n<p>&nbsp;<\/p>\n<p>&nbsp;<\/p>\n","protected":false},"excerpt":{"rendered":"<p>Manuscrit &#8211; 11.07.2011 Je souffre\u00a0\u00a0de \u00ab\u00a0visions \u00e9veill\u00e9es\u00a0\u00bb depuis toujours ou presque. Ces visions sont des sc\u00e8nes d&rsquo;horreur dans lesquelles les gens que j&rsquo;aime souffrent. Je n&rsquo;ai jamais pu m&rsquo;en d\u00e9barrasser, ni les contr\u00f4ler. Je les subis et elles s&rsquo;\u00a0\u00bbimposent \u00e0 moi, en s&rsquo;auto alimentant. Cela me met dans un \u00e9tat d&rsquo;anxi\u00e9t\u00e9 et de stress extr\u00eame, [&hellip;]<\/p>\n","protected":false},"author":1,"featured_media":0,"parent":0,"menu_order":0,"comment_status":"closed","ping_status":"closed","template":"","meta":[],"_links":{"self":[{"href":"https:\/\/sylvie-edeline.com\/index.php\/wp-json\/wp\/v2\/pages\/780"}],"collection":[{"href":"https:\/\/sylvie-edeline.com\/index.php\/wp-json\/wp\/v2\/pages"}],"about":[{"href":"https:\/\/sylvie-edeline.com\/index.php\/wp-json\/wp\/v2\/types\/page"}],"author":[{"embeddable":true,"href":"https:\/\/sylvie-edeline.com\/index.php\/wp-json\/wp\/v2\/users\/1"}],"replies":[{"embeddable":true,"href":"https:\/\/sylvie-edeline.com\/index.php\/wp-json\/wp\/v2\/comments?post=780"}],"version-history":[{"count":3,"href":"https:\/\/sylvie-edeline.com\/index.php\/wp-json\/wp\/v2\/pages\/780\/revisions"}],"predecessor-version":[{"id":1344,"href":"https:\/\/sylvie-edeline.com\/index.php\/wp-json\/wp\/v2\/pages\/780\/revisions\/1344"}],"wp:attachment":[{"href":"https:\/\/sylvie-edeline.com\/index.php\/wp-json\/wp\/v2\/media?parent=780"}],"curies":[{"name":"wp","href":"https:\/\/api.w.org\/{rel}","templated":true}]}}