{"id":782,"date":"2016-09-16T11:20:12","date_gmt":"2016-09-16T10:20:12","guid":{"rendered":"http:\/\/sylvie-edeline.com\/?page_id=782"},"modified":"2016-09-16T11:20:28","modified_gmt":"2016-09-16T10:20:28","slug":"visions-eveillees-suite","status":"publish","type":"page","link":"https:\/\/sylvie-edeline.com\/index.php\/visions-eveillees-suite\/","title":{"rendered":"Visions \u00e9veill\u00e9es &#8211; SUITE"},"content":{"rendered":"<p>Manuscrit &#8211; 15.12.2011<\/p>\n<p>&nbsp;<\/p>\n<p>Depuis cette s\u00e9ance, les visions reviennent encore parfois, mais je parviens \u00e0 les chasser, plus ou moins facilement. C&rsquo;est une v\u00e9ritable am\u00e9lioration de ma qualit\u00e9 de vie au quotidien. Merci encore.<\/p>\n<p>Reste \u00e0 travailler sur les peurs elles-m\u00eames, qui elles refusent de partir pour l&rsquo;instant &#8230;.<\/p>\n","protected":false},"excerpt":{"rendered":"<p>Manuscrit &#8211; 15.12.2011 &nbsp; Depuis cette s\u00e9ance, les visions reviennent encore parfois, mais je parviens \u00e0 les chasser, plus ou moins facilement. C&rsquo;est une v\u00e9ritable am\u00e9lioration de ma qualit\u00e9 de vie au quotidien. Merci encore. Reste \u00e0 travailler sur les peurs elles-m\u00eames, qui elles refusent de partir pour l&rsquo;instant &#8230;.<\/p>\n","protected":false},"author":1,"featured_media":0,"parent":0,"menu_order":0,"comment_status":"closed","ping_status":"closed","template":"","meta":[],"_links":{"self":[{"href":"https:\/\/sylvie-edeline.com\/index.php\/wp-json\/wp\/v2\/pages\/782"}],"collection":[{"href":"https:\/\/sylvie-edeline.com\/index.php\/wp-json\/wp\/v2\/pages"}],"about":[{"href":"https:\/\/sylvie-edeline.com\/index.php\/wp-json\/wp\/v2\/types\/page"}],"author":[{"embeddable":true,"href":"https:\/\/sylvie-edeline.com\/index.php\/wp-json\/wp\/v2\/users\/1"}],"replies":[{"embeddable":true,"href":"https:\/\/sylvie-edeline.com\/index.php\/wp-json\/wp\/v2\/comments?post=782"}],"version-history":[{"count":1,"href":"https:\/\/sylvie-edeline.com\/index.php\/wp-json\/wp\/v2\/pages\/782\/revisions"}],"predecessor-version":[{"id":783,"href":"https:\/\/sylvie-edeline.com\/index.php\/wp-json\/wp\/v2\/pages\/782\/revisions\/783"}],"wp:attachment":[{"href":"https:\/\/sylvie-edeline.com\/index.php\/wp-json\/wp\/v2\/media?parent=782"}],"curies":[{"name":"wp","href":"https:\/\/api.w.org\/{rel}","templated":true}]}}