{"id":784,"date":"2016-09-16T11:28:39","date_gmt":"2016-09-16T10:28:39","guid":{"rendered":"http:\/\/sylvie-edeline.com\/?page_id=784"},"modified":"2016-09-16T11:29:25","modified_gmt":"2016-09-16T10:29:25","slug":"phobies-sociales-dun-enfant-de-8ans","status":"publish","type":"page","link":"https:\/\/sylvie-edeline.com\/index.php\/phobies-sociales-dun-enfant-de-8ans\/","title":{"rendered":"Phobies sociales d&rsquo;un enfant de 8ans"},"content":{"rendered":"<p>Manuscrit 2015<\/p>\n<p>Merci Sylvie pour la respiration cela m&rsquo;aid\u00e9 \u00e0 ne plus avoir peur et j&rsquo;en ai appris d&rsquo;autres.<\/p>\n<p>Math\u00e9o L&#8230; 8 ans et demi<\/p>\n<p><span style=\"color: #008000;\">Cet enfant avait, suite aux attentats de Charlie, des peurs paniques qui le rendaient incapable de rester entour\u00e9 trop longtemps aussi bien\u00a0\u00e0 l&rsquo;\u00e9cole qu&rsquo;\u00e0 l\u2019ext\u00e9rieur . Il a tenu formellement \u00e0 t\u00e9moigner de la s\u00e9ance. Tr\u00e8s belle d\u00e9marche et troublante d\u00e9marche d&rsquo;un enfant dans l&rsquo;apprentissage \u00a0de l&rsquo;\u00e9criture.<\/span><\/p>\n","protected":false},"excerpt":{"rendered":"<p>Manuscrit 2015 Merci Sylvie pour la respiration cela m&rsquo;aid\u00e9 \u00e0 ne plus avoir peur et j&rsquo;en ai appris d&rsquo;autres. Math\u00e9o L&#8230; 8 ans et demi Cet enfant avait, suite aux attentats de Charlie, des peurs paniques qui le rendaient incapable de rester entour\u00e9 trop longtemps aussi bien\u00a0\u00e0 l&rsquo;\u00e9cole qu&rsquo;\u00e0 l\u2019ext\u00e9rieur . Il a tenu formellement [&hellip;]<\/p>\n","protected":false},"author":1,"featured_media":0,"parent":0,"menu_order":0,"comment_status":"closed","ping_status":"closed","template":"","meta":[],"_links":{"self":[{"href":"https:\/\/sylvie-edeline.com\/index.php\/wp-json\/wp\/v2\/pages\/784"}],"collection":[{"href":"https:\/\/sylvie-edeline.com\/index.php\/wp-json\/wp\/v2\/pages"}],"about":[{"href":"https:\/\/sylvie-edeline.com\/index.php\/wp-json\/wp\/v2\/types\/page"}],"author":[{"embeddable":true,"href":"https:\/\/sylvie-edeline.com\/index.php\/wp-json\/wp\/v2\/users\/1"}],"replies":[{"embeddable":true,"href":"https:\/\/sylvie-edeline.com\/index.php\/wp-json\/wp\/v2\/comments?post=784"}],"version-history":[{"count":1,"href":"https:\/\/sylvie-edeline.com\/index.php\/wp-json\/wp\/v2\/pages\/784\/revisions"}],"predecessor-version":[{"id":785,"href":"https:\/\/sylvie-edeline.com\/index.php\/wp-json\/wp\/v2\/pages\/784\/revisions\/785"}],"wp:attachment":[{"href":"https:\/\/sylvie-edeline.com\/index.php\/wp-json\/wp\/v2\/media?parent=784"}],"curies":[{"name":"wp","href":"https:\/\/api.w.org\/{rel}","templated":true}]}}