{"id":789,"date":"2016-09-17T23:32:41","date_gmt":"2016-09-17T22:32:41","guid":{"rendered":"http:\/\/sylvie-edeline.com\/?page_id=789"},"modified":"2016-09-17T23:32:41","modified_gmt":"2016-09-17T22:32:41","slug":"molluscums-2","status":"publish","type":"page","link":"https:\/\/sylvie-edeline.com\/index.php\/molluscums-2\/","title":{"rendered":"Molluscums"},"content":{"rendered":"<p>Manuscrit 06.2011<\/p>\n<p>Madame Bourgoin<\/p>\n<p>Nous avons laiss\u00e9 passer un peu de temps avant de venir vous tenir au courant de l\u2019\u00e9volution des molluscums de J.<\/p>\n<p>Comme nous vous l\u2019avions dit, nous avions d\u00e9cid\u00e9 de faire une nouvelle s\u00e9ance de curette chez le m\u00e9decin pour enlever les molluscums r\u00e9calcitrants et finalement depuis maintenant 2 mois, plus rien. Nous pensons qu\u2019ils \u00e9taient peut \u00eatre des molluscums \u00ab\u00a0souches\u00a0\u00bb et que tant qu\u2019ils \u00e9taient l\u00e0, le virus continuait \u00e0 s\u2019activer. N\u00e9anmoins, nous continuons \u00e0 \u00eatre vigilants et inspectons r\u00e9guli\u00e8rement la peau pour pouvoir agir au plus t\u00f4t en cas de r\u00e9cidive.<\/p>\n<p>Nous tenions \u00e0 vous remercier d\u2019avoir contribu\u00e9 \u00e0 ce r\u00e9sultat, car beaucoup, voire m\u00eame la plupart, sont partis suite \u00e0 vos s\u00e9ance, sans douleur ni cicatrice.<\/p>\n<p>En vous souhaitant une bonne continuation et en gardant vos coordonn\u00e9es au cas o\u00f9,<\/p>\n<p>Bien cordialement.<\/p>\n<p>S et X D\u2026..<\/p>\n<p>&nbsp;<\/p>\n","protected":false},"excerpt":{"rendered":"<p>Manuscrit 06.2011 Madame Bourgoin Nous avons laiss\u00e9 passer un peu de temps avant de venir vous tenir au courant de l\u2019\u00e9volution des molluscums de J. Comme nous vous l\u2019avions dit, nous avions d\u00e9cid\u00e9 de faire une nouvelle s\u00e9ance de curette chez le m\u00e9decin pour enlever les molluscums r\u00e9calcitrants et finalement depuis maintenant 2 mois, plus [&hellip;]<\/p>\n","protected":false},"author":1,"featured_media":0,"parent":0,"menu_order":0,"comment_status":"closed","ping_status":"closed","template":"","meta":[],"_links":{"self":[{"href":"https:\/\/sylvie-edeline.com\/index.php\/wp-json\/wp\/v2\/pages\/789"}],"collection":[{"href":"https:\/\/sylvie-edeline.com\/index.php\/wp-json\/wp\/v2\/pages"}],"about":[{"href":"https:\/\/sylvie-edeline.com\/index.php\/wp-json\/wp\/v2\/types\/page"}],"author":[{"embeddable":true,"href":"https:\/\/sylvie-edeline.com\/index.php\/wp-json\/wp\/v2\/users\/1"}],"replies":[{"embeddable":true,"href":"https:\/\/sylvie-edeline.com\/index.php\/wp-json\/wp\/v2\/comments?post=789"}],"version-history":[{"count":1,"href":"https:\/\/sylvie-edeline.com\/index.php\/wp-json\/wp\/v2\/pages\/789\/revisions"}],"predecessor-version":[{"id":790,"href":"https:\/\/sylvie-edeline.com\/index.php\/wp-json\/wp\/v2\/pages\/789\/revisions\/790"}],"wp:attachment":[{"href":"https:\/\/sylvie-edeline.com\/index.php\/wp-json\/wp\/v2\/media?parent=789"}],"curies":[{"name":"wp","href":"https:\/\/api.w.org\/{rel}","templated":true}]}}