{"id":791,"date":"2016-09-17T23:33:16","date_gmt":"2016-09-17T22:33:16","guid":{"rendered":"http:\/\/sylvie-edeline.com\/?page_id=791"},"modified":"2018-05-22T21:36:22","modified_gmt":"2018-05-22T20:36:22","slug":"perte-de-poids-et-fatigue","status":"publish","type":"page","link":"https:\/\/sylvie-edeline.com\/index.php\/perte-de-poids-et-fatigue\/","title":{"rendered":"Perte de Poids et fatigue"},"content":{"rendered":"<p>Manuscrit 27.08.2011\u00a0\u00a0\u00a0\u00a0\u00a0\u00a0\u00a0\u00a0\u00a0\u00a0\u00a0\u00a0\u00a0\u00a0\u00a0\u00a0\u00a0\u00a0\u00a0 PERTE DE POIDS ET FATIGUE<\/p>\n<p>&nbsp;<\/p>\n<p>D\u00e9sol\u00e9e par ce retard, mais voil\u00e0 le retour des vacances et la pr\u00e9paration de la rentr\u00e9e. Je suis venue vous voir au mois de Juillet pour une grande fatigue, un manque d\u2019app\u00e9tit, une perte de confiance en moi et une perte de poids importante m\u2019avait caus\u00e9 des probl\u00e8mes de sant\u00e9 et je sortais tout juste d\u2019un calcul \u00e0 l\u2019uret\u00e8re qui m\u2019avait amen\u00e9 \u00e0 consulter pendant 3 semaines beaucoup de m\u00e9decin\u00a0!!!<\/p>\n<p>Notre premier rendez-vous, j\u2019attendais beaucoup de votre part, je souhaitais vraiment que cela marche je ne savais pas tr\u00e8s bien o\u00f9 j\u2019en \u00e9tais.<\/p>\n<p>La premi\u00e8re fois, nous avons beaucoup parl\u00e9 et pendant la consultation, j\u2019ai ressenti un bien \u00eatre, ma t\u00eate se vidait au fur et \u00e0 mesure, une d\u00e9contraction s\u2019installait, j\u2019ai pleur\u00e9, vous m\u2019avez \u00e9cout\u00e9, comprise.<\/p>\n<p>Apr\u00e8s cette s\u00e9ance, j\u2019\u00e9tais \u00e9puis\u00e9e. J\u2019ai dormi l\u2019apr\u00e8s midi et nous devions nous revoir 3 semaines apr\u00e8s avant mon d\u00e9part en vacances.<\/p>\n<p>En 3 semaines, beaucoup de choses se sont produites, des bonnes et des mauvaises, mais qui m\u2019ont fait avance. J\u2019ai pris 2 kilos en 3 semaines, et l\u00e0 est apparue apr\u00e8s la fatigue, la col\u00e8re. Je ne sais pas trop comment l\u2019exprimer mais j\u2019avais l\u2019impression de m\u2019\u00eatre prise en main de m\u2019occuper davantage de moi et de m\u2019affirmer beaucoup plus.<\/p>\n<p>La derni\u00e8re s\u00e9ance m\u2019avait servi \u00e0 canaliser cette col\u00e8re et \u00e0 continuer \u00e0 prendre confiance en moi. Vous m\u2019avez mis devant mes propres choix. Vous m\u2019avez donn\u00e9 \u00e9norm\u00e9ment de conseils, cela m\u2019a beaucoup servi.<\/p>\n<p>Depuis nos deux r.d.v, j\u2019ai pris 6 kilos\u00a0!!!!!<\/p>\n<p>Je me sens beaucoup mieux dans ma peau. Je suis en train de prendre des d\u00e9cisions pour ma vie professionnelle\u00a0; et pour ma vie de famille aussi. Je ne suis plus fatigu\u00e9e, j\u2019arrive a retravailler sans m\u2019\u00e9crouler de fatigue apr\u00e8s. Je me sens plus solide et je laisse de cot\u00e9 tout ce qui peut me nuire. Je vais \u00e0 l\u2019essentiel.<\/p>\n<p>Je m\u2019occupe davantage de mon \u00ab\u00a0chez moi\u00a0\u00bb et je laisse le reste se faire au fur et \u00e0 mesure.<\/p>\n<p>Tout \u00e7a GRAVE A VOUS\u00a0!!! Je vous dois beaucoup et je sais que si j\u2019ai un souci, je peux compter sur vous et je ne manquerais pas de venir vous voir.<\/p>\n<p>Merci encore pour votre \u00e9coute, votre attention et votre compr\u00e9hension ainsi que votre travail qui m\u2019a permise de m\u2019en sortir.<\/p>\n<p>Amicalement<\/p>\n<p>C.H\u2026<\/p>\n","protected":false},"excerpt":{"rendered":"<p>Manuscrit 27.08.2011\u00a0\u00a0\u00a0\u00a0\u00a0\u00a0\u00a0\u00a0\u00a0\u00a0\u00a0\u00a0\u00a0\u00a0\u00a0\u00a0\u00a0\u00a0\u00a0 PERTE DE POIDS ET FATIGUE &nbsp; D\u00e9sol\u00e9e par ce retard, mais voil\u00e0 le retour des vacances et la pr\u00e9paration de la rentr\u00e9e. Je suis venue vous voir au mois de Juillet pour une grande fatigue, un manque d\u2019app\u00e9tit, une perte de confiance en moi et une perte de poids importante m\u2019avait caus\u00e9 des [&hellip;]<\/p>\n","protected":false},"author":1,"featured_media":0,"parent":0,"menu_order":0,"comment_status":"closed","ping_status":"closed","template":"","meta":[],"_links":{"self":[{"href":"https:\/\/sylvie-edeline.com\/index.php\/wp-json\/wp\/v2\/pages\/791"}],"collection":[{"href":"https:\/\/sylvie-edeline.com\/index.php\/wp-json\/wp\/v2\/pages"}],"about":[{"href":"https:\/\/sylvie-edeline.com\/index.php\/wp-json\/wp\/v2\/types\/page"}],"author":[{"embeddable":true,"href":"https:\/\/sylvie-edeline.com\/index.php\/wp-json\/wp\/v2\/users\/1"}],"replies":[{"embeddable":true,"href":"https:\/\/sylvie-edeline.com\/index.php\/wp-json\/wp\/v2\/comments?post=791"}],"version-history":[{"count":3,"href":"https:\/\/sylvie-edeline.com\/index.php\/wp-json\/wp\/v2\/pages\/791\/revisions"}],"predecessor-version":[{"id":1370,"href":"https:\/\/sylvie-edeline.com\/index.php\/wp-json\/wp\/v2\/pages\/791\/revisions\/1370"}],"wp:attachment":[{"href":"https:\/\/sylvie-edeline.com\/index.php\/wp-json\/wp\/v2\/media?parent=791"}],"curies":[{"name":"wp","href":"https:\/\/api.w.org\/{rel}","templated":true}]}}