{"id":793,"date":"2016-09-17T23:33:52","date_gmt":"2016-09-17T22:33:52","guid":{"rendered":"http:\/\/sylvie-edeline.com\/?page_id=793"},"modified":"2016-09-17T23:33:52","modified_gmt":"2016-09-17T22:33:52","slug":"recherche-de-personne","status":"publish","type":"page","link":"https:\/\/sylvie-edeline.com\/index.php\/recherche-de-personne\/","title":{"rendered":"Recherche de Personne"},"content":{"rendered":"<p>Manuscrit\u00a0\u00a0\u00a0 06.2007<\/p>\n<p>&nbsp;<\/p>\n<p>Le 08 Juillet 2007, j\u2019ai sollicit\u00e9 Sylvie Edeline car ma belle m\u00e8re atteinte de la maladie d\u2019Alzheimer a fait une fugue pour la premi\u00e8re fois. Alors que mon mari et moi \u00e9tions occup\u00e9s, ma belle m\u00e8re est sortie de la maison et nous avons pris conscience environ 30 minutes apr\u00e8s.<\/p>\n<p>A l\u2019aide de nos voisins, nous avons sillonn\u00e9 \u00e0 v\u00e9lo et en voiture, les rues avoisinantes \u00e0 1km \u00e0 la ronde, sachant que ma belle m\u00e8re \u00e9tait assez alerte et marchait bien. Nous avons \u00e9galement jug\u00e9 prudent d\u2019alerte la gendarmerie.*Ces premi\u00e8res explorations \u00e9tant vaines, j\u2019ai contact\u00e9 Sylvie au t\u00e9l\u00e9phone, en lui demandant si elle acceptait de nous aider, pour savoir dans quelle direction nous devions orienter nos recherches. Aussit\u00f4t \u00e0 l\u2019aide de son pendule et du plan de notre commune sur internet, (nous habitons \u00e0 400kms l\u2019une de l\u2019autre) elle a fait sa recherche. Rapidement en quelques minutes, elle m\u2019a propos\u00e9 une direction et un nom de rue.<\/p>\n<p>Mon fils et mon voisin qui avaient d\u00e9j\u00e0 explor\u00e9 ce secteur y sont retourn\u00e9s et ont aussit\u00f4t retrouv\u00e9 ma belle m\u00e8re qui d\u00e9ambulait dans le d\u00e9dale des petites rues du lotissement voisin. Ils ont ramen\u00e9 ma belle m\u00e8re qui ne semblait avoir aucune conscience de ces 2h30 pass\u00e9es hors de la maison. Nous l\u2019avons ensuite raccompagn\u00e9 \u00e0 la maison de retraite.<\/p>\n<p>Pour la pr\u00e9sente, nous exprimons toute notre gratitude \u00e0 Sylvie Edeline qui par son efficacit\u00e9 nous a \u00e9vit\u00e9 des heures suppl\u00e9mentaires de stress.<\/p>\n<p>J.L\u2026 et G.D\u2026<\/p>\n","protected":false},"excerpt":{"rendered":"<p>Manuscrit\u00a0\u00a0\u00a0 06.2007 &nbsp; Le 08 Juillet 2007, j\u2019ai sollicit\u00e9 Sylvie Edeline car ma belle m\u00e8re atteinte de la maladie d\u2019Alzheimer a fait une fugue pour la premi\u00e8re fois. Alors que mon mari et moi \u00e9tions occup\u00e9s, ma belle m\u00e8re est sortie de la maison et nous avons pris conscience environ 30 minutes apr\u00e8s. A l\u2019aide [&hellip;]<\/p>\n","protected":false},"author":1,"featured_media":0,"parent":0,"menu_order":0,"comment_status":"closed","ping_status":"closed","template":"","meta":[],"_links":{"self":[{"href":"https:\/\/sylvie-edeline.com\/index.php\/wp-json\/wp\/v2\/pages\/793"}],"collection":[{"href":"https:\/\/sylvie-edeline.com\/index.php\/wp-json\/wp\/v2\/pages"}],"about":[{"href":"https:\/\/sylvie-edeline.com\/index.php\/wp-json\/wp\/v2\/types\/page"}],"author":[{"embeddable":true,"href":"https:\/\/sylvie-edeline.com\/index.php\/wp-json\/wp\/v2\/users\/1"}],"replies":[{"embeddable":true,"href":"https:\/\/sylvie-edeline.com\/index.php\/wp-json\/wp\/v2\/comments?post=793"}],"version-history":[{"count":1,"href":"https:\/\/sylvie-edeline.com\/index.php\/wp-json\/wp\/v2\/pages\/793\/revisions"}],"predecessor-version":[{"id":794,"href":"https:\/\/sylvie-edeline.com\/index.php\/wp-json\/wp\/v2\/pages\/793\/revisions\/794"}],"wp:attachment":[{"href":"https:\/\/sylvie-edeline.com\/index.php\/wp-json\/wp\/v2\/media?parent=793"}],"curies":[{"name":"wp","href":"https:\/\/api.w.org\/{rel}","templated":true}]}}