{"id":795,"date":"2016-09-17T23:34:28","date_gmt":"2016-09-17T22:34:28","guid":{"rendered":"http:\/\/sylvie-edeline.com\/?page_id=795"},"modified":"2016-09-17T23:34:28","modified_gmt":"2016-09-17T22:34:28","slug":"genou-douloureux","status":"publish","type":"page","link":"https:\/\/sylvie-edeline.com\/index.php\/genou-douloureux\/","title":{"rendered":"Genou douloureux"},"content":{"rendered":"<p>Manuscrit 2007<\/p>\n<p>Je me suis vu soulag\u00e9 par Sylvie Edeline suite \u00e0 2 appels t\u00e9l\u00e9phoniques en juillet 2007. Je souffrais de mon genou droit, je marchais avec une genouill\u00e8re articul\u00e9e, de jour comme de nuit.<\/p>\n<p>J\u2019ai envoy\u00e9 une photo de moi \u00e0 Mme Edeline, elle m\u2019a appel\u00e9 au t\u00e9l\u00e9phone. Pendant son appel, j\u2019ai ressenti des fourmillements dans mon genou malade. Elle m\u2019a dit beaucoup de choses sur ma sant\u00e9. Elles \u00e9taient toutes vraies (stress, mal \u00e0 la cheville, probl\u00e8me c\u0153ur\u2026) La nuit d\u2019apr\u00e8s, j\u2019ai dormi comme un vrai b\u00e9b\u00e9 et maintenant, je ne prends plus de genouill\u00e8res. Je vais \u00e0 la chasse sans ressentir mon genou droit. Encore merci pour ce r\u00e9sultat.<\/p>\n<p>J.P B\u2026<\/p>\n","protected":false},"excerpt":{"rendered":"<p>Manuscrit 2007 Je me suis vu soulag\u00e9 par Sylvie Edeline suite \u00e0 2 appels t\u00e9l\u00e9phoniques en juillet 2007. Je souffrais de mon genou droit, je marchais avec une genouill\u00e8re articul\u00e9e, de jour comme de nuit. J\u2019ai envoy\u00e9 une photo de moi \u00e0 Mme Edeline, elle m\u2019a appel\u00e9 au t\u00e9l\u00e9phone. Pendant son appel, j\u2019ai ressenti des [&hellip;]<\/p>\n","protected":false},"author":1,"featured_media":0,"parent":0,"menu_order":0,"comment_status":"closed","ping_status":"closed","template":"","meta":[],"_links":{"self":[{"href":"https:\/\/sylvie-edeline.com\/index.php\/wp-json\/wp\/v2\/pages\/795"}],"collection":[{"href":"https:\/\/sylvie-edeline.com\/index.php\/wp-json\/wp\/v2\/pages"}],"about":[{"href":"https:\/\/sylvie-edeline.com\/index.php\/wp-json\/wp\/v2\/types\/page"}],"author":[{"embeddable":true,"href":"https:\/\/sylvie-edeline.com\/index.php\/wp-json\/wp\/v2\/users\/1"}],"replies":[{"embeddable":true,"href":"https:\/\/sylvie-edeline.com\/index.php\/wp-json\/wp\/v2\/comments?post=795"}],"version-history":[{"count":1,"href":"https:\/\/sylvie-edeline.com\/index.php\/wp-json\/wp\/v2\/pages\/795\/revisions"}],"predecessor-version":[{"id":796,"href":"https:\/\/sylvie-edeline.com\/index.php\/wp-json\/wp\/v2\/pages\/795\/revisions\/796"}],"wp:attachment":[{"href":"https:\/\/sylvie-edeline.com\/index.php\/wp-json\/wp\/v2\/media?parent=795"}],"curies":[{"name":"wp","href":"https:\/\/api.w.org\/{rel}","templated":true}]}}