{"id":834,"date":"2016-09-18T21:44:26","date_gmt":"2016-09-18T20:44:26","guid":{"rendered":"http:\/\/sylvie-edeline.com\/?page_id=834"},"modified":"2016-09-18T21:51:43","modified_gmt":"2016-09-18T20:51:43","slug":"zona-au-pied","status":"publish","type":"page","link":"https:\/\/sylvie-edeline.com\/index.php\/zona-au-pied\/","title":{"rendered":"Zona au pied"},"content":{"rendered":"<p>&nbsp;<\/p>\n<p><img decoding=\"async\" loading=\"lazy\" class=\"size-medium wp-image-833 alignright\" src=\"http:\/\/sylvie-edeline.com\/wp-content\/uploads\/2016\/09\/zona-pied-225x300.jpg\" alt=\"zona-pied\" width=\"225\" height=\"300\" srcset=\"https:\/\/sylvie-edeline.com\/wp-content\/uploads\/2016\/09\/zona-pied-225x300.jpg 225w, https:\/\/sylvie-edeline.com\/wp-content\/uploads\/2016\/09\/zona-pied-768x1024.jpg 768w, https:\/\/sylvie-edeline.com\/wp-content\/uploads\/2016\/09\/zona-pied-690x920.jpg 690w, https:\/\/sylvie-edeline.com\/wp-content\/uploads\/2016\/09\/zona-pied-980x1307.jpg 980w\" sizes=\"(max-width: 225px) 100vw, 225px\" \/><\/p>\n<p>Zona au pied droit<\/p>\n<p>Travail \u00e0 distance le lundi pour arr\u00eater le zona car impossible de se voir, Le samedi qui a suivi le patient est venu au cabinet, le zona \u00e9tait d\u00e9j\u00e0 en voie de r\u00e9gression.<\/p>\n<p>&nbsp;<\/p>\n","protected":false},"excerpt":{"rendered":"<p>&nbsp; Zona au pied droit Travail \u00e0 distance le lundi pour arr\u00eater le zona car impossible de se voir, Le samedi qui a suivi le patient est venu au cabinet, le zona \u00e9tait d\u00e9j\u00e0 en voie de r\u00e9gression. &nbsp;<\/p>\n","protected":false},"author":1,"featured_media":0,"parent":0,"menu_order":0,"comment_status":"closed","ping_status":"closed","template":"","meta":[],"_links":{"self":[{"href":"https:\/\/sylvie-edeline.com\/index.php\/wp-json\/wp\/v2\/pages\/834"}],"collection":[{"href":"https:\/\/sylvie-edeline.com\/index.php\/wp-json\/wp\/v2\/pages"}],"about":[{"href":"https:\/\/sylvie-edeline.com\/index.php\/wp-json\/wp\/v2\/types\/page"}],"author":[{"embeddable":true,"href":"https:\/\/sylvie-edeline.com\/index.php\/wp-json\/wp\/v2\/users\/1"}],"replies":[{"embeddable":true,"href":"https:\/\/sylvie-edeline.com\/index.php\/wp-json\/wp\/v2\/comments?post=834"}],"version-history":[{"count":4,"href":"https:\/\/sylvie-edeline.com\/index.php\/wp-json\/wp\/v2\/pages\/834\/revisions"}],"predecessor-version":[{"id":838,"href":"https:\/\/sylvie-edeline.com\/index.php\/wp-json\/wp\/v2\/pages\/834\/revisions\/838"}],"wp:attachment":[{"href":"https:\/\/sylvie-edeline.com\/index.php\/wp-json\/wp\/v2\/media?parent=834"}],"curies":[{"name":"wp","href":"https:\/\/api.w.org\/{rel}","templated":true}]}}