{"id":840,"date":"2016-09-18T22:02:09","date_gmt":"2016-09-18T21:02:09","guid":{"rendered":"http:\/\/sylvie-edeline.com\/?page_id=840"},"modified":"2018-08-22T15:21:15","modified_gmt":"2018-08-22T14:21:15","slug":"verrue","status":"publish","type":"page","link":"https:\/\/sylvie-edeline.com\/index.php\/verrue\/","title":{"rendered":"Verrue"},"content":{"rendered":"<p style=\"text-align: center;\">Verrue trait\u00e9e 2 fois. Elle est tomb\u00e9e \u00e0 l&rsquo;issue de la 1\u00e8re s\u00e9ance.<\/p>\n<p>&nbsp;<\/p>\n<p><img decoding=\"async\" loading=\"lazy\" class=\" wp-image-829 alignleft\" src=\"http:\/\/sylvie-edeline.com\/wp-content\/uploads\/2016\/09\/20140905_220636-300x225.jpg\" alt=\"20140905_220636\" width=\"300\" height=\"225\" srcset=\"https:\/\/sylvie-edeline.com\/wp-content\/uploads\/2016\/09\/20140905_220636-300x225.jpg 300w, https:\/\/sylvie-edeline.com\/wp-content\/uploads\/2016\/09\/20140905_220636-768x576.jpg 768w, https:\/\/sylvie-edeline.com\/wp-content\/uploads\/2016\/09\/20140905_220636-1024x768.jpg 1024w, https:\/\/sylvie-edeline.com\/wp-content\/uploads\/2016\/09\/20140905_220636-690x518.jpg 690w, https:\/\/sylvie-edeline.com\/wp-content\/uploads\/2016\/09\/20140905_220636-980x735.jpg 980w\" sizes=\"(max-width: 300px) 100vw, 300px\" \/><\/p>\n<p><img decoding=\"async\" loading=\"lazy\" class=\"size-medium wp-image-830 alignright\" src=\"http:\/\/sylvie-edeline.com\/wp-content\/uploads\/2016\/09\/20140905_220718-300x225.jpg\" alt=\"20140905_220718\" width=\"300\" height=\"225\" srcset=\"https:\/\/sylvie-edeline.com\/wp-content\/uploads\/2016\/09\/20140905_220718-300x225.jpg 300w, https:\/\/sylvie-edeline.com\/wp-content\/uploads\/2016\/09\/20140905_220718-768x576.jpg 768w, https:\/\/sylvie-edeline.com\/wp-content\/uploads\/2016\/09\/20140905_220718-1024x768.jpg 1024w, https:\/\/sylvie-edeline.com\/wp-content\/uploads\/2016\/09\/20140905_220718-690x518.jpg 690w, https:\/\/sylvie-edeline.com\/wp-content\/uploads\/2016\/09\/20140905_220718-980x735.jpg 980w\" sizes=\"(max-width: 300px) 100vw, 300px\" \/><\/p>\n<p>&nbsp;<\/p>\n<p>&nbsp;<\/p>\n<p>&nbsp;<\/p>\n<p>&nbsp;<\/p>\n<p>&nbsp;<\/p>\n<p>&nbsp;<\/p>\n<p>&nbsp;<\/p>\n<p>&nbsp;<\/p>\n<p style=\"text-align: center;\">Photo prise lors de la 2\u00e8me s\u00e9ance. Le trou se comblera rapidement.<\/p>\n<p>&nbsp;<\/p>\n<p><img decoding=\"async\" loading=\"lazy\" class=\" wp-image-832 alignnone\" src=\"http:\/\/sylvie-edeline.com\/wp-content\/uploads\/2016\/09\/20150220_203524-300x225.jpg\" alt=\"20150220_203524\" width=\"300\" height=\"225\" srcset=\"https:\/\/sylvie-edeline.com\/wp-content\/uploads\/2016\/09\/20150220_203524-300x225.jpg 300w, https:\/\/sylvie-edeline.com\/wp-content\/uploads\/2016\/09\/20150220_203524-768x576.jpg 768w, https:\/\/sylvie-edeline.com\/wp-content\/uploads\/2016\/09\/20150220_203524-1024x768.jpg 1024w, https:\/\/sylvie-edeline.com\/wp-content\/uploads\/2016\/09\/20150220_203524-690x518.jpg 690w, https:\/\/sylvie-edeline.com\/wp-content\/uploads\/2016\/09\/20150220_203524-980x735.jpg 980w\" sizes=\"(max-width: 300px) 100vw, 300px\" \/><img decoding=\"async\" loading=\"lazy\" class=\"wp-image-831 size-medium alignright\" src=\"http:\/\/sylvie-edeline.com\/wp-content\/uploads\/2016\/09\/20141120_202453-300x225.jpg\" alt=\"20141120_202453\" width=\"300\" height=\"225\" srcset=\"https:\/\/sylvie-edeline.com\/wp-content\/uploads\/2016\/09\/20141120_202453-300x225.jpg 300w, https:\/\/sylvie-edeline.com\/wp-content\/uploads\/2016\/09\/20141120_202453-768x576.jpg 768w, https:\/\/sylvie-edeline.com\/wp-content\/uploads\/2016\/09\/20141120_202453-1024x768.jpg 1024w, https:\/\/sylvie-edeline.com\/wp-content\/uploads\/2016\/09\/20141120_202453-690x518.jpg 690w, https:\/\/sylvie-edeline.com\/wp-content\/uploads\/2016\/09\/20141120_202453-980x735.jpg 980w\" sizes=\"(max-width: 300px) 100vw, 300px\" \/><\/p>\n<figure id=\"attachment_1581\" aria-describedby=\"caption-attachment-1581\" style=\"width: 441px\" class=\"wp-caption aligncenter\"><a href=\"http:\/\/sylvie-edeline.com\/wp-content\/uploads\/2018\/08\/20150822_112254.jpg\"><img decoding=\"async\" loading=\"lazy\" class=\"wp-image-1581 \" src=\"http:\/\/sylvie-edeline.com\/wp-content\/uploads\/2018\/08\/20150822_112254-300x225.jpg\" alt=\"\" width=\"441\" height=\"331\" srcset=\"https:\/\/sylvie-edeline.com\/wp-content\/uploads\/2018\/08\/20150822_112254-300x225.jpg 300w, https:\/\/sylvie-edeline.com\/wp-content\/uploads\/2018\/08\/20150822_112254-768x576.jpg 768w, https:\/\/sylvie-edeline.com\/wp-content\/uploads\/2018\/08\/20150822_112254-1024x768.jpg 1024w, https:\/\/sylvie-edeline.com\/wp-content\/uploads\/2018\/08\/20150822_112254-690x518.jpg 690w, https:\/\/sylvie-edeline.com\/wp-content\/uploads\/2018\/08\/20150822_112254-980x735.jpg 980w\" sizes=\"(max-width: 441px) 100vw, 441px\" \/><\/a><figcaption id=\"caption-attachment-1581\" class=\"wp-caption-text\">Comme on peut le constater, il n y a plus rien<\/figcaption><\/figure>\n","protected":false},"excerpt":{"rendered":"<p>Verrue trait\u00e9e 2 fois. Elle est tomb\u00e9e \u00e0 l&rsquo;issue de la 1\u00e8re s\u00e9ance. &nbsp; &nbsp; &nbsp; &nbsp; &nbsp; &nbsp; &nbsp; &nbsp; &nbsp; Photo prise lors de la 2\u00e8me s\u00e9ance. Le trou se comblera rapidement. &nbsp;<\/p>\n","protected":false},"author":1,"featured_media":0,"parent":0,"menu_order":0,"comment_status":"closed","ping_status":"closed","template":"","meta":[],"_links":{"self":[{"href":"https:\/\/sylvie-edeline.com\/index.php\/wp-json\/wp\/v2\/pages\/840"}],"collection":[{"href":"https:\/\/sylvie-edeline.com\/index.php\/wp-json\/wp\/v2\/pages"}],"about":[{"href":"https:\/\/sylvie-edeline.com\/index.php\/wp-json\/wp\/v2\/types\/page"}],"author":[{"embeddable":true,"href":"https:\/\/sylvie-edeline.com\/index.php\/wp-json\/wp\/v2\/users\/1"}],"replies":[{"embeddable":true,"href":"https:\/\/sylvie-edeline.com\/index.php\/wp-json\/wp\/v2\/comments?post=840"}],"version-history":[{"count":7,"href":"https:\/\/sylvie-edeline.com\/index.php\/wp-json\/wp\/v2\/pages\/840\/revisions"}],"predecessor-version":[{"id":1686,"href":"https:\/\/sylvie-edeline.com\/index.php\/wp-json\/wp\/v2\/pages\/840\/revisions\/1686"}],"wp:attachment":[{"href":"https:\/\/sylvie-edeline.com\/index.php\/wp-json\/wp\/v2\/media?parent=840"}],"curies":[{"name":"wp","href":"https:\/\/api.w.org\/{rel}","templated":true}]}}