{"id":88,"date":"2016-09-09T10:31:54","date_gmt":"2016-09-09T09:31:54","guid":{"rendered":"http:\/\/sylvie-edeline.com\/?page_id=88"},"modified":"2025-03-03T17:31:40","modified_gmt":"2025-03-03T16:31:40","slug":"contacts","status":"publish","type":"page","link":"https:\/\/sylvie-edeline.com\/index.php\/contacts\/","title":{"rendered":"COORDONNEES"},"content":{"rendered":"<h1 style=\"text-align: center;\"><\/h1>\n<h2 style=\"text-align: center;\"><strong><span style=\"color: #000000;\">\u00a0<span style=\"color: #000000;\"><span style=\"vertical-align: inherit;\"><span style=\"vertical-align: inherit;\"><span style=\"vertical-align: inherit;\"><span style=\"vertical-align: inherit;\">06.31.12.44.22<\/span><\/span><\/span><\/span><\/span><\/span><\/strong><\/h2>\n<h2 style=\"text-align: center;\"><strong><span style=\"color: #000000;\"><span style=\"vertical-align: inherit;\">236 Rue des Cordelles <\/span><\/span><\/strong><\/h2>\n<h2 style=\"text-align: center;\"><strong><span style=\"color: #000000;\"><span style=\"vertical-align: inherit;\">45560 St Denis en Val<\/span><\/span><\/strong><\/h2>\n<h3 style=\"text-align: left;\"><span style=\"color: #008000;\"><span style=\"vertical-align: inherit;\"><span style=\"vertical-align: inherit;\"><span style=\"vertical-align: inherit;\"><span style=\"vertical-align: inherit;\">Pour le confort de chacun, je ne r\u00e9ponds pas au t\u00e9l\u00e9phone pendant les s\u00e9ances.<\/span><\/span><\/span><\/span><\/span><\/h3>\n<h3 style=\"text-align: left;\"><span style=\"color: #008000;\"><span style=\"vertical-align: inherit;\"><span style=\"vertical-align: inherit;\"><span style=\"vertical-align: inherit;\"><span style=\"vertical-align: inherit;\">Aussi, je vous invite \u00e0 laisser un message o\u00f9 vous m&rsquo;expliquerez succinctement votre besoin.<\/span><\/span><\/span><\/span><\/span><\/h3>\n<h3 style=\"text-align: left;\"><span style=\"color: #008000;\"><span style=\"vertical-align: inherit;\"><span style=\"vertical-align: inherit;\"><span style=\"vertical-align: inherit;\"><span style=\"vertical-align: inherit;\">Je vous rappellerai tr\u00e8s rapidement pour convenir ensemble d&rsquo;un RDV adapt\u00e9.<\/span><\/span><\/span><\/span><\/span><\/h3>\n<h4 style=\"text-align: center;\"><strong>\u2234<\/strong><\/h4>\n<h4 style=\"text-align: center;\"><strong><span style=\"color: #3366ff;\"><em><a style=\"color: #3366ff;\" href=\"https:\/\/fr.mappy.com\/plan#\/236%20Rue%20des%20Cordelles%2C%2045560%20Saint-Denis-en-Val\" target=\"_blank\" rel=\"noopener noreferrer\">Situation\u00a0\u00a0G\u00e9ographique\u00a0sur Mappy (cliquez sur ce lien)<\/a><\/em><\/span><\/strong><\/h4>\n<h4 style=\"text-align: center;\"><strong>\u2234<\/strong><\/h4>\n<h4 style=\"text-align: center;\"><strong><span style=\"color: #3366ff;\"><em>Comment s\u2019y rendre en bus SETAO:<\/em><\/span><\/strong><\/h4>\n<h4><strong>Ligne 16 (entre arr\u00eats chalet et espace culturel)<\/strong><\/h4>\n<h4><strong>Ligne 5 (arr\u00eat Cornaill\u00e8re puis environ 500m \u00e0 pied).<\/strong><\/h4>\n<h4 style=\"text-align: center;\"><strong>\u2234<\/strong><\/h4>\n<h4 style=\"text-align: center;\"><strong><span style=\"color: #3366ff;\"><em>Comment s\u2019y rendre en transport ind\u00e9pendant\u00a0 :<\/em><\/span><\/strong><\/h4>\n<h4><strong>~~\u00a0 <\/strong>Venant d\u2019Orl\u00e9ans<strong>, via St Jean le Blanc centre ou venant du pont Thinat,\u00a0\u00a0<\/strong><\/h4>\n<h4><strong>Aller en direction de Sandillon.\u00a0Apr\u00e8s le pont Thinat,\u00a0\u00a0au deuxi\u00e8me carrefour avec feux tricolores, prendre la rue Creuse (celle du coll\u00e8ge\u00a0\u00a0Jacques Pr\u00e9vert).<\/strong><\/h4>\n<blockquote>\n<h4><em>ou<\/em><\/h4>\n<\/blockquote>\n<h4><strong>~~\u00a0 <\/strong>Venant de Sandillon<strong>, passer devant le Clos de l\u2019Arche, Intermarch\u00e9 ou Truffaut, aller\u00a0\u00a0en direction d\u2019Orl\u00e9ans. Prendre le premier carrefour \u00e9tant seulement orient\u00e9 vers la droite, indiquant le coll\u00e8ge Jacques Pr\u00e9vert.<\/strong><\/h4>\n<blockquote>\n<h4><em>Puis dans les 2 cas<\/em><\/h4>\n<\/blockquote>\n<h4><strong>Prendre la rue du Coll\u00e8ge Jacques Pr\u00e9vert (Rue Creuse)<\/strong><\/h4>\n<h4><strong>Au rond point, prendre la rue des Cordelles (premi\u00e8re sortie).<\/strong><\/h4>\n<h4><strong>A environ 1.5Km, vous verrez un petit square sur votre droite, restez sur cette voie. Un peu plus loin, vous trouverez un banc, un panneau 50 et une borne d&rsquo;incendie sur le trottoir (quasiment au bourg). Mon cabinet est dans la maison en face du banc.<\/strong><\/h4>\n<h4><strong>La sonnette \u00e9tant capricieuse,\u00a0 dirigez-vous vers la salle d\u2019attente situ\u00e9e dans une petite v\u00e9randa.\u00a0<\/strong><\/h4>\n<h4><strong>Bienvenue !<\/strong><\/h4>\n<h4 style=\"text-align: center;\"><strong><span style=\"color: #000000;\"><span style=\"vertical-align: inherit;\"><span style=\"vertical-align: inherit;\"><span style=\"vertical-align: inherit;\"><span style=\"vertical-align: inherit;\">Par mail: edebourg@orange.fr<\/span><\/span><\/span><\/span><\/span><\/strong><\/h4>\n<h4 style=\"text-align: center;\"><strong><span style=\"vertical-align: inherit;\"><span style=\"vertical-align: inherit;\"><span style=\"vertical-align: inherit;\"><span style=\"vertical-align: inherit;\">Site: sylvie-edeline.com<\/span><\/span><\/span><\/span><\/strong><\/h4>\n","protected":false},"excerpt":{"rendered":"<p>\u00a006.31.12.44.22 236 Rue des Cordelles 45560 St Denis en Val Pour le confort de chacun, je ne r\u00e9ponds pas au t\u00e9l\u00e9phone pendant les s\u00e9ances. Aussi, je vous invite \u00e0 laisser un message o\u00f9 vous m&rsquo;expliquerez succinctement votre besoin. Je vous rappellerai tr\u00e8s rapidement pour convenir ensemble d&rsquo;un RDV adapt\u00e9. \u2234 Situation\u00a0\u00a0G\u00e9ographique\u00a0sur Mappy (cliquez sur ce [&hellip;]<\/p>\n","protected":false},"author":1,"featured_media":0,"parent":0,"menu_order":0,"comment_status":"closed","ping_status":"closed","template":"","meta":[],"_links":{"self":[{"href":"https:\/\/sylvie-edeline.com\/index.php\/wp-json\/wp\/v2\/pages\/88"}],"collection":[{"href":"https:\/\/sylvie-edeline.com\/index.php\/wp-json\/wp\/v2\/pages"}],"about":[{"href":"https:\/\/sylvie-edeline.com\/index.php\/wp-json\/wp\/v2\/types\/page"}],"author":[{"embeddable":true,"href":"https:\/\/sylvie-edeline.com\/index.php\/wp-json\/wp\/v2\/users\/1"}],"replies":[{"embeddable":true,"href":"https:\/\/sylvie-edeline.com\/index.php\/wp-json\/wp\/v2\/comments?post=88"}],"version-history":[{"count":61,"href":"https:\/\/sylvie-edeline.com\/index.php\/wp-json\/wp\/v2\/pages\/88\/revisions"}],"predecessor-version":[{"id":2102,"href":"https:\/\/sylvie-edeline.com\/index.php\/wp-json\/wp\/v2\/pages\/88\/revisions\/2102"}],"wp:attachment":[{"href":"https:\/\/sylvie-edeline.com\/index.php\/wp-json\/wp\/v2\/media?parent=88"}],"curies":[{"name":"wp","href":"https:\/\/api.w.org\/{rel}","templated":true}]}}