{"id":922,"date":"2016-09-20T11:55:01","date_gmt":"2016-09-20T10:55:01","guid":{"rendered":"http:\/\/sylvie-edeline.com\/?page_id=922"},"modified":"2016-09-20T11:56:36","modified_gmt":"2016-09-20T10:56:36","slug":"chien-et-chenilles-processionnaires","status":"publish","type":"page","link":"https:\/\/sylvie-edeline.com\/index.php\/chien-et-chenilles-processionnaires\/","title":{"rendered":"Chien ayant mang\u00e9 des chenilles processionnaires"},"content":{"rendered":"<p>Sms le 08.01.2016<\/p>\n<p>Chien qui a mang\u00e9 des chenilles processionnaires<\/p>\n<p>&nbsp;<\/p>\n<p>Bonsoir,<\/p>\n<p>Je tenais avant tout \u00e0 vous remercier pour votre gentillesse et votre efficacit\u00e9.<\/p>\n<p>Nous vous avons emmen\u00e9 Lino, notre chien, le 22 D\u00e9cembre car il avait mang\u00e9 des chenilles processionnaires.<\/p>\n<p>L&rsquo;apr\u00e8s midi m\u00eame des taches apparaissaient sur sa langue et avaient disparues le soir \u00e0 votre contact, elles sont r\u00e9apparues pendant 2 jours puis plus rien.<\/p>\n<p>Il n&rsquo;a aucune s\u00e9quelle et est sauv\u00e9.<\/p>\n<p>Je vous remercie de tout coeur<\/p>\n<p>K.M&#8230;<\/p>\n","protected":false},"excerpt":{"rendered":"<p>Sms le 08.01.2016 Chien qui a mang\u00e9 des chenilles processionnaires &nbsp; Bonsoir, Je tenais avant tout \u00e0 vous remercier pour votre gentillesse et votre efficacit\u00e9. Nous vous avons emmen\u00e9 Lino, notre chien, le 22 D\u00e9cembre car il avait mang\u00e9 des chenilles processionnaires. L&rsquo;apr\u00e8s midi m\u00eame des taches apparaissaient sur sa langue et avaient disparues le [&hellip;]<\/p>\n","protected":false},"author":1,"featured_media":0,"parent":0,"menu_order":0,"comment_status":"closed","ping_status":"closed","template":"","meta":[],"_links":{"self":[{"href":"https:\/\/sylvie-edeline.com\/index.php\/wp-json\/wp\/v2\/pages\/922"}],"collection":[{"href":"https:\/\/sylvie-edeline.com\/index.php\/wp-json\/wp\/v2\/pages"}],"about":[{"href":"https:\/\/sylvie-edeline.com\/index.php\/wp-json\/wp\/v2\/types\/page"}],"author":[{"embeddable":true,"href":"https:\/\/sylvie-edeline.com\/index.php\/wp-json\/wp\/v2\/users\/1"}],"replies":[{"embeddable":true,"href":"https:\/\/sylvie-edeline.com\/index.php\/wp-json\/wp\/v2\/comments?post=922"}],"version-history":[{"count":2,"href":"https:\/\/sylvie-edeline.com\/index.php\/wp-json\/wp\/v2\/pages\/922\/revisions"}],"predecessor-version":[{"id":925,"href":"https:\/\/sylvie-edeline.com\/index.php\/wp-json\/wp\/v2\/pages\/922\/revisions\/925"}],"wp:attachment":[{"href":"https:\/\/sylvie-edeline.com\/index.php\/wp-json\/wp\/v2\/media?parent=922"}],"curies":[{"name":"wp","href":"https:\/\/api.w.org\/{rel}","templated":true}]}}