{"id":94,"date":"2016-09-09T10:34:01","date_gmt":"2016-09-09T09:34:01","guid":{"rendered":"http:\/\/sylvie-edeline.com\/?page_id=94"},"modified":"2025-03-03T17:13:05","modified_gmt":"2025-03-03T16:13:05","slug":"ma-pratique","status":"publish","type":"page","link":"https:\/\/sylvie-edeline.com\/index.php\/ma-pratique\/","title":{"rendered":"S\u00e9ance de Magn\u00e9tisme"},"content":{"rendered":"<h3 style=\"text-align: center;\"><em><span style=\"color: #008000;\"><strong>D\u00e9roulement d&rsquo;une s\u00e9ance de Magn\u00e9tisme<\/strong><\/span><\/em><\/h3>\n<p style=\"text-align: center;\"><strong><em>Echange verbal sur les besoins de la s\u00e9ance.<\/em><\/strong><\/p>\n<p style=\"text-align: center;\"><strong><em>Ecoute du corps et plus particuli\u00e8rement de la zone pour laquelle vous venez me voir.<\/em><\/strong><\/p>\n<p style=\"text-align: center;\"><strong><em>Travail de d\u00e9blocage de la zone concern\u00e9e et harmonisation\u00a0 avec le reste du corps.<\/em><\/strong><\/p>\n<p style=\"text-align: center;\"><strong><em>R\u00e9\u00e9quilibrage des centres d\u2019\u00e9nergie afin que le corps retrouve sa pl\u00e9nitude.<\/em><\/strong><\/p>\n<p style=\"text-align: center;\"><strong><em>Int\u00e9gration de l\u2019apaisement et travail de recentrage<\/em><\/strong><\/p>\n<p style=\"text-align: center;\"><strong><em>Bilan de la s\u00e9ance.<\/em><\/strong><\/p>\n<p style=\"text-align: center;\"><strong><em>Indication sur l\u2019utilisation de l\u2019eau et\/ou du coton<\/em><\/strong><\/p>\n<p><img decoding=\"async\" loading=\"lazy\" class=\"size-medium wp-image-117 alignright\" src=\"http:\/\/sylvie-edeline.com\/wp-content\/uploads\/2016\/09\/cropped-mains-retouchee-300x144.jpg\" alt=\"cropped-mains-retouchee.jpg\" width=\"300\" height=\"144\" srcset=\"https:\/\/sylvie-edeline.com\/wp-content\/uploads\/2016\/09\/cropped-mains-retouchee-300x144.jpg 300w, https:\/\/sylvie-edeline.com\/wp-content\/uploads\/2016\/09\/cropped-mains-retouchee-768x368.jpg 768w, https:\/\/sylvie-edeline.com\/wp-content\/uploads\/2016\/09\/cropped-mains-retouchee-1024x490.jpg 1024w, https:\/\/sylvie-edeline.com\/wp-content\/uploads\/2016\/09\/cropped-mains-retouchee.jpg 1499w\" sizes=\"(max-width: 300px) 100vw, 300px\" \/><\/p>\n<p><span style=\"color: #000000;\"><span style=\"color: #000000;\">Aucune tenue sp\u00e9cifique\u00a0ne vous est impos\u00e9e. Vous resterez habill\u00e9 durant celle-ci.\u00a0<\/span><\/span><\/p>\n<p><span style=\"color: #000000;\">Je pose mes mains par dessus vos v\u00eatements, mais je peux aussi \u00eatre amen\u00e9e \u00e0 travailler sans vous toucher. Parfois s&rsquo;il y a\u00a0 n\u00e9cessit\u00e9 , avec votre accord, je pourrais vous masser et donc vous demander de quitter un v\u00eatement (t<\/span><span style=\"color: #000000;\">ee-shirt, pantalon).<br \/>\n<\/span><\/p>\n<p><span style=\"color: #000000;\">Selon vos possibilit\u00e9s et le besoin lors de la s\u00e9ance, vous serez allong\u00e9 sur ma table de massage ou assis sur un tabouret.<\/span><\/p>\n<p><span style=\"color: #000000;\"><span style=\"color: #000000;\">Des coussins, couverture ou voile l\u00e9ger sont \u00e0<\/span> disposition pour votre confort.<\/span><\/p>\n<p><span style=\"color: #000000;\">\u00a0Ici rien n&rsquo;est ferm\u00e9. Nous pourrons aborder tous les sujets. Vous pourrez parler sans crainte de jugement ou vous taire si tel est votre choix.<\/span><\/p>\n<p><span style=\"color: #000000;\">Mon but, notre but commun est de\u00a0vous apporter un mieux \u00eatre quel que soit le mal que vous ayez. Malheureusement n&rsquo;\u00e9tant pas pourvue de baguette magique, je ne soulage pas tous les maux. Pour vous \u00e9clairer, consultez les rubriques : t\u00e9moignages, photos ou champs d&rsquo;action.<\/span><\/p>\n","protected":false},"excerpt":{"rendered":"<p>D\u00e9roulement d&rsquo;une s\u00e9ance de Magn\u00e9tisme Echange verbal sur les besoins de la s\u00e9ance. Ecoute du corps et plus particuli\u00e8rement de la zone pour laquelle vous venez me voir. Travail de d\u00e9blocage de la zone concern\u00e9e et harmonisation\u00a0 avec le reste du corps. R\u00e9\u00e9quilibrage des centres d\u2019\u00e9nergie afin que le corps retrouve sa pl\u00e9nitude. Int\u00e9gration de [&hellip;]<\/p>\n","protected":false},"author":1,"featured_media":0,"parent":0,"menu_order":0,"comment_status":"closed","ping_status":"closed","template":"","meta":[],"_links":{"self":[{"href":"https:\/\/sylvie-edeline.com\/index.php\/wp-json\/wp\/v2\/pages\/94"}],"collection":[{"href":"https:\/\/sylvie-edeline.com\/index.php\/wp-json\/wp\/v2\/pages"}],"about":[{"href":"https:\/\/sylvie-edeline.com\/index.php\/wp-json\/wp\/v2\/types\/page"}],"author":[{"embeddable":true,"href":"https:\/\/sylvie-edeline.com\/index.php\/wp-json\/wp\/v2\/users\/1"}],"replies":[{"embeddable":true,"href":"https:\/\/sylvie-edeline.com\/index.php\/wp-json\/wp\/v2\/comments?post=94"}],"version-history":[{"count":45,"href":"https:\/\/sylvie-edeline.com\/index.php\/wp-json\/wp\/v2\/pages\/94\/revisions"}],"predecessor-version":[{"id":2099,"href":"https:\/\/sylvie-edeline.com\/index.php\/wp-json\/wp\/v2\/pages\/94\/revisions\/2099"}],"wp:attachment":[{"href":"https:\/\/sylvie-edeline.com\/index.php\/wp-json\/wp\/v2\/media?parent=94"}],"curies":[{"name":"wp","href":"https:\/\/api.w.org\/{rel}","templated":true}]}}